{"id":1919,"date":"2017-12-13T16:22:44","date_gmt":"2017-12-13T16:22:44","guid":{"rendered":"https:\/\/macewen.ca\/privacy-policy\/"},"modified":"2024-10-03T16:05:35","modified_gmt":"2024-10-03T20:05:35","slug":"avis-de-non-responsabilite-et-politique-de-confidentialite","status":"publish","type":"page","link":"https:\/\/macewen.ca\/fr\/avis-de-non-responsabilite-et-politique-de-confidentialite\/","title":{"rendered":"Avis de non-responsabilit\u00e9 et politique de confidentialit\u00e9"},"content":{"rendered":"<p>[et_pb_section bb_built=\u00a0\u00bb1&Prime;][et_pb_row][et_pb_column type=\u00a0\u00bb4_4&Prime;][et_pb_text _builder_version=\u00a0\u00bb3.0.98&Prime; background_layout=\u00a0\u00bblight\u00a0\u00bb]<\/p>\n<p>REMARQUE\u00a0: Veuillez lire l\u2019avertissement qui suit au complet avant d\u2019utiliser notre site Web.<\/p>\n<p>Aux fins du pr\u00e9sent avertissement,\u00a0<strong>MacEwen Petroleum Inc.<\/strong>\u00a0sera d\u00e9sign\u00e9e \u00ab\u00a0LA SOCI\u00c9T\u00c9\u00a0\u00bb.<\/p>\n<h2>Avis g\u00e9n\u00e9ral d\u2019exon\u00e9ration de responsabilit\u00e9<\/h2>\n<p>LE SERVICE ET LE CONTENU OBTENU DU PR\u00c9SENT SITE OU EN PROVENANT SONT FOURNIS \u00ab\u00a0TELS QUELS\u00a0\u00bb, \u00ab\u00a0SELON LA DISPONIBILIT\u00c9\u00a0\u00bb, ET TOUTES LES GARANTIES, EXPLICITES OU IMPLICITES, SONT D\u00c9CLIN\u00c9ES (Y COMPRIS, SANS S\u2019Y LIMITER, L\u2019AVIS D\u2019EXON\u00c9RATION DE RESPONSABILIT\u00c9 DE TOUTES GARANTIES IMPLICITES DE QUALIT\u00c9 MARCHANDE ET D\u2019ADAPTATION \u00c0 UN USAGE PARTICULIER). LES RENSEIGNEMENTS FIGURANT DANS LE PR\u00c9SENT SITE PEUVENT CONTENIR DES BOGUES, DES ERREURS, DES PROBL\u00c8MES OU D\u2019AUTRES RESTRICTIONS. LE PROPRI\u00c9TAIRE DU PR\u00c9SENT SITE N\u2019ACCEPTE AUCUNE OBLIGATION OU RESPONSABILIT\u00c9 POUR TOUTES ERREURS OU OMISSIONS AU CONTENU.<\/p>\n<p>L\u2019utilisateur accepte d\u2019indemniser le propri\u00e9taire et ses associ\u00e9s, les conc\u00e9dants de licence, les fournisseurs du contenu et des services, les \u00e9diteurs participants, les auteurs, les concessionnaires et les fournisseurs de toutes responsabilit\u00e9s, pertes, revendications et d\u00e9penses, y compris les frais et les honoraires d\u2019avocat, li\u00e9s \u00e0 la violation de cette entente par l\u2019utilisateur ou \u00e0 l\u2019utilisation du pr\u00e9sent site Web, et de les en exon\u00e9rer.<\/p>\n<p>Toute responsabilit\u00e9 ou obligation pour tout dommage caus\u00e9 par des virus contenus dans les fichiers \u00e9lectroniques ou sur le site est rejet\u00e9e.<\/p>\n<p><strong>Hyperliens<\/strong><\/p>\n<p>Le pr\u00e9sent site offre des liens vers d\u2019autres sites Internet. Ces liens ne sont pas une approbation des produits ou services offerts dans ces sites, et aucun renseignement dans ces sites n\u2019a \u00e9t\u00e9 approuv\u00e9 par la SOCI\u00c9T\u00c9.<\/p>\n<p><strong>Documentation<\/strong><\/p>\n<p>Les remarques, suggestions, id\u00e9es, graphiques ou tout autre renseignement communiqu\u00e9 \u00e0 la SOCI\u00c9T\u00c9 au moyen du pr\u00e9sent site (collectivement, la \u00ab\u00a0documentation\u00a0\u00bb) deviendront \u00e0 tout jamais la propri\u00e9t\u00e9 de la SOCI\u00c9T\u00c9. La SOCI\u00c9T\u00c9 ne sera tenue de traiter aucune documentation \u00e0 titre confidentiel, et ne sera tenue responsable d\u2019aucune id\u00e9e lanc\u00e9e dans le cadre de ses op\u00e9rations (y compris, sans s\u2019y limiter, les id\u00e9es de produit ou de publicit\u00e9) et n\u2019assumera aucune responsabilit\u00e9 d\u00e9coulant de similarit\u00e9s qui pourraient survenir relativement \u00e0 des produits ou \u00e0 des op\u00e9rations futures de la SOCI\u00c9T\u00c9. La SOCI\u00c9T\u00c9 aura la propri\u00e9t\u00e9 exclusive de tous les droits existants relativement \u00e0 la documentation, pr\u00e9sents et futurs, de toute nature et de tout caract\u00e8re, et ce partout et sans restriction. La SOCI\u00c9T\u00c9 aura le droit d\u2019utiliser la documentation \u00e0 toutes fins commerciales ou \u00e0 toutes autres fins de quelque nature que ce soit, sans qu\u2019aucune indemnit\u00e9 ne soit vers\u00e9e \u00e0 vous-m\u00eame ou \u00e0 toute autre personne lui acheminant la documentation. Vous reconnaissez que vous \u00eates responsable de toute documentation que vous nous remettez, et que vous, et non la SOCI\u00c9T\u00c9, \u00eates pleinement responsable du message, y compris de sa l\u00e9galit\u00e9, de sa fiabilit\u00e9, de sa pertinence, de son originalit\u00e9 et des droits d\u2019auteur qui y sont li\u00e9s.<\/p>\n<h2>Politique de confidentialit\u00e9<\/h2>\n<p>Nous respectons la vie priv\u00e9e de toute personne qui visite le pr\u00e9sent site Web. Nous aimerions donc vous informer de la fa\u00e7on dont nous utilisons vos donn\u00e9es personnelles. Nous vous recommandons de lire la pr\u00e9sente politique de confidentialit\u00e9 pour comprendre notre approche quant \u00e0 l\u2019utilisation de vos donn\u00e9es personnelles.<\/p>\n<p>Lorsque vous nous soumettez vos donn\u00e9es personnelles, nous consid\u00e9rons que vous nous avez donn\u00e9 une permission, au besoin, relativement aux divulgations mentionn\u00e9es dans la pr\u00e9sente politique. En aucun cas la soci\u00e9t\u00e9 ne vendra, ne distribuera et ne divulguera autrement les renseignements personnels ou les listes de contacts \u00e0 des tiers. Toutefois, une divulgation limit\u00e9e peut \u00eatre requise pour permettre \u00e0 la soci\u00e9t\u00e9 d\u2019assumer ses fonctions commerciales \u00e9nonc\u00e9es et ses activit\u00e9s quotidiennes. Il peut s\u2019agir de consultants, de fournisseurs ou de partenaires d\u2019affaires de la soci\u00e9t\u00e9, mais uniquement si ces parties se conforment \u00e0 la pr\u00e9sente politique de confidentialit\u00e9, dans la mesure n\u00e9cessaire pour assumer leurs propres fonctions commerciales et activit\u00e9s quotidiennes.<\/p>\n<p>Soyez assur\u00e9 que nous n\u2019utiliserons pas vos renseignements \u00e0 quelque fin que ce soit si vous avez indiqu\u00e9 que vous ne souhaitez pas que nous les utilisions lorsque vous transmettez les renseignements ou \u00e0 une \u00e9tape ult\u00e9rieure.<\/p>\n<p><strong>Collecte de renseignements de nature non personnelle<\/strong><\/p>\n<p>Il se peut que nous recueillions automatiquement des renseignements de nature non personnelle \u00e0 votre sujet, comme le type de navigateur Internet que vous utilisez ou le site Web \u00e0 partir duquel vous vous \u00eates connect\u00e9 \u00e0 notre site\u00a0Web. Nous pouvons \u00e9galement recueillir des d\u00e9tails que vous avez pr\u00e9sent\u00e9s au site (par exemple votre \u00e2ge et la ville o\u00f9 vous habitez). Ces renseignements ne peuvent pas permettre de vous identifier et ils seront utilis\u00e9s uniquement afin de nous aider \u00e0 vous offrir un service efficace dans le pr\u00e9sent site Web. Nous pouvons \u00e0 l\u2019occasion fournir des renseignements de nature non personnelle ou des donn\u00e9es recueillies \u00e0 des tiers pour qu\u2019ils les utilisent relativement au pr\u00e9sent site Web.<\/p>\n<p>Nous avons mis en \u0153uvre une technologie et des politiques dans le but de prot\u00e9ger votre vie priv\u00e9e contre l\u2019acc\u00e8s non autoris\u00e9 et l\u2019utilisation incorrecte, et nous mettrons \u00e0 jour ces mesures d\u00e8s qu\u2019une nouvelle technologie sera disponible, le cas \u00e9ch\u00e9ant.<\/p>\n<p>[\/et_pb_text][\/et_pb_column][\/et_pb_row][\/et_pb_section]<\/p>\n","protected":false},"excerpt":{"rendered":"<p>REMARQUE\u00a0:&#8230;<\/p>\n","protected":false},"author":17,"featured_media":0,"parent":0,"menu_order":0,"comment_status":"closed","ping_status":"closed","template":"","meta":{"_et_pb_use_builder":"on","_et_pb_old_content":"<p>NOTE: Please read this disclaimer in its entirety before using our web site.<\/p><p>For the purpose of this disclaimer,\u00a0<strong>MacEwen Petroleum Inc.<\/strong>\u00a0will be referred to as \"The COMPANY\"<\/p><h2>General Disclaimer of Liability<\/h2><p>THE SERVICE AND CONTENT FROM OR THROUGH THIS SITE ARE PROVIDED \"AS-IS,\" \"AS AVAILABLE,\" AND ALL WARRANTIES, EXPRESS OR IMPLIED, ARE DISCLAIMED (INCLUDING BUT NOT LIMITED TO THE DISCLAIMER OF ANY IMPLIED WARRANTIES OF MERCHANTABILITY AND FITNESS FOR A PARTICULAR PURPOSE). THE INFORMATION HEREIN MAY CONTAIN BUGS, ERRORS, PROBLEMS OR OTHER LIMITATIONS. THE OWNER OF THIS SITE ASSUMES NO LIABILITY OR RESPONSIBILITY FOR ANY ERRORS OR OMISSIONS IN THE CONTENT CONTAINED ON THIS SITE.<\/p><p>User agrees to indemnify, defend and hold Owner and its affiliates, licensors, content and service providers, participating publishers, authors, dealers, and suppliers harmless from any liability, loss, claim, and expense, including lawyer's fees and expenses, related to a User's violation of this Agreement or use of the Web site.<\/p><p>All responsibility or liability for any damages caused by viruses contained within the electronic files or at the site is disclaimed.<\/p><p><strong>Hyperlinks<\/strong><\/p><p>This site contains links to other Internet sites. Such links are not endorsements of any products or services in such sites, and no information in such site has been endorsed or approved by the COMPANY.<\/p><p><strong>Submissions<\/strong><\/p><p>All remarks, suggestions, ideas, graphics, or other information communicated to the COMPANY through this site (collectively, the \"Submission\") will forever be the property of the COMPANY. The COMPANY will not be required to treat any Submission as confidential, and will not be liable for any ideas for its business (including without limitation, product or advertising ideas) and will not incur any liability as a result of any similarities that may appear in future products or operations of the COMPANY. Without limitation, the COMPANY will have exclusive ownership of all present and future existing rights to the Submission of every kind and nature everywhere. The COMPANY will be entitled to use the Submission for any commercial or other purpose whatsoever, without compensation to you or any other person sending the Submission. You acknowledge that you are responsible for whatever material you submit, and you, not the COMPANY, have full responsibility for the message, including its legality, reliability, appropriateness, originality, and copyright.<\/p><h2><strong>Privacy Policy<\/strong><\/h2><p>We respect the privacy of everyone who visits this website. As a result we would like to inform you regarding the way we would use your personal data. We recommend you to read this privacy policy so that you understand our approach towards the use of your personal data.<\/p><p>By submitting your personal data to us, you will be treated as having given your permission - where necessary and appropriate - for disclosures referred to in this policy. Under no circumstances will\u00a0The Company\u00a0sell, distribute, or otherwise disclose personal information or contact lists to third parties. However, limited disclosure may be required as part of\u00a0The Company\u00a0fulfilling its stated business duties and day-to-day operations. This may include consultants, suppliers, or business partners of\u00a0the Company, but only with the understanding that these parties obey and abide by this Privacy Policy, to the extent necessary of fulfilling their own business duties and day-to-day operations.<\/p><p>Please be assured that we will not use your information for any purposes if you have indicated that you do not wish us to use your information in this way when submitting the information or at a later stage.<\/p><ul><li><strong>Collection of non-personal information<\/strong><\/li><\/ul><ul><li><strong>Security of your personal data<\/strong><\/li><\/ul><p>We may automatically collect non-personal information about you such as the type of internet browsers you use or the website from which you linked to our website. We may also aggregate details which you have submitted to the site (for example, your age and the town where you live). You cannot be identified from this information and it is only used to assist us in providing an effective service on this web site. We may from time to time supply third parties with this non-personal or aggregated data for uses in connection with this website.<\/p><p>We have implemented technology and policies with the objective of protecting your privacy from unauthorized access and improper use and will update these measures as new technology becomes available, as appropriate.<\/p>","_et_gb_content_width":"","footnotes":""},"class_list":["post-1919","page","type-page","status-publish","hentry"],"yoast_head":"<!-- This site is optimized with the Yoast SEO plugin v27.5 - https:\/\/yoast.com\/product\/yoast-seo-wordpress\/ -->\n<title>Avis de non-responsabilit\u00e9 et politique de confidentialit\u00e9 - MacEwen Petroleum Inc<\/title>\n<meta name=\"description\" content=\"Consultez notre politique de confidentialit\u00e9 et notre avis de non-responsabilit\u00e9 pour en savoir plus sur la protection de vos donn\u00e9es personnelles chez MacEwen.\" \/>\n<meta name=\"robots\" content=\"index, follow, max-snippet:-1, max-image-preview:large, max-video-preview:-1\" \/>\n<link rel=\"canonical\" href=\"https:\/\/macewen.ca\/fr\/avis-de-non-responsabilite-et-politique-de-confidentialite\/\" \/>\n<meta property=\"og:locale\" content=\"fr_FR\" \/>\n<meta property=\"og:type\" content=\"article\" \/>\n<meta property=\"og:title\" content=\"Avis de non-responsabilit\u00e9 et politique de confidentialit\u00e9 - MacEwen Petroleum Inc\" \/>\n<meta property=\"og:description\" content=\"Consultez notre politique de confidentialit\u00e9 et notre avis de non-responsabilit\u00e9 pour en savoir plus sur la protection de vos donn\u00e9es personnelles chez MacEwen.\" \/>\n<meta property=\"og:url\" content=\"https:\/\/macewen.ca\/fr\/avis-de-non-responsabilite-et-politique-de-confidentialite\/\" \/>\n<meta property=\"og:site_name\" content=\"MacEwen Petroleum Inc\" \/>\n<meta property=\"article:modified_time\" content=\"2024-10-03T20:05:35+00:00\" \/>\n<meta name=\"twitter:card\" content=\"summary_large_image\" \/>\n<meta name=\"twitter:label1\" content=\"Dur\u00e9e de lecture estim\u00e9e\" \/>\n\t<meta name=\"twitter:data1\" content=\"4 minutes\" \/>\n<script type=\"application\/ld+json\" class=\"yoast-schema-graph\">{\"@context\":\"https:\\\/\\\/schema.org\",\"@graph\":[{\"@type\":\"WebPage\",\"@id\":\"https:\\\/\\\/macewen.ca\\\/fr\\\/avis-de-non-responsabilite-et-politique-de-confidentialite\\\/\",\"url\":\"https:\\\/\\\/macewen.ca\\\/fr\\\/avis-de-non-responsabilite-et-politique-de-confidentialite\\\/\",\"name\":\"Avis de non-responsabilit\u00e9 et politique de confidentialit\u00e9 - MacEwen Petroleum Inc\",\"isPartOf\":{\"@id\":\"https:\\\/\\\/macewen.ca\\\/fr\\\/#website\"},\"datePublished\":\"2017-12-13T16:22:44+00:00\",\"dateModified\":\"2024-10-03T20:05:35+00:00\",\"description\":\"Consultez notre politique de confidentialit\u00e9 et notre avis de non-responsabilit\u00e9 pour en savoir plus sur la protection de vos donn\u00e9es personnelles chez MacEwen.\",\"breadcrumb\":{\"@id\":\"https:\\\/\\\/macewen.ca\\\/fr\\\/avis-de-non-responsabilite-et-politique-de-confidentialite\\\/#breadcrumb\"},\"inLanguage\":\"fr-FR\",\"potentialAction\":[{\"@type\":\"ReadAction\",\"target\":[\"https:\\\/\\\/macewen.ca\\\/fr\\\/avis-de-non-responsabilite-et-politique-de-confidentialite\\\/\"]}]},{\"@type\":\"BreadcrumbList\",\"@id\":\"https:\\\/\\\/macewen.ca\\\/fr\\\/avis-de-non-responsabilite-et-politique-de-confidentialite\\\/#breadcrumb\",\"itemListElement\":[{\"@type\":\"ListItem\",\"position\":1,\"name\":\"Home\",\"item\":\"https:\\\/\\\/macewen.ca\\\/fr\\\/\"},{\"@type\":\"ListItem\",\"position\":2,\"name\":\"Avis de non-responsabilit\u00e9 et politique de confidentialit\u00e9\"}]},{\"@type\":\"WebSite\",\"@id\":\"https:\\\/\\\/macewen.ca\\\/fr\\\/#website\",\"url\":\"https:\\\/\\\/macewen.ca\\\/fr\\\/\",\"name\":\"MacEwen Petroleum Inc\",\"description\":\"Providing fuel and convenience to communities across Ontario and Quebec.\",\"publisher\":{\"@id\":\"https:\\\/\\\/macewen.ca\\\/fr\\\/#organization\"},\"potentialAction\":[{\"@type\":\"SearchAction\",\"target\":{\"@type\":\"EntryPoint\",\"urlTemplate\":\"https:\\\/\\\/macewen.ca\\\/fr\\\/?s={search_term_string}\"},\"query-input\":{\"@type\":\"PropertyValueSpecification\",\"valueRequired\":true,\"valueName\":\"search_term_string\"}}],\"inLanguage\":\"fr-FR\"},{\"@type\":\"Organization\",\"@id\":\"https:\\\/\\\/macewen.ca\\\/fr\\\/#organization\",\"name\":\"MacEwen Petroleum Inc\",\"url\":\"https:\\\/\\\/macewen.ca\\\/fr\\\/\",\"logo\":{\"@type\":\"ImageObject\",\"inLanguage\":\"fr-FR\",\"@id\":\"https:\\\/\\\/macewen.ca\\\/fr\\\/#\\\/schema\\\/logo\\\/image\\\/\",\"url\":\"https:\\\/\\\/macewen.ca\\\/wp-content\\\/uploads\\\/2017\\\/12\\\/macewen-logo.svg\",\"contentUrl\":\"https:\\\/\\\/macewen.ca\\\/wp-content\\\/uploads\\\/2017\\\/12\\\/macewen-logo.svg\",\"width\":528.137,\"height\":269.904,\"caption\":\"MacEwen Petroleum Inc\"},\"image\":{\"@id\":\"https:\\\/\\\/macewen.ca\\\/fr\\\/#\\\/schema\\\/logo\\\/image\\\/\"},\"sameAs\":[\"https:\\\/\\\/ca.linkedin.com\\\/company\\\/macewen-petroleum\"]}]}<\/script>\n<!-- \/ Yoast SEO plugin. -->","yoast_head_json":{"title":"Avis de non-responsabilit\u00e9 et politique de confidentialit\u00e9 - MacEwen Petroleum Inc","description":"Consultez notre politique de confidentialit\u00e9 et notre avis de non-responsabilit\u00e9 pour en savoir plus sur la protection de vos donn\u00e9es personnelles chez MacEwen.","robots":{"index":"index","follow":"follow","max-snippet":"max-snippet:-1","max-image-preview":"max-image-preview:large","max-video-preview":"max-video-preview:-1"},"canonical":"https:\/\/macewen.ca\/fr\/avis-de-non-responsabilite-et-politique-de-confidentialite\/","og_locale":"fr_FR","og_type":"article","og_title":"Avis de non-responsabilit\u00e9 et politique de confidentialit\u00e9 - MacEwen Petroleum Inc","og_description":"Consultez notre politique de confidentialit\u00e9 et notre avis de non-responsabilit\u00e9 pour en savoir plus sur la protection de vos donn\u00e9es personnelles chez MacEwen.","og_url":"https:\/\/macewen.ca\/fr\/avis-de-non-responsabilite-et-politique-de-confidentialite\/","og_site_name":"MacEwen Petroleum Inc","article_modified_time":"2024-10-03T20:05:35+00:00","twitter_card":"summary_large_image","twitter_misc":{"Dur\u00e9e de lecture estim\u00e9e":"4 minutes"},"schema":{"@context":"https:\/\/schema.org","@graph":[{"@type":"WebPage","@id":"https:\/\/macewen.ca\/fr\/avis-de-non-responsabilite-et-politique-de-confidentialite\/","url":"https:\/\/macewen.ca\/fr\/avis-de-non-responsabilite-et-politique-de-confidentialite\/","name":"Avis de non-responsabilit\u00e9 et politique de confidentialit\u00e9 - MacEwen Petroleum Inc","isPartOf":{"@id":"https:\/\/macewen.ca\/fr\/#website"},"datePublished":"2017-12-13T16:22:44+00:00","dateModified":"2024-10-03T20:05:35+00:00","description":"Consultez notre politique de confidentialit\u00e9 et notre avis de non-responsabilit\u00e9 pour en savoir plus sur la protection de vos donn\u00e9es personnelles chez MacEwen.","breadcrumb":{"@id":"https:\/\/macewen.ca\/fr\/avis-de-non-responsabilite-et-politique-de-confidentialite\/#breadcrumb"},"inLanguage":"fr-FR","potentialAction":[{"@type":"ReadAction","target":["https:\/\/macewen.ca\/fr\/avis-de-non-responsabilite-et-politique-de-confidentialite\/"]}]},{"@type":"BreadcrumbList","@id":"https:\/\/macewen.ca\/fr\/avis-de-non-responsabilite-et-politique-de-confidentialite\/#breadcrumb","itemListElement":[{"@type":"ListItem","position":1,"name":"Home","item":"https:\/\/macewen.ca\/fr\/"},{"@type":"ListItem","position":2,"name":"Avis de non-responsabilit\u00e9 et politique de confidentialit\u00e9"}]},{"@type":"WebSite","@id":"https:\/\/macewen.ca\/fr\/#website","url":"https:\/\/macewen.ca\/fr\/","name":"MacEwen Petroleum Inc","description":"Providing fuel and convenience to communities across Ontario and Quebec.","publisher":{"@id":"https:\/\/macewen.ca\/fr\/#organization"},"potentialAction":[{"@type":"SearchAction","target":{"@type":"EntryPoint","urlTemplate":"https:\/\/macewen.ca\/fr\/?s={search_term_string}"},"query-input":{"@type":"PropertyValueSpecification","valueRequired":true,"valueName":"search_term_string"}}],"inLanguage":"fr-FR"},{"@type":"Organization","@id":"https:\/\/macewen.ca\/fr\/#organization","name":"MacEwen Petroleum Inc","url":"https:\/\/macewen.ca\/fr\/","logo":{"@type":"ImageObject","inLanguage":"fr-FR","@id":"https:\/\/macewen.ca\/fr\/#\/schema\/logo\/image\/","url":"https:\/\/macewen.ca\/wp-content\/uploads\/2017\/12\/macewen-logo.svg","contentUrl":"https:\/\/macewen.ca\/wp-content\/uploads\/2017\/12\/macewen-logo.svg","width":528.137,"height":269.904,"caption":"MacEwen Petroleum Inc"},"image":{"@id":"https:\/\/macewen.ca\/fr\/#\/schema\/logo\/image\/"},"sameAs":["https:\/\/ca.linkedin.com\/company\/macewen-petroleum"]}]}},"_links":{"self":[{"href":"https:\/\/macewen.ca\/fr\/wp-json\/wp\/v2\/pages\/1919","targetHints":{"allow":["GET"]}}],"collection":[{"href":"https:\/\/macewen.ca\/fr\/wp-json\/wp\/v2\/pages"}],"about":[{"href":"https:\/\/macewen.ca\/fr\/wp-json\/wp\/v2\/types\/page"}],"author":[{"embeddable":true,"href":"https:\/\/macewen.ca\/fr\/wp-json\/wp\/v2\/users\/17"}],"replies":[{"embeddable":true,"href":"https:\/\/macewen.ca\/fr\/wp-json\/wp\/v2\/comments?post=1919"}],"version-history":[{"count":3,"href":"https:\/\/macewen.ca\/fr\/wp-json\/wp\/v2\/pages\/1919\/revisions"}],"predecessor-version":[{"id":1968,"href":"https:\/\/macewen.ca\/fr\/wp-json\/wp\/v2\/pages\/1919\/revisions\/1968"}],"wp:attachment":[{"href":"https:\/\/macewen.ca\/fr\/wp-json\/wp\/v2\/media?parent=1919"}],"curies":[{"name":"wp","href":"https:\/\/api.w.org\/{rel}","templated":true}]}}