{"id":1809,"date":"2017-11-27T18:56:32","date_gmt":"2017-11-27T18:56:32","guid":{"rendered":"https:\/\/macewen.ca\/partnering\/"},"modified":"2024-10-03T16:01:42","modified_gmt":"2024-10-03T20:01:42","slug":"partenariats","status":"publish","type":"page","link":"https:\/\/macewen.ca\/fr\/partenariats\/","title":{"rendered":"Partenariats"},"content":{"rendered":"<p>[et_pb_section fb_built=\u00a0\u00bb1&Prime; _builder_version=\u00a0\u00bb4.16&Prime; global_colors_info=\u00a0\u00bb{}\u00a0\u00bb][et_pb_row _builder_version=\u00a0\u00bb4.16&Prime; background_size=\u00a0\u00bbinitial\u00a0\u00bb background_position=\u00a0\u00bbtop_left\u00a0\u00bb background_repeat=\u00a0\u00bbrepeat\u00a0\u00bb global_colors_info=\u00a0\u00bb{}\u00a0\u00bb][et_pb_column type=\u00a0\u00bb4_4&Prime; _builder_version=\u00a0\u00bb4.16&Prime; custom_padding=\u00a0\u00bb|||\u00a0\u00bb global_colors_info=\u00a0\u00bb{}\u00a0\u00bb custom_padding__hover=\u00a0\u00bb|||\u00a0\u00bb][et_pb_text admin_label=\u00a0\u00bbOpportunities\u00a0\u00bb _builder_version=\u00a0\u00bb4.16&Prime; text_orientation=\u00a0\u00bbcenter\u00a0\u00bb module_alignment=\u00a0\u00bbcenter\u00a0\u00bb global_colors_info=\u00a0\u00bb{}\u00a0\u00bb]<\/p>\n<h2><span class=\"eyebrow\">Possibilit\u00e9s<\/span> Fournisseur de carburant ind\u00e9pendant canadien de premier\u202fplan<\/h2>\n<p class=\"large\">La famille d\u2019entreprises MacEwen est en croissance au quotidien. Nous sommes un groupe tr\u00e8s uni qui accueille les personnes motiv\u00e9es voulant d\u00e9marrer leurs propres op\u00e9rations \u00e0 titre de d\u00e9taillants et de commer\u00e7ants. Et nous sommes constamment \u00e0 l\u2019aff\u00fbt des fournisseurs et des entrepreneurs qui consid\u00e8rent la qualit\u00e9 et la fiabilit\u00e9 comme des \u00e9l\u00e9ments essentiels de leur marque.<\/p>\n<p>[\/et_pb_text][\/et_pb_column][\/et_pb_row][et_pb_row column_structure=\u00a0\u00bb1_4,1_4,1_4,1_4&Prime; _builder_version=\u00a0\u00bb4.16&Prime; background_size=\u00a0\u00bbinitial\u00a0\u00bb background_position=\u00a0\u00bbtop_left\u00a0\u00bb background_repeat=\u00a0\u00bbrepeat\u00a0\u00bb global_colors_info=\u00a0\u00bb{}\u00a0\u00bb][et_pb_column type=\u00a0\u00bb1_4&Prime; _builder_version=\u00a0\u00bb4.16&Prime; custom_padding=\u00a0\u00bb|||\u00a0\u00bb global_colors_info=\u00a0\u00bb{}\u00a0\u00bb custom_padding__hover=\u00a0\u00bb|||\u00a0\u00bb][et_pb_image src=\u00a0\u00bbhttps:\/\/macewen.ca\/wp-content\/uploads\/2024\/05\/dealers.jpg\u00a0\u00bb align_tablet=\u00a0\u00bbcenter\u00a0\u00bb align_phone=\u00a0\u00bbcenter\u00a0\u00bb align_last_edited=\u00a0\u00bbon|desktop\u00a0\u00bb _builder_version=\u00a0\u00bb4.25.0&Prime; hover_enabled=\u00a0\u00bb0&Prime; always_center_on_mobile=\u00a0\u00bbon\u00a0\u00bb global_colors_info=\u00a0\u00bb{}\u00a0\u00bb title_text=\u00a0\u00bbdealers\u00a0\u00bb sticky_enabled=\u00a0\u00bb0&Prime;][\/et_pb_image][\/et_pb_column][et_pb_column type=\u00a0\u00bb1_4&Prime; _builder_version=\u00a0\u00bb4.16&Prime; custom_padding=\u00a0\u00bb|||\u00a0\u00bb global_colors_info=\u00a0\u00bb{}\u00a0\u00bb custom_padding__hover=\u00a0\u00bb|||\u00a0\u00bb][et_pb_text admin_label=\u00a0\u00bbRetailers\u00a0\u00bb _builder_version=\u00a0\u00bb4.16&Prime; global_colors_info=\u00a0\u00bb{}\u00a0\u00bb]<\/p>\n<h3>D\u00e9taillants<\/h3>\n<p>MacEwen cherche toujours des d\u00e9taillants qui peuvent se joindre \u00e0 notre famille tr\u00e8s unie d\u2019entrepreneurs. Nos d\u00e9taillants ont toute latitude pour fournir les produits qui conviennent \u00e0 leur collectivit\u00e9 locale, tout en profitant des conseils de l\u2019\u00e9quipe de gestion des cat\u00e9gories de MacEwen.<\/p>\n<p><a class=\"etmodules-link\" href=\"\/fr\/partenariats\/possibilites-de-commerce-de-detail\/\">En savoir plus <span class=\"etmodules\">5<\/span><\/a><\/p>\n<p>[\/et_pb_text][\/et_pb_column][et_pb_column type=\u00a0\u00bb1_4&Prime; _builder_version=\u00a0\u00bb4.16&Prime; custom_padding=\u00a0\u00bb|||\u00a0\u00bb global_colors_info=\u00a0\u00bb{}\u00a0\u00bb custom_padding__hover=\u00a0\u00bb|||\u00a0\u00bb][et_pb_image src=\u00a0\u00bbhttps:\/\/macewen.ca\/wp-content\/uploads\/2017\/12\/dealers.jpg\u00a0\u00bb align_tablet=\u00a0\u00bbcenter\u00a0\u00bb align_phone=\u00a0\u00bbcenter\u00a0\u00bb align_last_edited=\u00a0\u00bbon|desktop\u00a0\u00bb _builder_version=\u00a0\u00bb4.16&Prime; always_center_on_mobile=\u00a0\u00bbon\u00a0\u00bb global_colors_info=\u00a0\u00bb{}\u00a0\u00bb][\/et_pb_image][\/et_pb_column][et_pb_column type=\u00a0\u00bb1_4&Prime; _builder_version=\u00a0\u00bb4.16&Prime; custom_padding=\u00a0\u00bb|||\u00a0\u00bb global_colors_info=\u00a0\u00bb{}\u00a0\u00bb custom_padding__hover=\u00a0\u00bb|||\u00a0\u00bb][et_pb_text admin_label=\u00a0\u00bbDealers\u00a0\u00bb _builder_version=\u00a0\u00bb4.16&Prime; global_colors_info=\u00a0\u00bb{}\u00a0\u00bb]<\/p>\n<h3>Commer\u00e7ants<\/h3>\n<p>Si vous poss\u00e9dez et exploitez votre propre station\u2011service, nous voulons avoir de vos nouvelles. Nous sommes fiers d\u2019\u00eatre un grossiste de marque Esso, et nous pouvons travailler avec vous pour \u00e9tendre vos activit\u00e9s.<\/p>\n<p><a class=\"etmodules-link\" href=\"\/fr\/partenariats\/possibilites-pour-les-detaillants\/\">En savoir plus <span class=\"etmodules\">5<\/span><\/a><\/p>\n<p>[\/et_pb_text][\/et_pb_column][\/et_pb_row][\/et_pb_section][et_pb_section fb_built=\u00a0\u00bb1&Prime; module_class=\u00a0\u00bbwhite-overlay right\u00a0\u00bb _builder_version=\u00a0\u00bb4.16&Prime; background_image=\u00a0\u00bbhttps:\/\/macewen.ca\/wp-content\/uploads\/2024\/04\/quickie_interior.jpg\u00a0\u00bb global_colors_info=\u00a0\u00bb{}\u00a0\u00bb][et_pb_row column_structure=\u00a0\u00bb1_2,1_2&Prime; _builder_version=\u00a0\u00bb4.16&Prime; global_colors_info=\u00a0\u00bb{}\u00a0\u00bb][et_pb_column type=\u00a0\u00bb1_2&Prime; _builder_version=\u00a0\u00bb4.16&Prime; custom_padding=\u00a0\u00bb|||\u00a0\u00bb global_colors_info=\u00a0\u00bb{}\u00a0\u00bb custom_padding__hover=\u00a0\u00bb|||\u00a0\u00bb][\/et_pb_column][et_pb_column type=\u00a0\u00bb1_2&Prime; _builder_version=\u00a0\u00bb4.16&Prime; custom_padding=\u00a0\u00bb|||\u00a0\u00bb global_colors_info=\u00a0\u00bb{}\u00a0\u00bb custom_padding__hover=\u00a0\u00bb|||\u00a0\u00bb][et_pb_text admin_label=\u00a0\u00bbVendors\u00a0\u00bb _builder_version=\u00a0\u00bb4.16&Prime; text_orientation=\u00a0\u00bbcenter\u00a0\u00bb module_alignment=\u00a0\u00bbcenter\u00a0\u00bb global_colors_info=\u00a0\u00bb{}\u00a0\u00bb]<\/p>\n<h2><span class=\"eyebrow\">Fournisseurs<\/span> A Trusted Brand<\/h2>\n<p class=\"large\">Le marque MacEwen s\u2019appuie sur la r\u00e9gularit\u00e9 et l\u2019excellence. Si ce sont des mots cl\u00e9s dans votre entreprise, nous voulons travailler avec vous.<\/p>\n<p>[\/et_pb_text][et_pb_button button_url=\u00a0\u00bb\/fr\/partenariats\/fournisseurs\/\u00a0\u00bb button_text=\u00a0\u00bbEn savoir plus\u00a0\u00bb button_alignment=\u00a0\u00bbcenter\u00a0\u00bb admin_label=\u00a0\u00bbLearn More\u00a0\u00bb _builder_version=\u00a0\u00bb4.16&Prime; global_colors_info=\u00a0\u00bb{}\u00a0\u00bb button_text_size__hover_enabled=\u00a0\u00bboff\u00a0\u00bb button_one_text_size__hover_enabled=\u00a0\u00bboff\u00a0\u00bb button_two_text_size__hover_enabled=\u00a0\u00bboff\u00a0\u00bb button_text_color__hover_enabled=\u00a0\u00bboff\u00a0\u00bb button_one_text_color__hover_enabled=\u00a0\u00bboff\u00a0\u00bb button_two_text_color__hover_enabled=\u00a0\u00bboff\u00a0\u00bb button_border_width__hover_enabled=\u00a0\u00bboff\u00a0\u00bb button_one_border_width__hover_enabled=\u00a0\u00bboff\u00a0\u00bb button_two_border_width__hover_enabled=\u00a0\u00bboff\u00a0\u00bb button_border_color__hover_enabled=\u00a0\u00bboff\u00a0\u00bb button_one_border_color__hover_enabled=\u00a0\u00bboff\u00a0\u00bb button_two_border_color__hover_enabled=\u00a0\u00bboff\u00a0\u00bb button_border_radius__hover_enabled=\u00a0\u00bboff\u00a0\u00bb button_one_border_radius__hover_enabled=\u00a0\u00bboff\u00a0\u00bb button_two_border_radius__hover_enabled=\u00a0\u00bboff\u00a0\u00bb button_letter_spacing__hover_enabled=\u00a0\u00bboff\u00a0\u00bb button_one_letter_spacing__hover_enabled=\u00a0\u00bboff\u00a0\u00bb button_two_letter_spacing__hover_enabled=\u00a0\u00bboff\u00a0\u00bb button_bg_color__hover_enabled=\u00a0\u00bboff\u00a0\u00bb button_one_bg_color__hover_enabled=\u00a0\u00bboff\u00a0\u00bb button_two_bg_color__hover_enabled=\u00a0\u00bboff\u00a0\u00bb][\/et_pb_button][\/et_pb_column][\/et_pb_row][\/et_pb_section][et_pb_section fb_built=\u00a0\u00bb1&Prime; module_class=\u00a0\u00bbwhite-overlay left\u00a0\u00bb _builder_version=\u00a0\u00bb4.16&Prime; background_image=\u00a0\u00bbhttps:\/\/macewen.ca\/wp-content\/uploads\/2017\/12\/real-estate.jpg\u00a0\u00bb global_colors_info=\u00a0\u00bb{}\u00a0\u00bb][et_pb_row column_structure=\u00a0\u00bb1_2,1_2&Prime; _builder_version=\u00a0\u00bb4.16&Prime; global_colors_info=\u00a0\u00bb{}\u00a0\u00bb][et_pb_column type=\u00a0\u00bb1_2&Prime; _builder_version=\u00a0\u00bb4.16&Prime; custom_padding=\u00a0\u00bb|||\u00a0\u00bb global_colors_info=\u00a0\u00bb{}\u00a0\u00bb custom_padding__hover=\u00a0\u00bb|||\u00a0\u00bb][et_pb_text admin_label=\u00a0\u00bbReal Estate\u00a0\u00bb _builder_version=\u00a0\u00bb4.16&Prime; text_orientation=\u00a0\u00bbcenter\u00a0\u00bb module_alignment=\u00a0\u00bbcenter\u00a0\u00bb global_colors_info=\u00a0\u00bb{}\u00a0\u00bb]<\/p>\n<h2><span class=\"eyebrow\">Immobilier<\/span> Nous sommes toujours \u00e0 l\u2019aff\u00fbt<\/h2>\n<p class=\"large\">MacEwen cherche toujours \u00e0 acheter ou \u00e0 louer des terrains pour nos nouveaux magasins.<\/p>\n<p>[\/et_pb_text][et_pb_button button_url=\u00a0\u00bb\/fr\/partenariats\/immobilier\/\u00a0\u00bb button_text=\u00a0\u00bbEn savoir plus\u00a0\u00bb button_alignment=\u00a0\u00bbcenter\u00a0\u00bb admin_label=\u00a0\u00bbLearn More\u00a0\u00bb _builder_version=\u00a0\u00bb4.16&Prime; global_colors_info=\u00a0\u00bb{}\u00a0\u00bb button_text_size__hover_enabled=\u00a0\u00bboff\u00a0\u00bb button_one_text_size__hover_enabled=\u00a0\u00bboff\u00a0\u00bb button_two_text_size__hover_enabled=\u00a0\u00bboff\u00a0\u00bb button_text_color__hover_enabled=\u00a0\u00bboff\u00a0\u00bb button_one_text_color__hover_enabled=\u00a0\u00bboff\u00a0\u00bb button_two_text_color__hover_enabled=\u00a0\u00bboff\u00a0\u00bb button_border_width__hover_enabled=\u00a0\u00bboff\u00a0\u00bb button_one_border_width__hover_enabled=\u00a0\u00bboff\u00a0\u00bb button_two_border_width__hover_enabled=\u00a0\u00bboff\u00a0\u00bb button_border_color__hover_enabled=\u00a0\u00bboff\u00a0\u00bb button_one_border_color__hover_enabled=\u00a0\u00bboff\u00a0\u00bb button_two_border_color__hover_enabled=\u00a0\u00bboff\u00a0\u00bb button_border_radius__hover_enabled=\u00a0\u00bboff\u00a0\u00bb button_one_border_radius__hover_enabled=\u00a0\u00bboff\u00a0\u00bb button_two_border_radius__hover_enabled=\u00a0\u00bboff\u00a0\u00bb button_letter_spacing__hover_enabled=\u00a0\u00bboff\u00a0\u00bb button_one_letter_spacing__hover_enabled=\u00a0\u00bboff\u00a0\u00bb button_two_letter_spacing__hover_enabled=\u00a0\u00bboff\u00a0\u00bb button_bg_color__hover_enabled=\u00a0\u00bboff\u00a0\u00bb button_one_bg_color__hover_enabled=\u00a0\u00bboff\u00a0\u00bb button_two_bg_color__hover_enabled=\u00a0\u00bboff\u00a0\u00bb][\/et_pb_button][\/et_pb_column][et_pb_column type=\u00a0\u00bb1_2&Prime; _builder_version=\u00a0\u00bb4.16&Prime; custom_padding=\u00a0\u00bb|||\u00a0\u00bb global_colors_info=\u00a0\u00bb{}\u00a0\u00bb custom_padding__hover=\u00a0\u00bb|||\u00a0\u00bb][\/et_pb_column][\/et_pb_row][\/et_pb_section][et_pb_section fb_built=\u00a0\u00bb1&Prime; module_class=\u00a0\u00bbgrey\u00a0\u00bb _builder_version=\u00a0\u00bb4.16&Prime; global_colors_info=\u00a0\u00bb{}\u00a0\u00bb][et_pb_row column_structure=\u00a0\u00bb1_2,1_2&Prime; module_class=\u00a0\u00bbmedium-centered\u00a0\u00bb _builder_version=\u00a0\u00bb4.16&Prime; global_colors_info=\u00a0\u00bb{}\u00a0\u00bb][et_pb_column type=\u00a0\u00bb1_2&Prime; _builder_version=\u00a0\u00bb4.16&Prime; custom_padding=\u00a0\u00bb|||\u00a0\u00bb global_colors_info=\u00a0\u00bb{}\u00a0\u00bb custom_padding__hover=\u00a0\u00bb|||\u00a0\u00bb][et_pb_image src=\u00a0\u00bbhttps:\/\/macewen.ca\/wp-content\/uploads\/2018\/01\/T8A8776_resized_square.jpg\u00a0\u00bb align=\u00a0\u00bbcenter\u00a0\u00bb align_tablet=\u00a0\u00bbcenter\u00a0\u00bb align_phone=\u00a0\u00bbcenter\u00a0\u00bb align_last_edited=\u00a0\u00bbon|desktop\u00a0\u00bb _builder_version=\u00a0\u00bb4.16&Prime; always_center_on_mobile=\u00a0\u00bbon\u00a0\u00bb global_colors_info=\u00a0\u00bb{}\u00a0\u00bb][\/et_pb_image][\/et_pb_column][et_pb_column type=\u00a0\u00bb1_2&Prime; _builder_version=\u00a0\u00bb4.16&Prime; custom_padding=\u00a0\u00bb|||\u00a0\u00bb global_colors_info=\u00a0\u00bb{}\u00a0\u00bb custom_padding__hover=\u00a0\u00bb|||\u00a0\u00bb][et_pb_text admin_label=\u00a0\u00bbContractors\u00a0\u00bb _builder_version=\u00a0\u00bb4.16&Prime; text_orientation=\u00a0\u00bbcenter\u00a0\u00bb module_alignment=\u00a0\u00bbcenter\u00a0\u00bb global_colors_info=\u00a0\u00bb{}\u00a0\u00bb]<\/p>\n<h2><span class=\"eyebrow\">Entrepreneurs<\/span> Vous pouvez compter sur nous<\/h2>\n<p class=\"large\">Lorsque vous et vos clients travaillez avec MacEwen en tant que fournisseurs de carburant et de propane, vous savez avec conviction que nous livrerons le tout \u00e0 temps et \u00e0 prix comp\u00e9titif. Nous soucions autant de nos clients que vous.<\/p>\n<p>[\/et_pb_text][et_pb_button button_url=\u00a0\u00bb\/fr\/partenariats\/entrepreneurs\/\u00a0\u00bb button_text=\u00a0\u00bbEn savoir plus\u00a0\u00bb button_alignment=\u00a0\u00bbcenter\u00a0\u00bb admin_label=\u00a0\u00bbLearn More\u00a0\u00bb _builder_version=\u00a0\u00bb4.16&Prime; global_colors_info=\u00a0\u00bb{}\u00a0\u00bb button_text_size__hover_enabled=\u00a0\u00bboff\u00a0\u00bb button_one_text_size__hover_enabled=\u00a0\u00bboff\u00a0\u00bb button_two_text_size__hover_enabled=\u00a0\u00bboff\u00a0\u00bb button_text_color__hover_enabled=\u00a0\u00bboff\u00a0\u00bb button_one_text_color__hover_enabled=\u00a0\u00bboff\u00a0\u00bb button_two_text_color__hover_enabled=\u00a0\u00bboff\u00a0\u00bb button_border_width__hover_enabled=\u00a0\u00bboff\u00a0\u00bb button_one_border_width__hover_enabled=\u00a0\u00bboff\u00a0\u00bb button_two_border_width__hover_enabled=\u00a0\u00bboff\u00a0\u00bb button_border_color__hover_enabled=\u00a0\u00bboff\u00a0\u00bb button_one_border_color__hover_enabled=\u00a0\u00bboff\u00a0\u00bb button_two_border_color__hover_enabled=\u00a0\u00bboff\u00a0\u00bb button_border_radius__hover_enabled=\u00a0\u00bboff\u00a0\u00bb button_one_border_radius__hover_enabled=\u00a0\u00bboff\u00a0\u00bb button_two_border_radius__hover_enabled=\u00a0\u00bboff\u00a0\u00bb button_letter_spacing__hover_enabled=\u00a0\u00bboff\u00a0\u00bb button_one_letter_spacing__hover_enabled=\u00a0\u00bboff\u00a0\u00bb button_two_letter_spacing__hover_enabled=\u00a0\u00bboff\u00a0\u00bb button_bg_color__hover_enabled=\u00a0\u00bboff\u00a0\u00bb button_one_bg_color__hover_enabled=\u00a0\u00bboff\u00a0\u00bb button_two_bg_color__hover_enabled=\u00a0\u00bboff\u00a0\u00bb][\/et_pb_button][\/et_pb_column][\/et_pb_row][\/et_pb_section]<\/p>\n","protected":false},"excerpt":{"rendered":"<p>Possibilit\u00e9s&#8230;<\/p>\n","protected":false},"author":17,"featured_media":4800,"parent":0,"menu_order":0,"comment_status":"closed","ping_status":"closed","template":"tpl-main-section.php","meta":{"_et_pb_use_builder":"on","_et_pb_old_content":"","_et_gb_content_width":"","footnotes":""},"class_list":["post-1809","page","type-page","status-publish","has-post-thumbnail","hentry"],"yoast_head":"<!-- This site is optimized with the Yoast SEO plugin v27.4 - https:\/\/yoast.com\/product\/yoast-seo-wordpress\/ -->\n<title>Partenariats - MacEwen Petroleum Inc<\/title>\n<meta name=\"description\" content=\"D\u00e9couvrez les opportunit\u00e9s de partenariat avec MacEwen et d\u00e9veloppez des projets fructueux dans le domaine de l&#039;\u00e9nergie.\" \/>\n<meta name=\"robots\" content=\"index, follow, max-snippet:-1, max-image-preview:large, max-video-preview:-1\" \/>\n<link rel=\"canonical\" href=\"https:\/\/macewen.ca\/fr\/partenariats\/\" \/>\n<meta property=\"og:locale\" content=\"fr_FR\" \/>\n<meta property=\"og:type\" content=\"article\" \/>\n<meta property=\"og:title\" content=\"Partenariats - MacEwen Petroleum Inc\" \/>\n<meta property=\"og:description\" content=\"D\u00e9couvrez les opportunit\u00e9s de partenariat avec MacEwen et d\u00e9veloppez des projets fructueux dans le domaine de l&#039;\u00e9nergie.\" \/>\n<meta property=\"og:url\" content=\"https:\/\/macewen.ca\/fr\/partenariats\/\" \/>\n<meta property=\"og:site_name\" content=\"MacEwen Petroleum Inc\" \/>\n<meta property=\"article:modified_time\" content=\"2024-10-03T20:01:42+00:00\" \/>\n<meta property=\"og:image\" content=\"https:\/\/macewen.ca\/wp-content\/uploads\/2023\/09\/StoreFront.jpg\" \/>\n\t<meta property=\"og:image:width\" content=\"2000\" \/>\n\t<meta property=\"og:image:height\" content=\"827\" \/>\n\t<meta property=\"og:image:type\" content=\"image\/jpeg\" \/>\n<meta name=\"twitter:card\" content=\"summary_large_image\" \/>\n<meta name=\"twitter:label1\" content=\"Dur\u00e9e de lecture estim\u00e9e\" \/>\n\t<meta name=\"twitter:data1\" content=\"2 minutes\" \/>\n<script type=\"application\/ld+json\" class=\"yoast-schema-graph\">{\"@context\":\"https:\\\/\\\/schema.org\",\"@graph\":[{\"@type\":\"WebPage\",\"@id\":\"https:\\\/\\\/macewen.ca\\\/fr\\\/partenariats\\\/\",\"url\":\"https:\\\/\\\/macewen.ca\\\/fr\\\/partenariats\\\/\",\"name\":\"Partenariats - MacEwen Petroleum Inc\",\"isPartOf\":{\"@id\":\"https:\\\/\\\/macewen.ca\\\/fr\\\/#website\"},\"primaryImageOfPage\":{\"@id\":\"https:\\\/\\\/macewen.ca\\\/fr\\\/partenariats\\\/#primaryimage\"},\"image\":{\"@id\":\"https:\\\/\\\/macewen.ca\\\/fr\\\/partenariats\\\/#primaryimage\"},\"thumbnailUrl\":\"https:\\\/\\\/macewen.ca\\\/wp-content\\\/uploads\\\/2023\\\/09\\\/StoreFront.jpg\",\"datePublished\":\"2017-11-27T18:56:32+00:00\",\"dateModified\":\"2024-10-03T20:01:42+00:00\",\"description\":\"D\u00e9couvrez les opportunit\u00e9s de partenariat avec MacEwen et d\u00e9veloppez des projets fructueux dans le domaine de l'\u00e9nergie.\",\"breadcrumb\":{\"@id\":\"https:\\\/\\\/macewen.ca\\\/fr\\\/partenariats\\\/#breadcrumb\"},\"inLanguage\":\"fr-FR\",\"potentialAction\":[{\"@type\":\"ReadAction\",\"target\":[\"https:\\\/\\\/macewen.ca\\\/fr\\\/partenariats\\\/\"]}]},{\"@type\":\"ImageObject\",\"inLanguage\":\"fr-FR\",\"@id\":\"https:\\\/\\\/macewen.ca\\\/fr\\\/partenariats\\\/#primaryimage\",\"url\":\"https:\\\/\\\/macewen.ca\\\/wp-content\\\/uploads\\\/2023\\\/09\\\/StoreFront.jpg\",\"contentUrl\":\"https:\\\/\\\/macewen.ca\\\/wp-content\\\/uploads\\\/2023\\\/09\\\/StoreFront.jpg\",\"width\":2000,\"height\":827},{\"@type\":\"BreadcrumbList\",\"@id\":\"https:\\\/\\\/macewen.ca\\\/fr\\\/partenariats\\\/#breadcrumb\",\"itemListElement\":[{\"@type\":\"ListItem\",\"position\":1,\"name\":\"Home\",\"item\":\"https:\\\/\\\/macewen.ca\\\/fr\\\/\"},{\"@type\":\"ListItem\",\"position\":2,\"name\":\"Partenariats\"}]},{\"@type\":\"WebSite\",\"@id\":\"https:\\\/\\\/macewen.ca\\\/fr\\\/#website\",\"url\":\"https:\\\/\\\/macewen.ca\\\/fr\\\/\",\"name\":\"MacEwen Petroleum Inc\",\"description\":\"Providing fuel and convenience to communities across Ontario and Quebec.\",\"publisher\":{\"@id\":\"https:\\\/\\\/macewen.ca\\\/fr\\\/#organization\"},\"potentialAction\":[{\"@type\":\"SearchAction\",\"target\":{\"@type\":\"EntryPoint\",\"urlTemplate\":\"https:\\\/\\\/macewen.ca\\\/fr\\\/?s={search_term_string}\"},\"query-input\":{\"@type\":\"PropertyValueSpecification\",\"valueRequired\":true,\"valueName\":\"search_term_string\"}}],\"inLanguage\":\"fr-FR\"},{\"@type\":\"Organization\",\"@id\":\"https:\\\/\\\/macewen.ca\\\/fr\\\/#organization\",\"name\":\"MacEwen Petroleum Inc\",\"url\":\"https:\\\/\\\/macewen.ca\\\/fr\\\/\",\"logo\":{\"@type\":\"ImageObject\",\"inLanguage\":\"fr-FR\",\"@id\":\"https:\\\/\\\/macewen.ca\\\/fr\\\/#\\\/schema\\\/logo\\\/image\\\/\",\"url\":\"https:\\\/\\\/macewen.ca\\\/wp-content\\\/uploads\\\/2017\\\/12\\\/macewen-logo.svg\",\"contentUrl\":\"https:\\\/\\\/macewen.ca\\\/wp-content\\\/uploads\\\/2017\\\/12\\\/macewen-logo.svg\",\"width\":528.137,\"height\":269.904,\"caption\":\"MacEwen Petroleum Inc\"},\"image\":{\"@id\":\"https:\\\/\\\/macewen.ca\\\/fr\\\/#\\\/schema\\\/logo\\\/image\\\/\"},\"sameAs\":[\"https:\\\/\\\/ca.linkedin.com\\\/company\\\/macewen-petroleum\"]}]}<\/script>\n<!-- \/ Yoast SEO plugin. -->","yoast_head_json":{"title":"Partenariats - MacEwen Petroleum Inc","description":"D\u00e9couvrez les opportunit\u00e9s de partenariat avec MacEwen et d\u00e9veloppez des projets fructueux dans le domaine de l'\u00e9nergie.","robots":{"index":"index","follow":"follow","max-snippet":"max-snippet:-1","max-image-preview":"max-image-preview:large","max-video-preview":"max-video-preview:-1"},"canonical":"https:\/\/macewen.ca\/fr\/partenariats\/","og_locale":"fr_FR","og_type":"article","og_title":"Partenariats - MacEwen Petroleum Inc","og_description":"D\u00e9couvrez les opportunit\u00e9s de partenariat avec MacEwen et d\u00e9veloppez des projets fructueux dans le domaine de l'\u00e9nergie.","og_url":"https:\/\/macewen.ca\/fr\/partenariats\/","og_site_name":"MacEwen Petroleum Inc","article_modified_time":"2024-10-03T20:01:42+00:00","og_image":[{"width":2000,"height":827,"url":"https:\/\/macewen.ca\/wp-content\/uploads\/2023\/09\/StoreFront.jpg","type":"image\/jpeg"}],"twitter_card":"summary_large_image","twitter_misc":{"Dur\u00e9e de lecture estim\u00e9e":"2 minutes"},"schema":{"@context":"https:\/\/schema.org","@graph":[{"@type":"WebPage","@id":"https:\/\/macewen.ca\/fr\/partenariats\/","url":"https:\/\/macewen.ca\/fr\/partenariats\/","name":"Partenariats - MacEwen Petroleum Inc","isPartOf":{"@id":"https:\/\/macewen.ca\/fr\/#website"},"primaryImageOfPage":{"@id":"https:\/\/macewen.ca\/fr\/partenariats\/#primaryimage"},"image":{"@id":"https:\/\/macewen.ca\/fr\/partenariats\/#primaryimage"},"thumbnailUrl":"https:\/\/macewen.ca\/wp-content\/uploads\/2023\/09\/StoreFront.jpg","datePublished":"2017-11-27T18:56:32+00:00","dateModified":"2024-10-03T20:01:42+00:00","description":"D\u00e9couvrez les opportunit\u00e9s de partenariat avec MacEwen et d\u00e9veloppez des projets fructueux dans le domaine de l'\u00e9nergie.","breadcrumb":{"@id":"https:\/\/macewen.ca\/fr\/partenariats\/#breadcrumb"},"inLanguage":"fr-FR","potentialAction":[{"@type":"ReadAction","target":["https:\/\/macewen.ca\/fr\/partenariats\/"]}]},{"@type":"ImageObject","inLanguage":"fr-FR","@id":"https:\/\/macewen.ca\/fr\/partenariats\/#primaryimage","url":"https:\/\/macewen.ca\/wp-content\/uploads\/2023\/09\/StoreFront.jpg","contentUrl":"https:\/\/macewen.ca\/wp-content\/uploads\/2023\/09\/StoreFront.jpg","width":2000,"height":827},{"@type":"BreadcrumbList","@id":"https:\/\/macewen.ca\/fr\/partenariats\/#breadcrumb","itemListElement":[{"@type":"ListItem","position":1,"name":"Home","item":"https:\/\/macewen.ca\/fr\/"},{"@type":"ListItem","position":2,"name":"Partenariats"}]},{"@type":"WebSite","@id":"https:\/\/macewen.ca\/fr\/#website","url":"https:\/\/macewen.ca\/fr\/","name":"MacEwen Petroleum Inc","description":"Providing fuel and convenience to communities across Ontario and Quebec.","publisher":{"@id":"https:\/\/macewen.ca\/fr\/#organization"},"potentialAction":[{"@type":"SearchAction","target":{"@type":"EntryPoint","urlTemplate":"https:\/\/macewen.ca\/fr\/?s={search_term_string}"},"query-input":{"@type":"PropertyValueSpecification","valueRequired":true,"valueName":"search_term_string"}}],"inLanguage":"fr-FR"},{"@type":"Organization","@id":"https:\/\/macewen.ca\/fr\/#organization","name":"MacEwen Petroleum Inc","url":"https:\/\/macewen.ca\/fr\/","logo":{"@type":"ImageObject","inLanguage":"fr-FR","@id":"https:\/\/macewen.ca\/fr\/#\/schema\/logo\/image\/","url":"https:\/\/macewen.ca\/wp-content\/uploads\/2017\/12\/macewen-logo.svg","contentUrl":"https:\/\/macewen.ca\/wp-content\/uploads\/2017\/12\/macewen-logo.svg","width":528.137,"height":269.904,"caption":"MacEwen Petroleum Inc"},"image":{"@id":"https:\/\/macewen.ca\/fr\/#\/schema\/logo\/image\/"},"sameAs":["https:\/\/ca.linkedin.com\/company\/macewen-petroleum"]}]}},"_links":{"self":[{"href":"https:\/\/macewen.ca\/fr\/wp-json\/wp\/v2\/pages\/1809","targetHints":{"allow":["GET"]}}],"collection":[{"href":"https:\/\/macewen.ca\/fr\/wp-json\/wp\/v2\/pages"}],"about":[{"href":"https:\/\/macewen.ca\/fr\/wp-json\/wp\/v2\/types\/page"}],"author":[{"embeddable":true,"href":"https:\/\/macewen.ca\/fr\/wp-json\/wp\/v2\/users\/17"}],"replies":[{"embeddable":true,"href":"https:\/\/macewen.ca\/fr\/wp-json\/wp\/v2\/comments?post=1809"}],"version-history":[{"count":5,"href":"https:\/\/macewen.ca\/fr\/wp-json\/wp\/v2\/pages\/1809\/revisions"}],"predecessor-version":[{"id":5278,"href":"https:\/\/macewen.ca\/fr\/wp-json\/wp\/v2\/pages\/1809\/revisions\/5278"}],"wp:featuredmedia":[{"embeddable":true,"href":"https:\/\/macewen.ca\/fr\/wp-json\/wp\/v2\/media\/4800"}],"wp:attachment":[{"href":"https:\/\/macewen.ca\/fr\/wp-json\/wp\/v2\/media?parent=1809"}],"curies":[{"name":"wp","href":"https:\/\/api.w.org\/{rel}","templated":true}]}}