{"id":1719,"date":"2017-11-27T19:44:26","date_gmt":"2017-11-27T19:44:26","guid":{"rendered":"https:\/\/macewen.ca\/commercial\/cardlock-network\/"},"modified":"2024-10-03T15:59:16","modified_gmt":"2024-10-03T19:59:16","slug":"reseau-detablissements-carte%e2%80%91acces","status":"publish","type":"page","link":"https:\/\/macewen.ca\/fr\/commercial\/reseau-detablissements-carte%e2%80%91acces\/","title":{"rendered":"R\u00e9seau d\u2019\u00e9tablissements \u00e0 carte\u2011acc\u00e8s"},"content":{"rendered":"<p>[et_pb_section fb_built=\u00a0\u00bb1&Prime; _builder_version=\u00a0\u00bb4.16&Prime; global_colors_info=\u00a0\u00bb{}\u00a0\u00bb][et_pb_row _builder_version=\u00a0\u00bb4.16&Prime; global_colors_info=\u00a0\u00bb{}\u00a0\u00bb][et_pb_column type=\u00a0\u00bb4_4&Prime; _builder_version=\u00a0\u00bb4.16&Prime; custom_padding=\u00a0\u00bb|||\u00a0\u00bb global_colors_info=\u00a0\u00bb{}\u00a0\u00bb custom_padding__hover=\u00a0\u00bb|||\u00a0\u00bb][et_pb_text _builder_version=\u00a0\u00bb4.16&Prime; text_orientation=\u00a0\u00bbcenter\u00a0\u00bb global_colors_info=\u00a0\u00bb{}\u00a0\u00bb]<\/p>\n<h2><span class=\"eyebrow\">Aper\u00e7u<\/span> Maintenez vos v\u00e9hicules en circulation<\/h2>\n<p class=\"large\">Les cartes\u2011acc\u00e8s constituent des sites de ravitaillement automatis\u00e9 offerts aux v\u00e9hicules de parcs automobiles commerciaux. Le r\u00e9seau d\u2019\u00e9tablissements \u00e0 carte\u2011acc\u00e8s de MacEwen est ouvert 24\u202fheures par jour, ce qui le rend d\u2019autant plus commode et efficace pour g\u00e9rer votre entreprise.<\/p>\n<p class=\"large\">Pour obtenir plus de renseignements, veuillez composer le <a href=\"tel:1-800-267-7175\">1-800-267-7175<\/a>\u00a0ou <a href=\"\/fr\/contact\/\">cliquer ici<\/a>.<\/p>\n<p>[\/et_pb_text][et_pb_button button_url=\u00a0\u00bb\/fr\/commercial\/reseau-detablissements-carte%e2%80%91acces\/depots-a-approvisionnement-selectif-par-carte\/\u00a0\u00bb button_text=\u00a0\u00bbD\u00e9couvrez nos emplacements \u00e0 carte-acc\u00e8s\u00a0\u00bb button_alignment=\u00a0\u00bbcenter\u00a0\u00bb admin_label=\u00a0\u00bbCardlock Locations\u00a0\u00bb _builder_version=\u00a0\u00bb4.16&Prime; global_colors_info=\u00a0\u00bb{}\u00a0\u00bb button_text_size__hover_enabled=\u00a0\u00bboff\u00a0\u00bb button_one_text_size__hover_enabled=\u00a0\u00bboff\u00a0\u00bb button_two_text_size__hover_enabled=\u00a0\u00bboff\u00a0\u00bb button_text_color__hover_enabled=\u00a0\u00bboff\u00a0\u00bb button_one_text_color__hover_enabled=\u00a0\u00bboff\u00a0\u00bb button_two_text_color__hover_enabled=\u00a0\u00bboff\u00a0\u00bb button_border_width__hover_enabled=\u00a0\u00bboff\u00a0\u00bb button_one_border_width__hover_enabled=\u00a0\u00bboff\u00a0\u00bb button_two_border_width__hover_enabled=\u00a0\u00bboff\u00a0\u00bb button_border_color__hover_enabled=\u00a0\u00bboff\u00a0\u00bb button_one_border_color__hover_enabled=\u00a0\u00bboff\u00a0\u00bb button_two_border_color__hover_enabled=\u00a0\u00bboff\u00a0\u00bb button_border_radius__hover_enabled=\u00a0\u00bboff\u00a0\u00bb button_one_border_radius__hover_enabled=\u00a0\u00bboff\u00a0\u00bb button_two_border_radius__hover_enabled=\u00a0\u00bboff\u00a0\u00bb button_letter_spacing__hover_enabled=\u00a0\u00bboff\u00a0\u00bb button_one_letter_spacing__hover_enabled=\u00a0\u00bboff\u00a0\u00bb button_two_letter_spacing__hover_enabled=\u00a0\u00bboff\u00a0\u00bb button_bg_color__hover_enabled=\u00a0\u00bboff\u00a0\u00bb button_one_bg_color__hover_enabled=\u00a0\u00bboff\u00a0\u00bb button_two_bg_color__hover_enabled=\u00a0\u00bboff\u00a0\u00bb][\/et_pb_button][\/et_pb_column][\/et_pb_row][\/et_pb_section][et_pb_section fb_built=\u00a0\u00bb1&Prime; module_class=\u00a0\u00bbwhite-overlay right\u00a0\u00bb _builder_version=\u00a0\u00bb4.16&Prime; background_image=\u00a0\u00bbhttps:\/\/macewen.ca\/wp-content\/uploads\/2018\/01\/T8A8627a_resized-1.jpg\u00a0\u00bb global_colors_info=\u00a0\u00bb{}\u00a0\u00bb][et_pb_row column_structure=\u00a0\u00bb1_2,1_2&Prime; _builder_version=\u00a0\u00bb4.16&Prime; global_colors_info=\u00a0\u00bb{}\u00a0\u00bb][et_pb_column type=\u00a0\u00bb1_2&Prime; _builder_version=\u00a0\u00bb4.16&Prime; custom_padding=\u00a0\u00bb|||\u00a0\u00bb global_colors_info=\u00a0\u00bb{}\u00a0\u00bb custom_padding__hover=\u00a0\u00bb|||\u00a0\u00bb][\/et_pb_column][et_pb_column type=\u00a0\u00bb1_2&Prime; _builder_version=\u00a0\u00bb4.16&Prime; custom_padding=\u00a0\u00bb|||\u00a0\u00bb global_colors_info=\u00a0\u00bb{}\u00a0\u00bb custom_padding__hover=\u00a0\u00bb|||\u00a0\u00bb][et_pb_text admin_label=\u00a0\u00bbWhy it works\u00a0\u00bb _builder_version=\u00a0\u00bb4.16&Prime; text_orientation=\u00a0\u00bbcenter\u00a0\u00bb module_alignment=\u00a0\u00bbcenter\u00a0\u00bb global_colors_info=\u00a0\u00bb{}\u00a0\u00bb]<\/p>\n<h2><span class=\"eyebrow\">Avantages<\/span>Pourquoi cela fonctionne<\/h2>\n<ul class=\"large\">\n<li><strong>Commodit\u00e9<\/strong> \u2013 Nous avons un r\u00e9seau croissant de d\u00e9p\u00f4ts \u00e0 carte\u2011acc\u00e8s situ\u00e9s dans des lieux pratiques en Ontario.<\/li>\n<li><strong>Souplesse<\/strong> \u2013 Nos cartes vous permettent de contr\u00f4ler les produits qui peuvent \u00eatre achet\u00e9s, d\u2019\u00e9tablir des limites d\u2019achat, voire de fixer l\u2019heure du jour \u00e0 laquelle les cartes peuvent \u00eatre utilis\u00e9es.<\/li>\n<li><strong>Communication facile<\/strong> \u2013\u2028Notre logiciel ProFuel permet d\u2019envoyer facilement des messages personnalis\u00e9s \u00e0 vos d\u00e9tenteurs de carte.<\/li>\n<li><strong>Rapports approfondis<\/strong>\u2028\u2013 \u2013 Notre trousse logicielle pour cartes\u2011acc\u00e8s g\u00e9n\u00e8re des rapports de gestion \u2013 y compris le suivi des \u00e9conomies de carburant, v\u00e9hicule par v\u00e9hicule \u2013 dans divers formats pour convenir \u00e0 votre syst\u00e8me de comptabilit\u00e9.<\/li>\n<\/ul>\n<p>[\/et_pb_text][\/et_pb_column][\/et_pb_row][\/et_pb_section][et_pb_section fb_built=\u00a0\u00bb1&Prime; module_class=\u00a0\u00bbwhite-overlay left\u00a0\u00bb _builder_version=\u00a0\u00bb4.16&Prime; background_image=\u00a0\u00bbhttps:\/\/macewen.ca\/wp-content\/uploads\/2017\/12\/esso-cardlock-network.jpg\u00a0\u00bb global_colors_info=\u00a0\u00bb{}\u00a0\u00bb][et_pb_row column_structure=\u00a0\u00bb1_2,1_2&Prime; _builder_version=\u00a0\u00bb4.16&Prime; background_size=\u00a0\u00bbinitial\u00a0\u00bb background_position=\u00a0\u00bbtop_left\u00a0\u00bb background_repeat=\u00a0\u00bbrepeat\u00a0\u00bb global_colors_info=\u00a0\u00bb{}\u00a0\u00bb][et_pb_column type=\u00a0\u00bb1_2&Prime; _builder_version=\u00a0\u00bb4.16&Prime; custom_padding=\u00a0\u00bb|||\u00a0\u00bb global_colors_info=\u00a0\u00bb{}\u00a0\u00bb custom_padding__hover=\u00a0\u00bb|||\u00a0\u00bb][et_pb_text admin_label=\u00a0\u00bbMacEwen and Esso\u00a0\u00bb _builder_version=\u00a0\u00bb4.16&Prime; text_orientation=\u00a0\u00bbcenter\u00a0\u00bb module_alignment=\u00a0\u00bbcenter\u00a0\u00bb global_colors_info=\u00a0\u00bb{}\u00a0\u00bb]<\/p>\n<h2><span class=\"eyebrow\">R\u00e9seau d\u2019\u00e9tablissements \u00e0 carte\u2011acc\u00e8s d\u2019Esso<\/span> MacEwen et Esso<\/h2>\n<p class=\"large\">MacEwen est un grossiste de marque Esso. Ainsi, nous donnons acc\u00e8s \u00e0 nos clients au <a href=\"http:\/\/fortress.maptive.com\/ver4\/essocardlocks\" target=\"_blank\" rel=\"noopener\">Relais routier<\/a> d&rsquo;Esso. Communiquez avec un de nos experts commerciaux d\u00e8s aujourd\u2019hui et obtenez acc\u00e8s au r\u00e9seau Esso \u00e0 l\u2019\u00e9chelle du pays.<\/p>\n<p>[\/et_pb_text][\/et_pb_column][et_pb_column type=\u00a0\u00bb1_2&Prime; _builder_version=\u00a0\u00bb4.16&Prime; custom_padding=\u00a0\u00bb|||\u00a0\u00bb global_colors_info=\u00a0\u00bb{}\u00a0\u00bb custom_padding__hover=\u00a0\u00bb|||\u00a0\u00bb][\/et_pb_column][\/et_pb_row][\/et_pb_section][et_pb_section fb_built=\u00a0\u00bb1&Prime; module_class=\u00a0\u00bbgrey\u00a0\u00bb _builder_version=\u00a0\u00bb4.16&Prime; global_colors_info=\u00a0\u00bb{}\u00a0\u00bb][et_pb_row _builder_version=\u00a0\u00bb4.16&Prime; global_colors_info=\u00a0\u00bb{}\u00a0\u00bb][et_pb_column type=\u00a0\u00bb4_4&Prime; _builder_version=\u00a0\u00bb4.16&Prime; custom_padding=\u00a0\u00bb|||\u00a0\u00bb global_colors_info=\u00a0\u00bb{}\u00a0\u00bb custom_padding__hover=\u00a0\u00bb|||\u00a0\u00bb][et_pb_text admin_label=\u00a0\u00bbContact Your Nearest Location\u00a0\u00bb _builder_version=\u00a0\u00bb4.16&Prime; text_orientation=\u00a0\u00bbcenter\u00a0\u00bb global_colors_info=\u00a0\u00bb{}\u00a0\u00bb]<\/p>\n<h2><span class=\"eyebrow\">Pour nous joindre<\/span> Veuillez communiquer avec votre bureau r\u00e9gional le plus pr\u00e8s<\/h2>\n<p class=\"large\">Veuillez composer le <strong><a href=\"tel:1-800-267-7175\">1-800-267-7175<\/a><\/strong> ou saisir ci-dessous votre municipalit\u00e9 ou le code postal pour trouver l\u2019emplacement le plus pr\u00e8s de vous!<\/p>\n\n<div id=\"vue\">\n\t<find-place\n\t\ttype=\"commercial\"\n\t\tcolours=\"default\"\n\t\tprompt=\"Trouvez un emplacement\"\n\t\tresults-url=\"https:\/\/macewen.ca\/macewen-commercial\/commercial-locations\/\"\n\t\tpreselected=\"\"\n\t><\/find-place>\n<\/div>\n\n<p>[\/et_pb_text][\/et_pb_column][\/et_pb_row][\/et_pb_section]<\/p>\n","protected":false},"excerpt":{"rendered":"<p>Aper\u00e7u Maintenez&#8230;<\/p>\n","protected":false},"author":17,"featured_media":0,"parent":1537,"menu_order":0,"comment_status":"closed","ping_status":"closed","template":"","meta":{"_et_pb_use_builder":"on","_et_pb_old_content":"","_et_gb_content_width":"","footnotes":""},"class_list":["post-1719","page","type-page","status-publish","hentry"],"yoast_head":"<!-- This site is optimized with the Yoast SEO plugin v27.5 - https:\/\/yoast.com\/product\/yoast-seo-wordpress\/ -->\n<title>R\u00e9seau d\u2019\u00e9tablissements \u00e0 carte\u2011acc\u00e8s - MacEwen Petroleum Inc<\/title>\n<meta name=\"description\" content=\"Acc\u00e9dez au vaste r\u00e9seau de stations MacEwen avec la Carte Acc\u00e8s, une solution pratique pour vos d\u00e9placements professionnels.\" \/>\n<meta name=\"robots\" content=\"index, follow, max-snippet:-1, max-image-preview:large, max-video-preview:-1\" \/>\n<link rel=\"canonical\" href=\"https:\/\/macewen.ca\/fr\/commercial\/reseau-detablissements-carte%e2%80%91acces\/\" \/>\n<meta property=\"og:locale\" content=\"fr_FR\" \/>\n<meta property=\"og:type\" content=\"article\" \/>\n<meta property=\"og:title\" content=\"R\u00e9seau d\u2019\u00e9tablissements \u00e0 carte\u2011acc\u00e8s - MacEwen Petroleum Inc\" \/>\n<meta property=\"og:description\" content=\"Acc\u00e9dez au vaste r\u00e9seau de stations MacEwen avec la Carte Acc\u00e8s, une solution pratique pour vos d\u00e9placements professionnels.\" \/>\n<meta property=\"og:url\" content=\"https:\/\/macewen.ca\/fr\/commercial\/reseau-detablissements-carte%e2%80%91acces\/\" \/>\n<meta property=\"og:site_name\" content=\"MacEwen Petroleum Inc\" \/>\n<meta property=\"article:modified_time\" content=\"2024-10-03T19:59:16+00:00\" \/>\n<meta name=\"twitter:card\" content=\"summary_large_image\" \/>\n<meta name=\"twitter:label1\" content=\"Dur\u00e9e de lecture estim\u00e9e\" \/>\n\t<meta name=\"twitter:data1\" content=\"2 minutes\" \/>\n<script type=\"application\/ld+json\" class=\"yoast-schema-graph\">{\"@context\":\"https:\\\/\\\/schema.org\",\"@graph\":[{\"@type\":\"WebPage\",\"@id\":\"https:\\\/\\\/macewen.ca\\\/fr\\\/commercial\\\/reseau-detablissements-carte%e2%80%91acces\\\/\",\"url\":\"https:\\\/\\\/macewen.ca\\\/fr\\\/commercial\\\/reseau-detablissements-carte%e2%80%91acces\\\/\",\"name\":\"R\u00e9seau d\u2019\u00e9tablissements \u00e0 carte\u2011acc\u00e8s - MacEwen Petroleum Inc\",\"isPartOf\":{\"@id\":\"https:\\\/\\\/macewen.ca\\\/fr\\\/#website\"},\"datePublished\":\"2017-11-27T19:44:26+00:00\",\"dateModified\":\"2024-10-03T19:59:16+00:00\",\"description\":\"Acc\u00e9dez au vaste r\u00e9seau de stations MacEwen avec la Carte Acc\u00e8s, une solution pratique pour vos d\u00e9placements professionnels.\",\"breadcrumb\":{\"@id\":\"https:\\\/\\\/macewen.ca\\\/fr\\\/commercial\\\/reseau-detablissements-carte%e2%80%91acces\\\/#breadcrumb\"},\"inLanguage\":\"fr-FR\",\"potentialAction\":[{\"@type\":\"ReadAction\",\"target\":[\"https:\\\/\\\/macewen.ca\\\/fr\\\/commercial\\\/reseau-detablissements-carte%e2%80%91acces\\\/\"]}]},{\"@type\":\"BreadcrumbList\",\"@id\":\"https:\\\/\\\/macewen.ca\\\/fr\\\/commercial\\\/reseau-detablissements-carte%e2%80%91acces\\\/#breadcrumb\",\"itemListElement\":[{\"@type\":\"ListItem\",\"position\":1,\"name\":\"Home\",\"item\":\"https:\\\/\\\/macewen.ca\\\/fr\\\/\"},{\"@type\":\"ListItem\",\"position\":2,\"name\":\"Commercial\",\"item\":\"https:\\\/\\\/macewen.ca\\\/fr\\\/macewen-commercial\\\/\"},{\"@type\":\"ListItem\",\"position\":3,\"name\":\"R\u00e9seau d\u2019\u00e9tablissements \u00e0 carte\u2011acc\u00e8s\"}]},{\"@type\":\"WebSite\",\"@id\":\"https:\\\/\\\/macewen.ca\\\/fr\\\/#website\",\"url\":\"https:\\\/\\\/macewen.ca\\\/fr\\\/\",\"name\":\"MacEwen Petroleum Inc\",\"description\":\"Providing fuel and convenience to communities across Ontario and Quebec.\",\"publisher\":{\"@id\":\"https:\\\/\\\/macewen.ca\\\/fr\\\/#organization\"},\"potentialAction\":[{\"@type\":\"SearchAction\",\"target\":{\"@type\":\"EntryPoint\",\"urlTemplate\":\"https:\\\/\\\/macewen.ca\\\/fr\\\/?s={search_term_string}\"},\"query-input\":{\"@type\":\"PropertyValueSpecification\",\"valueRequired\":true,\"valueName\":\"search_term_string\"}}],\"inLanguage\":\"fr-FR\"},{\"@type\":\"Organization\",\"@id\":\"https:\\\/\\\/macewen.ca\\\/fr\\\/#organization\",\"name\":\"MacEwen Petroleum Inc\",\"url\":\"https:\\\/\\\/macewen.ca\\\/fr\\\/\",\"logo\":{\"@type\":\"ImageObject\",\"inLanguage\":\"fr-FR\",\"@id\":\"https:\\\/\\\/macewen.ca\\\/fr\\\/#\\\/schema\\\/logo\\\/image\\\/\",\"url\":\"https:\\\/\\\/macewen.ca\\\/wp-content\\\/uploads\\\/2017\\\/12\\\/macewen-logo.svg\",\"contentUrl\":\"https:\\\/\\\/macewen.ca\\\/wp-content\\\/uploads\\\/2017\\\/12\\\/macewen-logo.svg\",\"width\":528.137,\"height\":269.904,\"caption\":\"MacEwen Petroleum Inc\"},\"image\":{\"@id\":\"https:\\\/\\\/macewen.ca\\\/fr\\\/#\\\/schema\\\/logo\\\/image\\\/\"},\"sameAs\":[\"https:\\\/\\\/ca.linkedin.com\\\/company\\\/macewen-petroleum\"]}]}<\/script>\n<!-- \/ Yoast SEO plugin. -->","yoast_head_json":{"title":"R\u00e9seau d\u2019\u00e9tablissements \u00e0 carte\u2011acc\u00e8s - MacEwen Petroleum Inc","description":"Acc\u00e9dez au vaste r\u00e9seau de stations MacEwen avec la Carte Acc\u00e8s, une solution pratique pour vos d\u00e9placements professionnels.","robots":{"index":"index","follow":"follow","max-snippet":"max-snippet:-1","max-image-preview":"max-image-preview:large","max-video-preview":"max-video-preview:-1"},"canonical":"https:\/\/macewen.ca\/fr\/commercial\/reseau-detablissements-carte%e2%80%91acces\/","og_locale":"fr_FR","og_type":"article","og_title":"R\u00e9seau d\u2019\u00e9tablissements \u00e0 carte\u2011acc\u00e8s - MacEwen Petroleum Inc","og_description":"Acc\u00e9dez au vaste r\u00e9seau de stations MacEwen avec la Carte Acc\u00e8s, une solution pratique pour vos d\u00e9placements professionnels.","og_url":"https:\/\/macewen.ca\/fr\/commercial\/reseau-detablissements-carte%e2%80%91acces\/","og_site_name":"MacEwen Petroleum Inc","article_modified_time":"2024-10-03T19:59:16+00:00","twitter_card":"summary_large_image","twitter_misc":{"Dur\u00e9e de lecture estim\u00e9e":"2 minutes"},"schema":{"@context":"https:\/\/schema.org","@graph":[{"@type":"WebPage","@id":"https:\/\/macewen.ca\/fr\/commercial\/reseau-detablissements-carte%e2%80%91acces\/","url":"https:\/\/macewen.ca\/fr\/commercial\/reseau-detablissements-carte%e2%80%91acces\/","name":"R\u00e9seau d\u2019\u00e9tablissements \u00e0 carte\u2011acc\u00e8s - MacEwen Petroleum Inc","isPartOf":{"@id":"https:\/\/macewen.ca\/fr\/#website"},"datePublished":"2017-11-27T19:44:26+00:00","dateModified":"2024-10-03T19:59:16+00:00","description":"Acc\u00e9dez au vaste r\u00e9seau de stations MacEwen avec la Carte Acc\u00e8s, une solution pratique pour vos d\u00e9placements professionnels.","breadcrumb":{"@id":"https:\/\/macewen.ca\/fr\/commercial\/reseau-detablissements-carte%e2%80%91acces\/#breadcrumb"},"inLanguage":"fr-FR","potentialAction":[{"@type":"ReadAction","target":["https:\/\/macewen.ca\/fr\/commercial\/reseau-detablissements-carte%e2%80%91acces\/"]}]},{"@type":"BreadcrumbList","@id":"https:\/\/macewen.ca\/fr\/commercial\/reseau-detablissements-carte%e2%80%91acces\/#breadcrumb","itemListElement":[{"@type":"ListItem","position":1,"name":"Home","item":"https:\/\/macewen.ca\/fr\/"},{"@type":"ListItem","position":2,"name":"Commercial","item":"https:\/\/macewen.ca\/fr\/macewen-commercial\/"},{"@type":"ListItem","position":3,"name":"R\u00e9seau d\u2019\u00e9tablissements \u00e0 carte\u2011acc\u00e8s"}]},{"@type":"WebSite","@id":"https:\/\/macewen.ca\/fr\/#website","url":"https:\/\/macewen.ca\/fr\/","name":"MacEwen Petroleum Inc","description":"Providing fuel and convenience to communities across Ontario and Quebec.","publisher":{"@id":"https:\/\/macewen.ca\/fr\/#organization"},"potentialAction":[{"@type":"SearchAction","target":{"@type":"EntryPoint","urlTemplate":"https:\/\/macewen.ca\/fr\/?s={search_term_string}"},"query-input":{"@type":"PropertyValueSpecification","valueRequired":true,"valueName":"search_term_string"}}],"inLanguage":"fr-FR"},{"@type":"Organization","@id":"https:\/\/macewen.ca\/fr\/#organization","name":"MacEwen Petroleum Inc","url":"https:\/\/macewen.ca\/fr\/","logo":{"@type":"ImageObject","inLanguage":"fr-FR","@id":"https:\/\/macewen.ca\/fr\/#\/schema\/logo\/image\/","url":"https:\/\/macewen.ca\/wp-content\/uploads\/2017\/12\/macewen-logo.svg","contentUrl":"https:\/\/macewen.ca\/wp-content\/uploads\/2017\/12\/macewen-logo.svg","width":528.137,"height":269.904,"caption":"MacEwen Petroleum Inc"},"image":{"@id":"https:\/\/macewen.ca\/fr\/#\/schema\/logo\/image\/"},"sameAs":["https:\/\/ca.linkedin.com\/company\/macewen-petroleum"]}]}},"_links":{"self":[{"href":"https:\/\/macewen.ca\/fr\/wp-json\/wp\/v2\/pages\/1719","targetHints":{"allow":["GET"]}}],"collection":[{"href":"https:\/\/macewen.ca\/fr\/wp-json\/wp\/v2\/pages"}],"about":[{"href":"https:\/\/macewen.ca\/fr\/wp-json\/wp\/v2\/types\/page"}],"author":[{"embeddable":true,"href":"https:\/\/macewen.ca\/fr\/wp-json\/wp\/v2\/users\/17"}],"replies":[{"embeddable":true,"href":"https:\/\/macewen.ca\/fr\/wp-json\/wp\/v2\/comments?post=1719"}],"version-history":[{"count":5,"href":"https:\/\/macewen.ca\/fr\/wp-json\/wp\/v2\/pages\/1719\/revisions"}],"predecessor-version":[{"id":5457,"href":"https:\/\/macewen.ca\/fr\/wp-json\/wp\/v2\/pages\/1719\/revisions\/5457"}],"up":[{"embeddable":true,"href":"https:\/\/macewen.ca\/fr\/wp-json\/wp\/v2\/pages\/1537"}],"wp:attachment":[{"href":"https:\/\/macewen.ca\/fr\/wp-json\/wp\/v2\/media?parent=1719"}],"curies":[{"name":"wp","href":"https:\/\/api.w.org\/{rel}","templated":true}]}}