{"id":1703,"date":"2018-03-01T14:50:31","date_gmt":"2018-03-01T19:50:31","guid":{"rendered":"https:\/\/macewen.ca\/?page_id=1703"},"modified":"2024-10-03T15:55:43","modified_gmt":"2024-10-03T19:55:43","slug":"carte-de-credit-pour-parc-automobile","status":"publish","type":"page","link":"https:\/\/macewen.ca\/fr\/commercial\/carte-de-credit-pour-parc-automobile\/","title":{"rendered":"Carte de cr\u00e9dit pour parc automobile"},"content":{"rendered":"<p>[et_pb_section bb_built=\u00a0\u00bb1&Prime;][et_pb_row][et_pb_column type=\u00a0\u00bb4_4&Prime;][et_pb_text admin_label=\u00a0\u00bbUse our cards and save\u00a0\u00bb _builder_version=\u00a0\u00bb3.0.98&Prime; background_layout=\u00a0\u00bblight\u00a0\u00bb text_orientation=\u00a0\u00bbcenter\u00a0\u00bb module_alignment=\u00a0\u00bbcenter\u00a0\u00bb]<\/p>\n<h2><span class=\"eyebrow\">APER\u00c7U<\/span>Utilisez nos cartes et \u00e9conomisez<\/h2>\n<p class=\"large\">\u00cates\u2011vous propri\u00e9taire d\u2019un parc automobile? Si oui, utilisez la carte de cr\u00e9dit pour parc automobile de MacEwen dans nos emplacements de d\u00e9tail et profitez d\u2019un tarif r\u00e9duit<\/p>\n<p>[\/et_pb_text][\/et_pb_column][\/et_pb_row][et_pb_row][et_pb_column type=\u00a0\u00bb4_4&Prime;][et_pb_image _builder_version=\u00a0\u00bb3.0.92&Prime; src=\u00a0\u00bb\/wp-content\/uploads\/2018\/01\/commerical-fleet-card.jpg\u00a0\u00bb show_in_lightbox=\u00a0\u00bboff\u00a0\u00bb url_new_window=\u00a0\u00bboff\u00a0\u00bb use_overlay=\u00a0\u00bboff\u00a0\u00bb align=\u00a0\u00bbcenter\u00a0\u00bb always_center_on_mobile=\u00a0\u00bbon\u00a0\u00bb force_fullwidth=\u00a0\u00bboff\u00a0\u00bb show_bottom_space=\u00a0\u00bbon\u00a0\u00bb module_class=\u00a0\u00bbfleet-card\u00a0\u00bb \/][\/et_pb_column][\/et_pb_row][\/et_pb_section][et_pb_section bb_built=\u00a0\u00bb1&Prime; fullwidth=\u00a0\u00bboff\u00a0\u00bb specialty=\u00a0\u00bboff\u00a0\u00bb _builder_version=\u00a0\u00bb3.0.91&Prime; module_class=\u00a0\u00bbgrey\u00a0\u00bb][et_pb_row _builder_version=\u00a0\u00bb3.0.91&Prime;][et_pb_column type=\u00a0\u00bb4_4&Prime;][et_pb_text admin_label=\u00a0\u00bbVeuillez communiquer avec votre bureau r\u00e9gional le plus pr\u00e8s\u00a0\u00bb _builder_version=\u00a0\u00bb3.0.98&Prime; background_layout=\u00a0\u00bblight\u00a0\u00bb text_orientation=\u00a0\u00bbcenter\u00a0\u00bb]<\/p>\n<h2><span class=\"eyebrow\">Pour nous joindre<\/span> Veuillez communiquer avec votre bureau r\u00e9gional le plus pr\u00e8s<\/h2>\n<p class=\"large\">Veuillez composer le <strong><a href=\"tel:1-800-267-7175\">1-800-267-7175<\/a><\/strong> ou saisir ci-dessous votre municipalit\u00e9 ou le code postal pour trouver l\u2019emplacement le plus pr\u00e8s de vous!<\/p>\n\n<div id=\"vue\">\n\t<find-place\n\t\ttype=\"commercial\"\n\t\tcolours=\"default\"\n\t\tprompt=\"Trouvez un emplacement\"\n\t\tresults-url=\"https:\/\/macewen.ca\/macewen-commercial\/commercial-locations\/\"\n\t\tpreselected=\"\"\n\t><\/find-place>\n<\/div>\n\n<p>[\/et_pb_text][\/et_pb_column][\/et_pb_row][\/et_pb_section]<\/p>\n","protected":false},"excerpt":{"rendered":"<p>APER\u00c7UUtilisez nos&#8230;<\/p>\n","protected":false},"author":17,"featured_media":0,"parent":1537,"menu_order":0,"comment_status":"closed","ping_status":"closed","template":"","meta":{"_et_pb_use_builder":"on","_et_pb_old_content":"","_et_gb_content_width":"","footnotes":""},"class_list":["post-1703","page","type-page","status-publish","hentry"],"yoast_head":"<!-- This site is optimized with the Yoast SEO plugin v27.4 - https:\/\/yoast.com\/product\/yoast-seo-wordpress\/ -->\n<title>Carte de cr\u00e9dit pour parc automobile - MacEwen Petroleum Inc<\/title>\n<meta name=\"description\" content=\"D\u00e9couvrez la carte de cr\u00e9dit MacEwen pour parcs automobiles, con\u00e7ue pour simplifier la gestion de votre flotte avec des avantages exclusifs.\" \/>\n<meta name=\"robots\" content=\"index, follow, max-snippet:-1, max-image-preview:large, max-video-preview:-1\" \/>\n<link rel=\"canonical\" href=\"https:\/\/macewen.ca\/fr\/commercial\/carte-de-credit-pour-parc-automobile\/\" \/>\n<meta property=\"og:locale\" content=\"fr_FR\" \/>\n<meta property=\"og:type\" content=\"article\" \/>\n<meta property=\"og:title\" content=\"Carte de cr\u00e9dit pour parc automobile - MacEwen Petroleum Inc\" \/>\n<meta property=\"og:description\" content=\"D\u00e9couvrez la carte de cr\u00e9dit MacEwen pour parcs automobiles, con\u00e7ue pour simplifier la gestion de votre flotte avec des avantages exclusifs.\" \/>\n<meta property=\"og:url\" content=\"https:\/\/macewen.ca\/fr\/commercial\/carte-de-credit-pour-parc-automobile\/\" \/>\n<meta property=\"og:site_name\" content=\"MacEwen Petroleum Inc\" \/>\n<meta property=\"article:modified_time\" content=\"2024-10-03T19:55:43+00:00\" \/>\n<meta name=\"twitter:card\" content=\"summary_large_image\" \/>\n<meta name=\"twitter:label1\" content=\"Dur\u00e9e de lecture estim\u00e9e\" \/>\n\t<meta name=\"twitter:data1\" content=\"1 minute\" \/>\n<script type=\"application\/ld+json\" class=\"yoast-schema-graph\">{\"@context\":\"https:\\\/\\\/schema.org\",\"@graph\":[{\"@type\":\"WebPage\",\"@id\":\"https:\\\/\\\/macewen.ca\\\/fr\\\/commercial\\\/carte-de-credit-pour-parc-automobile\\\/\",\"url\":\"https:\\\/\\\/macewen.ca\\\/fr\\\/commercial\\\/carte-de-credit-pour-parc-automobile\\\/\",\"name\":\"Carte de cr\u00e9dit pour parc automobile - MacEwen Petroleum Inc\",\"isPartOf\":{\"@id\":\"https:\\\/\\\/macewen.ca\\\/fr\\\/#website\"},\"datePublished\":\"2018-03-01T19:50:31+00:00\",\"dateModified\":\"2024-10-03T19:55:43+00:00\",\"description\":\"D\u00e9couvrez la carte de cr\u00e9dit MacEwen pour parcs automobiles, con\u00e7ue pour simplifier la gestion de votre flotte avec des avantages exclusifs.\",\"breadcrumb\":{\"@id\":\"https:\\\/\\\/macewen.ca\\\/fr\\\/commercial\\\/carte-de-credit-pour-parc-automobile\\\/#breadcrumb\"},\"inLanguage\":\"fr-FR\",\"potentialAction\":[{\"@type\":\"ReadAction\",\"target\":[\"https:\\\/\\\/macewen.ca\\\/fr\\\/commercial\\\/carte-de-credit-pour-parc-automobile\\\/\"]}]},{\"@type\":\"BreadcrumbList\",\"@id\":\"https:\\\/\\\/macewen.ca\\\/fr\\\/commercial\\\/carte-de-credit-pour-parc-automobile\\\/#breadcrumb\",\"itemListElement\":[{\"@type\":\"ListItem\",\"position\":1,\"name\":\"Home\",\"item\":\"https:\\\/\\\/macewen.ca\\\/fr\\\/\"},{\"@type\":\"ListItem\",\"position\":2,\"name\":\"Commercial\",\"item\":\"https:\\\/\\\/macewen.ca\\\/fr\\\/macewen-commercial\\\/\"},{\"@type\":\"ListItem\",\"position\":3,\"name\":\"Carte de cr\u00e9dit pour parc automobile\"}]},{\"@type\":\"WebSite\",\"@id\":\"https:\\\/\\\/macewen.ca\\\/fr\\\/#website\",\"url\":\"https:\\\/\\\/macewen.ca\\\/fr\\\/\",\"name\":\"MacEwen Petroleum Inc\",\"description\":\"Providing fuel and convenience to communities across Ontario and Quebec.\",\"publisher\":{\"@id\":\"https:\\\/\\\/macewen.ca\\\/fr\\\/#organization\"},\"potentialAction\":[{\"@type\":\"SearchAction\",\"target\":{\"@type\":\"EntryPoint\",\"urlTemplate\":\"https:\\\/\\\/macewen.ca\\\/fr\\\/?s={search_term_string}\"},\"query-input\":{\"@type\":\"PropertyValueSpecification\",\"valueRequired\":true,\"valueName\":\"search_term_string\"}}],\"inLanguage\":\"fr-FR\"},{\"@type\":\"Organization\",\"@id\":\"https:\\\/\\\/macewen.ca\\\/fr\\\/#organization\",\"name\":\"MacEwen Petroleum Inc\",\"url\":\"https:\\\/\\\/macewen.ca\\\/fr\\\/\",\"logo\":{\"@type\":\"ImageObject\",\"inLanguage\":\"fr-FR\",\"@id\":\"https:\\\/\\\/macewen.ca\\\/fr\\\/#\\\/schema\\\/logo\\\/image\\\/\",\"url\":\"https:\\\/\\\/macewen.ca\\\/wp-content\\\/uploads\\\/2017\\\/12\\\/macewen-logo.svg\",\"contentUrl\":\"https:\\\/\\\/macewen.ca\\\/wp-content\\\/uploads\\\/2017\\\/12\\\/macewen-logo.svg\",\"width\":528.137,\"height\":269.904,\"caption\":\"MacEwen Petroleum Inc\"},\"image\":{\"@id\":\"https:\\\/\\\/macewen.ca\\\/fr\\\/#\\\/schema\\\/logo\\\/image\\\/\"},\"sameAs\":[\"https:\\\/\\\/ca.linkedin.com\\\/company\\\/macewen-petroleum\"]}]}<\/script>\n<!-- \/ Yoast SEO plugin. -->","yoast_head_json":{"title":"Carte de cr\u00e9dit pour parc automobile - MacEwen Petroleum Inc","description":"D\u00e9couvrez la carte de cr\u00e9dit MacEwen pour parcs automobiles, con\u00e7ue pour simplifier la gestion de votre flotte avec des avantages exclusifs.","robots":{"index":"index","follow":"follow","max-snippet":"max-snippet:-1","max-image-preview":"max-image-preview:large","max-video-preview":"max-video-preview:-1"},"canonical":"https:\/\/macewen.ca\/fr\/commercial\/carte-de-credit-pour-parc-automobile\/","og_locale":"fr_FR","og_type":"article","og_title":"Carte de cr\u00e9dit pour parc automobile - MacEwen Petroleum Inc","og_description":"D\u00e9couvrez la carte de cr\u00e9dit MacEwen pour parcs automobiles, con\u00e7ue pour simplifier la gestion de votre flotte avec des avantages exclusifs.","og_url":"https:\/\/macewen.ca\/fr\/commercial\/carte-de-credit-pour-parc-automobile\/","og_site_name":"MacEwen Petroleum Inc","article_modified_time":"2024-10-03T19:55:43+00:00","twitter_card":"summary_large_image","twitter_misc":{"Dur\u00e9e de lecture estim\u00e9e":"1 minute"},"schema":{"@context":"https:\/\/schema.org","@graph":[{"@type":"WebPage","@id":"https:\/\/macewen.ca\/fr\/commercial\/carte-de-credit-pour-parc-automobile\/","url":"https:\/\/macewen.ca\/fr\/commercial\/carte-de-credit-pour-parc-automobile\/","name":"Carte de cr\u00e9dit pour parc automobile - MacEwen Petroleum Inc","isPartOf":{"@id":"https:\/\/macewen.ca\/fr\/#website"},"datePublished":"2018-03-01T19:50:31+00:00","dateModified":"2024-10-03T19:55:43+00:00","description":"D\u00e9couvrez la carte de cr\u00e9dit MacEwen pour parcs automobiles, con\u00e7ue pour simplifier la gestion de votre flotte avec des avantages exclusifs.","breadcrumb":{"@id":"https:\/\/macewen.ca\/fr\/commercial\/carte-de-credit-pour-parc-automobile\/#breadcrumb"},"inLanguage":"fr-FR","potentialAction":[{"@type":"ReadAction","target":["https:\/\/macewen.ca\/fr\/commercial\/carte-de-credit-pour-parc-automobile\/"]}]},{"@type":"BreadcrumbList","@id":"https:\/\/macewen.ca\/fr\/commercial\/carte-de-credit-pour-parc-automobile\/#breadcrumb","itemListElement":[{"@type":"ListItem","position":1,"name":"Home","item":"https:\/\/macewen.ca\/fr\/"},{"@type":"ListItem","position":2,"name":"Commercial","item":"https:\/\/macewen.ca\/fr\/macewen-commercial\/"},{"@type":"ListItem","position":3,"name":"Carte de cr\u00e9dit pour parc automobile"}]},{"@type":"WebSite","@id":"https:\/\/macewen.ca\/fr\/#website","url":"https:\/\/macewen.ca\/fr\/","name":"MacEwen Petroleum Inc","description":"Providing fuel and convenience to communities across Ontario and Quebec.","publisher":{"@id":"https:\/\/macewen.ca\/fr\/#organization"},"potentialAction":[{"@type":"SearchAction","target":{"@type":"EntryPoint","urlTemplate":"https:\/\/macewen.ca\/fr\/?s={search_term_string}"},"query-input":{"@type":"PropertyValueSpecification","valueRequired":true,"valueName":"search_term_string"}}],"inLanguage":"fr-FR"},{"@type":"Organization","@id":"https:\/\/macewen.ca\/fr\/#organization","name":"MacEwen Petroleum Inc","url":"https:\/\/macewen.ca\/fr\/","logo":{"@type":"ImageObject","inLanguage":"fr-FR","@id":"https:\/\/macewen.ca\/fr\/#\/schema\/logo\/image\/","url":"https:\/\/macewen.ca\/wp-content\/uploads\/2017\/12\/macewen-logo.svg","contentUrl":"https:\/\/macewen.ca\/wp-content\/uploads\/2017\/12\/macewen-logo.svg","width":528.137,"height":269.904,"caption":"MacEwen Petroleum Inc"},"image":{"@id":"https:\/\/macewen.ca\/fr\/#\/schema\/logo\/image\/"},"sameAs":["https:\/\/ca.linkedin.com\/company\/macewen-petroleum"]}]}},"_links":{"self":[{"href":"https:\/\/macewen.ca\/fr\/wp-json\/wp\/v2\/pages\/1703","targetHints":{"allow":["GET"]}}],"collection":[{"href":"https:\/\/macewen.ca\/fr\/wp-json\/wp\/v2\/pages"}],"about":[{"href":"https:\/\/macewen.ca\/fr\/wp-json\/wp\/v2\/types\/page"}],"author":[{"embeddable":true,"href":"https:\/\/macewen.ca\/fr\/wp-json\/wp\/v2\/users\/17"}],"replies":[{"embeddable":true,"href":"https:\/\/macewen.ca\/fr\/wp-json\/wp\/v2\/comments?post=1703"}],"version-history":[{"count":4,"href":"https:\/\/macewen.ca\/fr\/wp-json\/wp\/v2\/pages\/1703\/revisions"}],"predecessor-version":[{"id":1942,"href":"https:\/\/macewen.ca\/fr\/wp-json\/wp\/v2\/pages\/1703\/revisions\/1942"}],"up":[{"embeddable":true,"href":"https:\/\/macewen.ca\/fr\/wp-json\/wp\/v2\/pages\/1537"}],"wp:attachment":[{"href":"https:\/\/macewen.ca\/fr\/wp-json\/wp\/v2\/media?parent=1703"}],"curies":[{"name":"wp","href":"https:\/\/api.w.org\/{rel}","templated":true}]}}