{"id":1557,"date":"2018-02-14T17:11:13","date_gmt":"2018-02-14T22:11:13","guid":{"rendered":"https:\/\/macewen.ca\/?page_id=1557"},"modified":"2018-03-12T09:34:03","modified_gmt":"2018-03-12T13:34:03","slug":"fed-en-vrac-et-mise-en-contenant","status":"publish","type":"page","link":"https:\/\/macewen.ca\/fr\/commercial\/fed\/fed-en-vrac-et-mise-en-contenant\/","title":{"rendered":"Fed en vrac et mise en contenant"},"content":{"rendered":"<p>[et_pb_section bb_built=\u00a0\u00bb1&Prime;][et_pb_row][et_pb_column type=\u00a0\u00bb1_4&Prime;][\/et_pb_column][et_pb_column type=\u00a0\u00bb1_2&Prime;][et_pb_text admin_label=\u00a0\u00bbOverview\u00a0\u00bb _builder_version=\u00a0\u00bb3.0.98&Prime; background_layout=\u00a0\u00bblight\u00a0\u00bb text_orientation=\u00a0\u00bbcenter\u00a0\u00bb module_alignment=\u00a0\u00bbcenter\u00a0\u00bb]<\/p>\n<h2><span class=\"eyebrow\">FED EN VRAC ET MISE EN CONTENANT<\/span>Nous livrons selon vos besoins<\/h2>\n<p class=\"large\">Le FED de MacEwen est offert dans de nombreux formats de contenant. Tous nos contenants offerts sont \u00e0 syst\u00e8me ferm\u00e9, ce qui garantit une puret\u00e9 maximale<\/p>\n<p><strong>Tailles de contenants de livraison pour le FED de MacEwen<\/strong><\/p>\n<ul class=\"centered\">\n<li>Vrac (TC50000)<\/li>\n<li>R\u00e9servoir portatif de 330 gallons (TC03300)<\/li>\n<li>Tambour de 55 gallons (TC00550)<\/li>\n<li>Cruche de 2,5 gallons (TC00025)<\/li>\n<li>Cruche de 1 gallon (TC00001)<\/li>\n<\/ul>\n<p class=\"large\">Au fil de la modernisation et du renouveau de votre parc automobile, votre volume de FED augmentera. Le moment est peut\u2011\u00eatre venu de consulter les experts de MacEwen \u00e0 propos du FED en vrac. <\/p>\n<p class=\"large\">MacEwen fournit du diesel en vrac \u00e0 ses clients depuis des g\u00e9n\u00e9rations; nous comprenons donc votre entreprise. Nous personnalisons nos syst\u00e8mes de FED en vrac pour r\u00e9pondre aux besoins de votre entreprise.<\/p>\n<p>[\/et_pb_text][\/et_pb_column][et_pb_column type=\u00a0\u00bb1_4&Prime;][\/et_pb_column][\/et_pb_row][\/et_pb_section][et_pb_section bb_built=\u00a0\u00bb1&Prime; _builder_version=\u00a0\u00bb3.0.91&Prime; module_class=\u00a0\u00bbgrey\u00a0\u00bb][et_pb_row _builder_version=\u00a0\u00bb3.0.91&Prime;][et_pb_column type=\u00a0\u00bb1_2&Prime;][et_pb_text admin_label=\u00a0\u00bbBulk DEF Delivery\u00a0\u00bb _builder_version=\u00a0\u00bb3.0.98&Prime; background_layout=\u00a0\u00bblight\u00a0\u00bb module_alignment=\u00a0\u00bbcenter\u00a0\u00bb]<\/p>\n<h2><span class=\"eyebrow\">LIVRAISON DE FED EN VRAC<\/span>Faites confiance aux experts de la livraison en vrac<\/h2>\n<p>[\/et_pb_text][\/et_pb_column][et_pb_column type=\u00a0\u00bb1_2&Prime;][\/et_pb_column][\/et_pb_row][et_pb_row][et_pb_column type=\u00a0\u00bb1_2&Prime;][et_pb_text admin_label=\u00a0\u00bbTrust the bulk delivery experts\u00a0\u00bb _builder_version=\u00a0\u00bb3.0.98&Prime; background_layout=\u00a0\u00bblight\u00a0\u00bb]<\/p>\n<p class=\"large\">Fort de g\u00e9n\u00e9rations d\u2019exp\u00e9rience de service de clients de vrac, MacEwen occupe une place unique en tant que chef de file canadien dans l\u2019industrie du FED. Nos clients, qui vont de parcs nationaux \u00e0 des concessionnaires de camions locaux, sont habitu\u00e9s au service haut de gamme et au FED de haute qualit\u00e9 de MacEwen.<\/p>\n<p class=\"large\">Que vous ayez besoin de FED en contenant ou de FED en vrac de grand volume, MacEwen offre un \u00e9ventail complet de services, y compris l\u2019installation de syst\u00e8mes de vrac pour les clients.<\/p>\n<p class=\"large\">Ne confiez pas la long\u00e9vit\u00e9 de vos pr\u00e9cieux moteurs diesel aux entreprises qui vendent du FED non certifi\u00e9 par l\u2019interm\u00e9diaire de compteurs non certifi\u00e9s. MacEwen vend uniquement du FED ultra pur de premi\u00e8re qualit\u00e9 MacEwen qui est certifi\u00e9 par l\u2019American Petroleum Institute. MacEwen est particuli\u00e8rement bien plac\u00e9 pour vous offrir le meilleur de l\u2019approvisionnement en FED et des syst\u00e8mes de FED au Canada.<\/p>\n<p>[\/et_pb_text][\/et_pb_column][et_pb_column type=\u00a0\u00bb1_2&Prime;][et_pb_image _builder_version=\u00a0\u00bb3.0.92&Prime; src=\u00a0\u00bbhttps:\/\/macewen.ca\/wp-content\/uploads\/2018\/01\/T8A8665a_resized.jpg\u00a0\u00bb show_in_lightbox=\u00a0\u00bboff\u00a0\u00bb url_new_window=\u00a0\u00bboff\u00a0\u00bb use_overlay=\u00a0\u00bboff\u00a0\u00bb always_center_on_mobile=\u00a0\u00bbon\u00a0\u00bb force_fullwidth=\u00a0\u00bboff\u00a0\u00bb show_bottom_space=\u00a0\u00bbon\u00a0\u00bb \/][\/et_pb_column][\/et_pb_row][et_pb_row _builder_version=\u00a0\u00bb3.0.92&Prime; custom_css_main_element=\u00a0\u00bbpadding-bottom: 6em !important;\u00a0\u00bb][et_pb_column type=\u00a0\u00bb1_2&Prime;][et_pb_text admin_label=\u00a0\u00bbCustom systems\u00a0\u00bb _builder_version=\u00a0\u00bb3.0.98&Prime; background_layout=\u00a0\u00bblight\u00a0\u00bb]<\/p>\n<h3>Syst\u00e8mes sur mesure<\/h3>\n<p class=\"large\">Chaque parc automobile \u00e9tant diff\u00e9rent, nous concevons sur mesure votre syst\u00e8me de stockage de FED en vrac. Les r\u00e9servoirs propres au FED sont offerts dans d\u2019innombrables formes et tailles, que nous faisons concorder avec votre espace et vos volumes.<\/p>\n<p class=\"large\">Nous offrons aussi des syst\u00e8mes de distribution qui rendent le remplissage de votre r\u00e9servoir de FED aussi simple que celui de votre r\u00e9servoir diesel.<\/p>\n<p>[\/et_pb_text][et_pb_text admin_label=\u00a0\u00bbReliability\u00a0\u00bb _builder_version=\u00a0\u00bb3.0.98&Prime; background_layout=\u00a0\u00bblight\u00a0\u00bb]<\/p>\n<h3>Fiabilit\u00e9<\/h3>\n<p class=\"large\">MacEwen sera toujours l\u00e0 quand vous aurez besoin de nous. Nous \u00e9tions la premi\u00e8re entreprise au Canada \u00e0 disposer d\u2019un compteur pour pompage \u00e0 d\u00e9bit massique approuv\u00e9 par Mesures Canada. Cela t\u00e9moigne de notre engagement complet d\u2019\u00eatre des chefs de file sur le march\u00e9 du FED <\/p>\n<p class=\"large\"><a href=\"\/commercial\/def\/#contactdef\">Communiquez avec nous<\/a>d\u00e8s aujourd\u2019hui pour passer \u00e0 un syst\u00e8me de FED en vrac sur mesure.<\/p>\n<p>[\/et_pb_text][\/et_pb_column][et_pb_column type=\u00a0\u00bb1_2&Prime;][et_pb_image _builder_version=\u00a0\u00bb3.0.92&Prime; src=\u00a0\u00bbhttps:\/\/macewen.ca\/wp-content\/uploads\/2018\/01\/T8A8741a_resized.jpg\u00a0\u00bb show_in_lightbox=\u00a0\u00bboff\u00a0\u00bb url_new_window=\u00a0\u00bboff\u00a0\u00bb use_overlay=\u00a0\u00bboff\u00a0\u00bb always_center_on_mobile=\u00a0\u00bbon\u00a0\u00bb force_fullwidth=\u00a0\u00bboff\u00a0\u00bb show_bottom_space=\u00a0\u00bbon\u00a0\u00bb \/][\/et_pb_column][\/et_pb_row][et_pb_row][et_pb_column type=\u00a0\u00bb4_4&Prime;][et_pb_text _builder_version=\u00a0\u00bb3.0.92&Prime; background_layout=\u00a0\u00bblight\u00a0\u00bb text_orientation=\u00a0\u00bbcenter\u00a0\u00bb]<\/p>\n<h3>Who we deliver to<\/h3>\n<p class=\"large\">MacEwen delivers to customers across virtually all industries.<\/p>\n<p>[\/et_pb_text][\/et_pb_column][\/et_pb_row][et_pb_row _builder_version=\u00a0\u00bb3.0.91&Prime; module_class=\u00a0\u00bbicon-flex-list\u00a0\u00bb][et_pb_column type=\u00a0\u00bb4_4&Prime;][et_pb_text admin_label=\u00a0\u00bbAgricultural\u00a0\u00bb _builder_version=\u00a0\u00bb3.0.98&Prime; background_layout=\u00a0\u00bblight\u00a0\u00bb text_orientation=\u00a0\u00bbcenter\u00a0\u00bb]<\/p>\n<p><img decoding=\"async\" src=\"\/wp-content\/uploads\/2017\/12\/agricultural.svg\" alt=\"Agricultural\" width=\"85\" height=\"85\"><\/p>\n<p><strong>Agriculture<\/strong><\/p>\n<p>[\/et_pb_text][et_pb_text admin_label=\u00a0\u00bbConstruction\u00a0\u00bb _builder_version=\u00a0\u00bb3.0.98&Prime; background_layout=\u00a0\u00bblight\u00a0\u00bb text_orientation=\u00a0\u00bbcenter\u00a0\u00bb]<\/p>\n<p><img decoding=\"async\" src=\"\/wp-content\/uploads\/2017\/12\/construction.svg\" alt=\"Construction\" width=\"87\" height=\"85\" \/><\/p>\n<p><strong>Construction<\/strong><\/p>\n<p>[\/et_pb_text][et_pb_text admin_label=\u00a0\u00bbForestry\u00a0\u00bb _builder_version=\u00a0\u00bb3.0.98&Prime; background_layout=\u00a0\u00bblight\u00a0\u00bb text_orientation=\u00a0\u00bbcenter\u00a0\u00bb]<\/p>\n<p><img decoding=\"async\" src=\"\/wp-content\/uploads\/2017\/12\/forestry.svg\" alt=\"Forestry\" width=\"85\" height=\"85\"><\/p>\n<p><strong>Foresterie<\/strong><\/p>\n<p>[\/et_pb_text][et_pb_text admin_label=\u00a0\u00bbManufacturing\u00a0\u00bb _builder_version=\u00a0\u00bb3.0.98&Prime; background_layout=\u00a0\u00bblight\u00a0\u00bb text_orientation=\u00a0\u00bbcenter\u00a0\u00bb]<\/p>\n<p><img decoding=\"async\" src=\"\/wp-content\/uploads\/2017\/12\/manufacturing.svg\" alt=\"Manufacturing\" width=\"75\" height=\"85\"><\/p>\n<p><strong>Fabrication<\/strong><\/p>\n<p>[\/et_pb_text][et_pb_text admin_label=\u00a0\u00bbMarine\u00a0\u00bb _builder_version=\u00a0\u00bb3.0.98&Prime; background_layout=\u00a0\u00bblight\u00a0\u00bb text_orientation=\u00a0\u00bbcenter\u00a0\u00bb]<\/p>\n<p><img decoding=\"async\" src=\"\/wp-content\/uploads\/2017\/12\/marine.svg\" alt=\"Marine\" width=\"66\" height=\"85\" \/><\/p>\n<p><strong>Marine<\/strong><\/p>\n<p>[\/et_pb_text][et_pb_text admin_label=\u00a0\u00bbMining\u00a0\u00bb _builder_version=\u00a0\u00bb3.0.98&Prime; background_layout=\u00a0\u00bblight\u00a0\u00bb text_orientation=\u00a0\u00bbcenter\u00a0\u00bb]<\/p>\n<p><img decoding=\"async\" src=\"\/wp-content\/uploads\/2017\/12\/mining.svg\" alt=\"Mining\" width=\"85\" height=\"71\"><\/p>\n<p><strong>Industrie mini\u00e8re<\/strong><\/p>\n<p>[\/et_pb_text][et_pb_text admin_label=\u00a0\u00bbTransportation\u00a0\u00bb _builder_version=\u00a0\u00bb3.0.98&Prime; background_layout=\u00a0\u00bblight\u00a0\u00bb text_orientation=\u00a0\u00bbcenter\u00a0\u00bb]<\/p>\n<p><img decoding=\"async\" src=\"\/wp-content\/uploads\/2017\/12\/transportation.svg\" alt=\"Transportation\" width=\"75\" height=\"85\"><\/p>\n<p><strong>Transport<\/strong><\/p>\n<p>[\/et_pb_text][\/et_pb_column][\/et_pb_row][\/et_pb_section][et_pb_section bb_built=\u00a0\u00bb1&Prime; fullwidth=\u00a0\u00bboff\u00a0\u00bb specialty=\u00a0\u00bboff\u00a0\u00bb][et_pb_row][et_pb_column type=\u00a0\u00bb4_4&Prime;][et_pb_text _builder_version=\u00a0\u00bb3.0.98&Prime; background_layout=\u00a0\u00bblight\u00a0\u00bb text_orientation=\u00a0\u00bbcenter\u00a0\u00bb]<\/p>\n<h2><span class=\"eyebrow\">Equipement FED<\/span>Nous avons tout cela<\/h2>\n<p class=\"large\">\u00c0 titre de partenaire avec service complet, nous offrons un \u00e9quipement de FED de haute qualit\u00e9 afin d\u2019assurer \u00e0 nos clients les magasins, la fourniture, le transfert et le maintien des approvisionnements en mati\u00e8re de FED de MacEwen aussi efficacement que possible. Nous travaillerons avec vous pour d\u00e9terminer le bon \u00e9quipement qui correspondra \u00e0 vos besoins actuels et anticip\u00e9s en mati\u00e8re de FED. <a href=\"\/commercial\/def\/#contactdef\">Contactez-nous<\/a>pour de plus amples renseignements.<\/p>\n<p>[\/et_pb_text][\/et_pb_column][\/et_pb_row][et_pb_row][et_pb_column type=\u00a0\u00bb1_4&Prime;][et_pb_image _builder_version=\u00a0\u00bb3.0.92&Prime; src=\u00a0\u00bbhttps:\/\/macewen.ca\/wp-content\/uploads\/2018\/01\/T8A8721a_resized_square.jpg\u00a0\u00bb show_in_lightbox=\u00a0\u00bboff\u00a0\u00bb url_new_window=\u00a0\u00bboff\u00a0\u00bb use_overlay=\u00a0\u00bboff\u00a0\u00bb always_center_on_mobile=\u00a0\u00bbon\u00a0\u00bb force_fullwidth=\u00a0\u00bboff\u00a0\u00bb show_bottom_space=\u00a0\u00bbon\u00a0\u00bb module_class=\u00a0\u00bbcircle\u00a0\u00bb \/][et_pb_text admin_label=\u00a0\u00bbCustomer Bulk Tanks\u00a0\u00bb _builder_version=\u00a0\u00bb3.0.98&Prime; background_layout=\u00a0\u00bblight\u00a0\u00bb text_orientation=\u00a0\u00bbcenter\u00a0\u00bb]<\/p>\n<p>Grosses citernes pour les clients<\/p>\n<p>[\/et_pb_text][\/et_pb_column][et_pb_column type=\u00a0\u00bb1_4&Prime;][et_pb_image _builder_version=\u00a0\u00bb3.0.98&Prime; src=\u00a0\u00bbhttps:\/\/macewen.ca\/wp-content\/uploads\/2018\/03\/re_Tecalemit-FMT3-Meter-1024&#215;768-1.jpg\u00a0\u00bb show_in_lightbox=\u00a0\u00bboff\u00a0\u00bb url_new_window=\u00a0\u00bboff\u00a0\u00bb use_overlay=\u00a0\u00bboff\u00a0\u00bb always_center_on_mobile=\u00a0\u00bbon\u00a0\u00bb force_fullwidth=\u00a0\u00bboff\u00a0\u00bb show_bottom_space=\u00a0\u00bbon\u00a0\u00bb module_class=\u00a0\u00bbcircle\u00a0\u00bb \/][et_pb_text admin_label=\u00a0\u00bbWeights and Measures approved Metering Equipment\u00a0\u00bb _builder_version=\u00a0\u00bb3.0.98&Prime; background_layout=\u00a0\u00bblight\u00a0\u00bb text_orientation=\u00a0\u00bbcenter\u00a0\u00bb]<\/p>\n<p>Appareillage de mesure et de poids approuv\u00e9<\/p>\n<p>[\/et_pb_text][\/et_pb_column][et_pb_column type=\u00a0\u00bb1_4&Prime;][et_pb_image _builder_version=\u00a0\u00bb3.0.98&Prime; src=\u00a0\u00bbhttps:\/\/macewen.ca\/wp-content\/uploads\/2018\/03\/re_330GAL-Tote-Tecalemit-Pump-768&#215;1024-1.jpg\u00a0\u00bb show_in_lightbox=\u00a0\u00bboff\u00a0\u00bb url_new_window=\u00a0\u00bboff\u00a0\u00bb use_overlay=\u00a0\u00bboff\u00a0\u00bb always_center_on_mobile=\u00a0\u00bbon\u00a0\u00bb force_fullwidth=\u00a0\u00bboff\u00a0\u00bb show_bottom_space=\u00a0\u00bbon\u00a0\u00bb module_class=\u00a0\u00bbcircle\u00a0\u00bb \/][et_pb_text admin_label=\u00a0\u00bbElectric DEF Pump \u2013 Included with Tote\u00a0\u00bb _builder_version=\u00a0\u00bb3.0.98&Prime; background_layout=\u00a0\u00bblight\u00a0\u00bb text_orientation=\u00a0\u00bbcenter\u00a0\u00bb]<\/p>\n<p>Pompe de FED \u00e9lectrique \u2013 avec un fourre-tout inclus<\/p>\n<p>[\/et_pb_text][\/et_pb_column][et_pb_column type=\u00a0\u00bb1_4&Prime;][et_pb_image _builder_version=\u00a0\u00bb3.0.92&Prime; src=\u00a0\u00bbhttps:\/\/macewen.ca\/wp-content\/uploads\/2018\/01\/26935736709_d5fea2d38d_k_resized_square.jpg\u00a0\u00bb show_in_lightbox=\u00a0\u00bboff\u00a0\u00bb url_new_window=\u00a0\u00bboff\u00a0\u00bb use_overlay=\u00a0\u00bboff\u00a0\u00bb always_center_on_mobile=\u00a0\u00bbon\u00a0\u00bb force_fullwidth=\u00a0\u00bboff\u00a0\u00bb show_bottom_space=\u00a0\u00bbon\u00a0\u00bb module_class=\u00a0\u00bbcircle\u00a0\u00bb \/][et_pb_text admin_label=\u00a0\u00bbCold Weather DEF Dispenser\u00a0\u00bb _builder_version=\u00a0\u00bb3.0.98&Prime; background_layout=\u00a0\u00bblight\u00a0\u00bb text_orientation=\u00a0\u00bbcenter\u00a0\u00bb]<\/p>\n<p>Distributeur de FED pour temps froid<\/p>\n<p>[\/et_pb_text][\/et_pb_column][\/et_pb_row][et_pb_row][et_pb_column type=\u00a0\u00bb1_3&Prime;][et_pb_image _builder_version=\u00a0\u00bb3.0.92&Prime; src=\u00a0\u00bbhttps:\/\/macewen.ca\/wp-content\/uploads\/2018\/01\/T8A8789a_resized_square.jpg\u00a0\u00bb show_in_lightbox=\u00a0\u00bboff\u00a0\u00bb url_new_window=\u00a0\u00bboff\u00a0\u00bb use_overlay=\u00a0\u00bboff\u00a0\u00bb always_center_on_mobile=\u00a0\u00bbon\u00a0\u00bb force_fullwidth=\u00a0\u00bboff\u00a0\u00bb show_bottom_space=\u00a0\u00bbon\u00a0\u00bb module_class=\u00a0\u00bbcircle\u00a0\u00bb \/][et_pb_text admin_label=\u00a0\u00bbEnclosed DEF storage unit with temperature control\u00a0\u00bb _builder_version=\u00a0\u00bb3.0.98&Prime; background_layout=\u00a0\u00bblight\u00a0\u00bb text_orientation=\u00a0\u00bbcenter\u00a0\u00bb]<\/p>\n<p>Unit\u00e9 de stockage de FED ferm\u00e9e avec contr\u00f4le de temp\u00e9rature<\/p>\n<p>[\/et_pb_text][\/et_pb_column][et_pb_column type=\u00a0\u00bb1_3&Prime;][et_pb_image _builder_version=\u00a0\u00bb3.0.92&Prime; src=\u00a0\u00bbhttps:\/\/macewen.ca\/wp-content\/uploads\/2018\/01\/37994033884_34695cd768_k_resized_square.jpg\u00a0\u00bb show_in_lightbox=\u00a0\u00bboff\u00a0\u00bb url_new_window=\u00a0\u00bboff\u00a0\u00bb use_overlay=\u00a0\u00bboff\u00a0\u00bb always_center_on_mobile=\u00a0\u00bbon\u00a0\u00bb force_fullwidth=\u00a0\u00bboff\u00a0\u00bb show_bottom_space=\u00a0\u00bbon\u00a0\u00bb module_class=\u00a0\u00bbcircle\u00a0\u00bb \/][et_pb_text admin_label=\u00a0\u00bbBenecor Insulated Tank\u00a0\u00bb _builder_version=\u00a0\u00bb3.0.98&Prime; background_layout=\u00a0\u00bblight\u00a0\u00bb text_orientation=\u00a0\u00bbcenter\u00a0\u00bb]<\/p>\n<p>Citerne isol\u00e9e Benecor<\/p>\n<p>[\/et_pb_text][\/et_pb_column][et_pb_column type=\u00a0\u00bb1_3&Prime;][et_pb_image _builder_version=\u00a0\u00bb3.0.92&Prime; src=\u00a0\u00bbhttps:\/\/macewen.ca\/wp-content\/uploads\/2018\/01\/26935734509_61fa53b02a_k_resized_square.jpg\u00a0\u00bb show_in_lightbox=\u00a0\u00bboff\u00a0\u00bb url_new_window=\u00a0\u00bboff\u00a0\u00bb use_overlay=\u00a0\u00bboff\u00a0\u00bb always_center_on_mobile=\u00a0\u00bbon\u00a0\u00bb force_fullwidth=\u00a0\u00bboff\u00a0\u00bb show_bottom_space=\u00a0\u00bbon\u00a0\u00bb module_class=\u00a0\u00bbcircle\u00a0\u00bb \/][et_pb_text admin_label=\u00a0\u00bbMacEwen Bulk DEF Trucks\u00a0\u00bb _builder_version=\u00a0\u00bb3.0.98&Prime; background_layout=\u00a0\u00bblight\u00a0\u00bb text_orientation=\u00a0\u00bbcenter\u00a0\u00bb]<\/p>\n<p>Camions de MacEwen de FED en grandes quantit\u00e9s<\/p>\n<p>[\/et_pb_text][\/et_pb_column][\/et_pb_row][\/et_pb_section][et_pb_section bb_built=\u00a0\u00bb1&Prime; fullwidth=\u00a0\u00bboff\u00a0\u00bb specialty=\u00a0\u00bboff\u00a0\u00bb _builder_version=\u00a0\u00bb3.0.91&Prime; module_class=\u00a0\u00bbgrey\u00a0\u00bb][et_pb_row _builder_version=\u00a0\u00bb3.0.91&Prime;][et_pb_column type=\u00a0\u00bb4_4&Prime;][et_pb_text _builder_version=\u00a0\u00bb3.0.91&Prime; background_layout=\u00a0\u00bblight\u00a0\u00bb text_orientation=\u00a0\u00bbcenter\u00a0\u00bb]<\/p>\n<h2><span class=\"eyebrow\">Contact Us<\/span> Interested? Get In Touch.<\/h2>\n<p class=\"large\">Have a question about MacEwen DEF? Want to inquire about bulk DEF delivery or learn more about pricing?<\/p>\n<p>[\/et_pb_text][et_pb_button admin_label=\u00a0\u00bbContact Us\u00a0\u00bb _builder_version=\u00a0\u00bb3.0.91&Prime; button_text=\u00a0\u00bbContact Us\u00a0\u00bb button_url=\u00a0\u00bb\/commercial\/def\/#contactdef\u00a0\u00bb url_new_window=\u00a0\u00bboff\u00a0\u00bb button_alignment=\u00a0\u00bbcenter\u00a0\u00bb background_layout=\u00a0\u00bblight\u00a0\u00bb custom_button=\u00a0\u00bboff\u00a0\u00bb button_icon_placement=\u00a0\u00bbright\u00a0\u00bb \/][\/et_pb_column][\/et_pb_row][\/et_pb_section]<\/p>\n","protected":false},"excerpt":{"rendered":"<p>FED EN VRAC ET&#8230;<\/p>\n","protected":false},"author":17,"featured_media":0,"parent":1550,"menu_order":0,"comment_status":"closed","ping_status":"closed","template":"","meta":{"_et_pb_use_builder":"on","_et_pb_old_content":"","_et_gb_content_width":"","footnotes":""},"class_list":["post-1557","page","type-page","status-publish","hentry"],"yoast_head":"<!-- This site is optimized with the Yoast SEO plugin v27.5 - https:\/\/yoast.com\/product\/yoast-seo-wordpress\/ -->\n<title>Fed en vrac et mise en contenant - MacEwen Petroleum Inc<\/title>\n<meta name=\"robots\" content=\"index, follow, max-snippet:-1, max-image-preview:large, max-video-preview:-1\" \/>\n<link rel=\"canonical\" href=\"https:\/\/macewen.ca\/fr\/commercial\/fed\/fed-en-vrac-et-mise-en-contenant\/\" \/>\n<meta property=\"og:locale\" content=\"fr_FR\" \/>\n<meta property=\"og:type\" content=\"article\" \/>\n<meta property=\"og:title\" content=\"Fed en vrac et mise en contenant - MacEwen Petroleum Inc\" \/>\n<meta property=\"og:description\" content=\"FED EN VRAC ET...\" \/>\n<meta property=\"og:url\" content=\"https:\/\/macewen.ca\/fr\/commercial\/fed\/fed-en-vrac-et-mise-en-contenant\/\" \/>\n<meta property=\"og:site_name\" content=\"MacEwen Petroleum Inc\" \/>\n<meta property=\"article:modified_time\" content=\"2018-03-12T13:34:03+00:00\" \/>\n<meta name=\"twitter:card\" content=\"summary_large_image\" \/>\n<meta name=\"twitter:label1\" content=\"Dur\u00e9e de lecture estim\u00e9e\" \/>\n\t<meta name=\"twitter:data1\" content=\"9 minutes\" \/>\n<script type=\"application\/ld+json\" class=\"yoast-schema-graph\">{\"@context\":\"https:\\\/\\\/schema.org\",\"@graph\":[{\"@type\":\"WebPage\",\"@id\":\"https:\\\/\\\/macewen.ca\\\/fr\\\/commercial\\\/fed\\\/fed-en-vrac-et-mise-en-contenant\\\/\",\"url\":\"https:\\\/\\\/macewen.ca\\\/fr\\\/commercial\\\/fed\\\/fed-en-vrac-et-mise-en-contenant\\\/\",\"name\":\"Fed en vrac et mise en contenant - MacEwen Petroleum Inc\",\"isPartOf\":{\"@id\":\"https:\\\/\\\/macewen.ca\\\/fr\\\/#website\"},\"datePublished\":\"2018-02-14T22:11:13+00:00\",\"dateModified\":\"2018-03-12T13:34:03+00:00\",\"breadcrumb\":{\"@id\":\"https:\\\/\\\/macewen.ca\\\/fr\\\/commercial\\\/fed\\\/fed-en-vrac-et-mise-en-contenant\\\/#breadcrumb\"},\"inLanguage\":\"fr-FR\",\"potentialAction\":[{\"@type\":\"ReadAction\",\"target\":[\"https:\\\/\\\/macewen.ca\\\/fr\\\/commercial\\\/fed\\\/fed-en-vrac-et-mise-en-contenant\\\/\"]}]},{\"@type\":\"BreadcrumbList\",\"@id\":\"https:\\\/\\\/macewen.ca\\\/fr\\\/commercial\\\/fed\\\/fed-en-vrac-et-mise-en-contenant\\\/#breadcrumb\",\"itemListElement\":[{\"@type\":\"ListItem\",\"position\":1,\"name\":\"Home\",\"item\":\"https:\\\/\\\/macewen.ca\\\/fr\\\/\"},{\"@type\":\"ListItem\",\"position\":2,\"name\":\"Commercial\",\"item\":\"https:\\\/\\\/macewen.ca\\\/fr\\\/macewen-commercial\\\/\"},{\"@type\":\"ListItem\",\"position\":3,\"name\":\"FED\",\"item\":\"https:\\\/\\\/macewen.ca\\\/fr\\\/macewen-commercial\\\/def\\\/\"},{\"@type\":\"ListItem\",\"position\":4,\"name\":\"Fed en vrac et mise en contenant\"}]},{\"@type\":\"WebSite\",\"@id\":\"https:\\\/\\\/macewen.ca\\\/fr\\\/#website\",\"url\":\"https:\\\/\\\/macewen.ca\\\/fr\\\/\",\"name\":\"MacEwen Petroleum Inc\",\"description\":\"Providing fuel and convenience to communities across Ontario and Quebec.\",\"publisher\":{\"@id\":\"https:\\\/\\\/macewen.ca\\\/fr\\\/#organization\"},\"potentialAction\":[{\"@type\":\"SearchAction\",\"target\":{\"@type\":\"EntryPoint\",\"urlTemplate\":\"https:\\\/\\\/macewen.ca\\\/fr\\\/?s={search_term_string}\"},\"query-input\":{\"@type\":\"PropertyValueSpecification\",\"valueRequired\":true,\"valueName\":\"search_term_string\"}}],\"inLanguage\":\"fr-FR\"},{\"@type\":\"Organization\",\"@id\":\"https:\\\/\\\/macewen.ca\\\/fr\\\/#organization\",\"name\":\"MacEwen Petroleum Inc\",\"url\":\"https:\\\/\\\/macewen.ca\\\/fr\\\/\",\"logo\":{\"@type\":\"ImageObject\",\"inLanguage\":\"fr-FR\",\"@id\":\"https:\\\/\\\/macewen.ca\\\/fr\\\/#\\\/schema\\\/logo\\\/image\\\/\",\"url\":\"https:\\\/\\\/macewen.ca\\\/wp-content\\\/uploads\\\/2017\\\/12\\\/macewen-logo.svg\",\"contentUrl\":\"https:\\\/\\\/macewen.ca\\\/wp-content\\\/uploads\\\/2017\\\/12\\\/macewen-logo.svg\",\"width\":528.137,\"height\":269.904,\"caption\":\"MacEwen Petroleum Inc\"},\"image\":{\"@id\":\"https:\\\/\\\/macewen.ca\\\/fr\\\/#\\\/schema\\\/logo\\\/image\\\/\"},\"sameAs\":[\"https:\\\/\\\/ca.linkedin.com\\\/company\\\/macewen-petroleum\"]}]}<\/script>\n<!-- \/ Yoast SEO plugin. -->","yoast_head_json":{"title":"Fed en vrac et mise en contenant - MacEwen Petroleum Inc","robots":{"index":"index","follow":"follow","max-snippet":"max-snippet:-1","max-image-preview":"max-image-preview:large","max-video-preview":"max-video-preview:-1"},"canonical":"https:\/\/macewen.ca\/fr\/commercial\/fed\/fed-en-vrac-et-mise-en-contenant\/","og_locale":"fr_FR","og_type":"article","og_title":"Fed en vrac et mise en contenant - MacEwen Petroleum Inc","og_description":"FED EN VRAC ET...","og_url":"https:\/\/macewen.ca\/fr\/commercial\/fed\/fed-en-vrac-et-mise-en-contenant\/","og_site_name":"MacEwen Petroleum Inc","article_modified_time":"2018-03-12T13:34:03+00:00","twitter_card":"summary_large_image","twitter_misc":{"Dur\u00e9e de lecture estim\u00e9e":"9 minutes"},"schema":{"@context":"https:\/\/schema.org","@graph":[{"@type":"WebPage","@id":"https:\/\/macewen.ca\/fr\/commercial\/fed\/fed-en-vrac-et-mise-en-contenant\/","url":"https:\/\/macewen.ca\/fr\/commercial\/fed\/fed-en-vrac-et-mise-en-contenant\/","name":"Fed en vrac et mise en contenant - MacEwen Petroleum Inc","isPartOf":{"@id":"https:\/\/macewen.ca\/fr\/#website"},"datePublished":"2018-02-14T22:11:13+00:00","dateModified":"2018-03-12T13:34:03+00:00","breadcrumb":{"@id":"https:\/\/macewen.ca\/fr\/commercial\/fed\/fed-en-vrac-et-mise-en-contenant\/#breadcrumb"},"inLanguage":"fr-FR","potentialAction":[{"@type":"ReadAction","target":["https:\/\/macewen.ca\/fr\/commercial\/fed\/fed-en-vrac-et-mise-en-contenant\/"]}]},{"@type":"BreadcrumbList","@id":"https:\/\/macewen.ca\/fr\/commercial\/fed\/fed-en-vrac-et-mise-en-contenant\/#breadcrumb","itemListElement":[{"@type":"ListItem","position":1,"name":"Home","item":"https:\/\/macewen.ca\/fr\/"},{"@type":"ListItem","position":2,"name":"Commercial","item":"https:\/\/macewen.ca\/fr\/macewen-commercial\/"},{"@type":"ListItem","position":3,"name":"FED","item":"https:\/\/macewen.ca\/fr\/macewen-commercial\/def\/"},{"@type":"ListItem","position":4,"name":"Fed en vrac et mise en contenant"}]},{"@type":"WebSite","@id":"https:\/\/macewen.ca\/fr\/#website","url":"https:\/\/macewen.ca\/fr\/","name":"MacEwen Petroleum Inc","description":"Providing fuel and convenience to communities across Ontario and Quebec.","publisher":{"@id":"https:\/\/macewen.ca\/fr\/#organization"},"potentialAction":[{"@type":"SearchAction","target":{"@type":"EntryPoint","urlTemplate":"https:\/\/macewen.ca\/fr\/?s={search_term_string}"},"query-input":{"@type":"PropertyValueSpecification","valueRequired":true,"valueName":"search_term_string"}}],"inLanguage":"fr-FR"},{"@type":"Organization","@id":"https:\/\/macewen.ca\/fr\/#organization","name":"MacEwen Petroleum Inc","url":"https:\/\/macewen.ca\/fr\/","logo":{"@type":"ImageObject","inLanguage":"fr-FR","@id":"https:\/\/macewen.ca\/fr\/#\/schema\/logo\/image\/","url":"https:\/\/macewen.ca\/wp-content\/uploads\/2017\/12\/macewen-logo.svg","contentUrl":"https:\/\/macewen.ca\/wp-content\/uploads\/2017\/12\/macewen-logo.svg","width":528.137,"height":269.904,"caption":"MacEwen Petroleum Inc"},"image":{"@id":"https:\/\/macewen.ca\/fr\/#\/schema\/logo\/image\/"},"sameAs":["https:\/\/ca.linkedin.com\/company\/macewen-petroleum"]}]}},"_links":{"self":[{"href":"https:\/\/macewen.ca\/fr\/wp-json\/wp\/v2\/pages\/1557","targetHints":{"allow":["GET"]}}],"collection":[{"href":"https:\/\/macewen.ca\/fr\/wp-json\/wp\/v2\/pages"}],"about":[{"href":"https:\/\/macewen.ca\/fr\/wp-json\/wp\/v2\/types\/page"}],"author":[{"embeddable":true,"href":"https:\/\/macewen.ca\/fr\/wp-json\/wp\/v2\/users\/17"}],"replies":[{"embeddable":true,"href":"https:\/\/macewen.ca\/fr\/wp-json\/wp\/v2\/comments?post=1557"}],"version-history":[{"count":4,"href":"https:\/\/macewen.ca\/fr\/wp-json\/wp\/v2\/pages\/1557\/revisions"}],"predecessor-version":[{"id":1948,"href":"https:\/\/macewen.ca\/fr\/wp-json\/wp\/v2\/pages\/1557\/revisions\/1948"}],"up":[{"embeddable":true,"href":"https:\/\/macewen.ca\/fr\/wp-json\/wp\/v2\/pages\/1550"}],"wp:attachment":[{"href":"https:\/\/macewen.ca\/fr\/wp-json\/wp\/v2\/media?parent=1557"}],"curies":[{"name":"wp","href":"https:\/\/api.w.org\/{rel}","templated":true}]}}