{"id":1555,"date":"2018-02-14T16:07:59","date_gmt":"2018-02-14T21:07:59","guid":{"rendered":"https:\/\/macewen.ca\/?page_id=1555"},"modified":"2024-10-03T15:57:44","modified_gmt":"2024-10-03T19:57:44","slug":"propos-du-fed","status":"publish","type":"page","link":"https:\/\/macewen.ca\/fr\/commercial\/fed\/propos-du-fed\/","title":{"rendered":"\u00c0 propos du FED"},"content":{"rendered":"<p>[et_pb_section bb_built=\u00a0\u00bb1&Prime;][et_pb_row][et_pb_column type=\u00a0\u00bb4_4&Prime;][et_pb_text admin_label=\u00a0\u00bbOverview\u00a0\u00bb _builder_version=\u00a0\u00bb3.0.98&Prime; background_layout=\u00a0\u00bblight\u00a0\u00bb text_orientation=\u00a0\u00bbcenter\u00a0\u00bb module_alignment=\u00a0\u00bbcenter\u00a0\u00bb]<\/p>\n<h2><span class=\"eyebrow\">APER\u00c7U<\/span>Qu\u2019est\u2011ce que le fluide d\u2019\u00e9chappement diesel?<\/h2>\n<p>[\/et_pb_text][\/et_pb_column][\/et_pb_row][et_pb_row][et_pb_column type=\u00a0\u00bb1_2&Prime;][et_pb_image _builder_version=\u00a0\u00bb3.0.91&Prime; src=\u00a0\u00bb\/wp-content\/uploads\/2017\/12\/about-def.png\u00a0\u00bb show_in_lightbox=\u00a0\u00bboff\u00a0\u00bb url_new_window=\u00a0\u00bboff\u00a0\u00bb use_overlay=\u00a0\u00bboff\u00a0\u00bb always_center_on_mobile=\u00a0\u00bbon\u00a0\u00bb force_fullwidth=\u00a0\u00bboff\u00a0\u00bb show_bottom_space=\u00a0\u00bbon\u00a0\u00bb \/][\/et_pb_column][et_pb_column type=\u00a0\u00bb1_2&Prime;][et_pb_text admin_label=\u00a0\u00bbQu\u2019est\u2011ce que le fluide d\u2019\u00e9chappement diesel?\u00a0\u00bb _builder_version=\u00a0\u00bb3.0.98&Prime; background_layout=\u00a0\u00bblight\u00a0\u00bb]<\/p>\n<p class=\"large\">Le fluide d\u2019\u00e9chappement diesel (FED) est devenu la principale m\u00e9thode pour contr\u00f4ler les \u00e9missions d\u2019oxydes d\u2019azote (NOx) produites par les moteurs diesel, un polluant qui est dommageable pour notre sant\u00e9 et pour l\u2019environnement en contribuant \u00e0 la pluie acide et \u00e0 la formation de smog. Depuis 2010, les r\u00e8glements pris en vertu de la loi sur la propret\u00e9 de l\u2019air des \u00c9tats\u2011Unis, la Clean Air Act, ont impos\u00e9 de strictes limites quant aux \u00e9missions produites par les nouveaux v\u00e9hicules diesel.<\/p>\n<p class=\"large\">Le FED est une solution de grande puret\u00e9 compos\u00e9e \u00e0 32,5\u00a0% d\u2019ur\u00e9e de classe automobile et \u00e0 67,5\u00a0% d\u2019eau pure d\u00e9sionis\u00e9e. Il fonctionne de concert avec une technologie de r\u00e9duction s\u00e9lective catalytique (RSC) pour r\u00e9duire les \u00e9missions de NOx. Le FED est une solution inodore, incolore, ininflammable et non toxique qui est sans danger pour les personnes, l\u2019\u00e9quipement et l\u2019environnement.<\/p>\n<p class=\"large\">Le FED est inject\u00e9 dans le syst\u00e8me d\u2019\u00e9chappement des moteurs diesel munis d\u2019un syst\u00e8me de RSC. Il d\u00e9compose les mol\u00e9cules de NOx en azote et en eau sans danger.<\/p>\n<p>[\/et_pb_text][\/et_pb_column][\/et_pb_row][\/et_pb_section][et_pb_section bb_built=\u00a0\u00bb1&Prime; _builder_version=\u00a0\u00bb3.0.91&Prime; module_class=\u00a0\u00bbgrey\u00a0\u00bb][et_pb_row _builder_version=\u00a0\u00bb3.0.91&Prime;][et_pb_column type=\u00a0\u00bb1_2&Prime;][et_pb_text admin_label=\u00a0\u00bbSTOCKAGE ET QUALIT\u00c9\u00a0\u00bb _builder_version=\u00a0\u00bb3.0.98&Prime; background_layout=\u00a0\u00bblight\u00a0\u00bb module_alignment=\u00a0\u00bbcenter\u00a0\u00bb]<\/p>\n<h2><span class=\"eyebrow\">STOCKAGE ET QUALIT\u00c9<\/span>Seulement les meilleures m\u00e9thodes<\/h2>\n<p>[\/et_pb_text][\/et_pb_column][et_pb_column type=\u00a0\u00bb1_2&Prime;][\/et_pb_column][\/et_pb_row][et_pb_row][et_pb_column type=\u00a0\u00bb1_2&Prime;][et_pb_text admin_label=\u00a0\u00bbStockage du FED\u00a0\u00bb _builder_version=\u00a0\u00bb3.0.98&Prime; background_layout=\u00a0\u00bblight\u00a0\u00bb]<\/p>\n<h3>Stockage du FED<\/h3>\n<p class=\"large\">Il est crucial de maintenir la puret\u00e9 du FED de fa\u00e7on \u00e0 contribuer au bon fonctionnement des moteurs munis d\u2019un syst\u00e8me de RSC au fil du temps.<\/p>\n<p class=\"large\">Puisque le FED est corrosif pour l\u2019aluminium et pour certains m\u00e9taux, les contenants de stockage de FED et tous les mat\u00e9riaux qui entrent en contact avec la solution doivent \u00eatre compos\u00e9s d\u2019acier inoxydable ou de mati\u00e8res plastiques HDPE. Le fait de stocker du FED dans des contenants non approuv\u00e9s entra\u00eenera la contamination de la solution et conduira \u00e0 long terme \u00e0 des dommages \u00e0 votre moteur et au syst\u00e8me de RSC.<\/p>\n<p class=\"large\">La temp\u00e9rature est un facteur important \u00e0 prendre en consid\u00e9ration si le FED est stock\u00e9 \u00e0 l\u2019ext\u00e9rieur. Le FED g\u00e8lera \u00e0 -11\u202fdegr\u00e9s Celsius. Cependant, aucun probl\u00e8me relatif \u00e0 la qualit\u00e9 ne se produira sous l\u2019effet du processus de gel et de d\u00e9gel. Les experts en FED de MacEwen peuvent vous aider \u00e0 d\u00e9terminer la solution de stockage la plus pratique et la plus \u00e9conomique pour votre entreprise.<\/p>\n<p>[\/et_pb_text][\/et_pb_column][et_pb_column type=\u00a0\u00bb1_2&Prime;][et_pb_image _builder_version=\u00a0\u00bb3.0.92&Prime; src=\u00a0\u00bbhttps:\/\/macewen.ca\/wp-content\/uploads\/2018\/01\/T8A8799a_resized.jpg\u00a0\u00bb show_in_lightbox=\u00a0\u00bboff\u00a0\u00bb url_new_window=\u00a0\u00bboff\u00a0\u00bb use_overlay=\u00a0\u00bboff\u00a0\u00bb always_center_on_mobile=\u00a0\u00bbon\u00a0\u00bb force_fullwidth=\u00a0\u00bboff\u00a0\u00bb show_bottom_space=\u00a0\u00bbon\u00a0\u00bb \/][\/et_pb_column][\/et_pb_row][et_pb_row][et_pb_column type=\u00a0\u00bb1_2&Prime;][et_pb_text admin_label=\u00a0\u00bbDEF quality\u00a0\u00bb _builder_version=\u00a0\u00bb3.0.98&Prime; background_layout=\u00a0\u00bblight\u00a0\u00bb]<\/p>\n<h3>Qualit\u00e9 du FED<\/h3>\n<p class=\"large\">Avec le FED de MacEwen, vous \u00eates certain d\u2019avoir un produit de qualit\u00e9, de la production au r\u00e9servoir de votre camion. Les principaux fabricants de camion se fient au FED de MacEwen, qui est certifi\u00e9 par l\u2019American Petroleum Institute (API). Nous pouvons ainsi garantir que notre DEF r\u00e9pond aux exigences des fabricants de moteurs diesel.<\/p>\n<p class=\"large\">Certains fournisseurs de FED au Canada vendent du FED non certifi\u00e9, ce qui veut dire qu\u2019aucun organisme de r\u00e9glementation n\u2019a v\u00e9rifi\u00e9 si le produit est de grande qualit\u00e9 et respecte les sp\u00e9cifications. Au fil du temps, le FED de faible qualit\u00e9 endommagera le syst\u00e8me de RSC de votre moteur, n\u00e9cessitant un remplacement, ce qui vous co\u00fbtera des milliers de dollars par moteur.<\/p>\n<p class=\"large\">Demandez toujours si le FED de votre fournisseur est certifi\u00e9 par l\u2019API.<\/p>\n<p>[\/et_pb_text][\/et_pb_column][et_pb_column type=\u00a0\u00bb1_2&Prime;][et_pb_image _builder_version=\u00a0\u00bb3.0.92&Prime; src=\u00a0\u00bbhttps:\/\/macewen.ca\/wp-content\/uploads\/2018\/01\/T8A8656a_resized.jpg\u00a0\u00bb show_in_lightbox=\u00a0\u00bboff\u00a0\u00bb url_new_window=\u00a0\u00bboff\u00a0\u00bb use_overlay=\u00a0\u00bboff\u00a0\u00bb always_center_on_mobile=\u00a0\u00bbon\u00a0\u00bb force_fullwidth=\u00a0\u00bboff\u00a0\u00bb show_bottom_space=\u00a0\u00bbon\u00a0\u00bb \/][\/et_pb_column][\/et_pb_row][\/et_pb_section][et_pb_section bb_built=\u00a0\u00bb1&Prime; _builder_version=\u00a0\u00bb3.0.91&Prime;][et_pb_row _builder_version=\u00a0\u00bb3.0.91&Prime;][et_pb_column type=\u00a0\u00bb1_2&Prime;][et_pb_text admin_label=\u00a0\u00bbCertification de l\u2019API\u00a0\u00bb _builder_version=\u00a0\u00bb3.0.98&Prime; background_layout=\u00a0\u00bblight\u00a0\u00bb module_alignment=\u00a0\u00bbcenter\u00a0\u00bb]<\/p>\n<h2><span class=\"eyebrow\">Nous sommes certifi\u00e9s<\/span>Certification de l\u2019API<\/h2>\n<p>[\/et_pb_text][\/et_pb_column][et_pb_column type=\u00a0\u00bb1_2&Prime;][\/et_pb_column][\/et_pb_row][et_pb_row][et_pb_column type=\u00a0\u00bb1_2&Prime;][et_pb_text _builder_version=\u00a0\u00bb3.0.98&Prime; background_layout=\u00a0\u00bblight\u00a0\u00bb]<\/p>\n<div class=\"image-left-text\">\n<p class=\"margined-right\"><img decoding=\"async\" src=\"\/wp-content\/uploads\/2017\/12\/api-def-cr.png\" \/><\/p>\n<div class=\"text\">\n<p class=\"large\">L\u2019American Petroleum Institute a cr\u00e9\u00e9 le programme de certification du fluide d\u2019\u00e9chappement diesel afin de permettre aux clients de savoir qu\u2019ils ach\u00e8tent du FED de haute qualit\u00e9 qui r\u00e9pond aux exigences des fabricants de moteurs diesel.<\/p>\n<p class=\"large\">es responsables de ce programme volontaire surveillent et mesurent la qualit\u00e9 des produits de FED, ce qui permet aux fournisseurs dont le FED respecte les sp\u00e9cifications du programme d\u2019afficher la marque de certification du\u00a0 <a href=\"http:\/\/www.apidef.org\/\" target=\"_blank\" rel=\"noopener\">fluide d\u2019\u00e9chappement diesel de l\u2019API<\/a> (en anglais seulement). Si vous voyez la marque, vous achetez du FED de haute qualit\u00e9.<\/p>\n<\/div>\n<\/div>\n<p>[\/et_pb_text][\/et_pb_column][et_pb_column type=\u00a0\u00bb1_2&Prime;][et_pb_text _builder_version=\u00a0\u00bb3.0.98&Prime; background_layout=\u00a0\u00bblight\u00a0\u00bb]<\/p>\n<p class=\"large\">Certains fournisseurs de FED au Canada vendent du FED non certifi\u00e9, ce qui veut dire qu\u2019aucun organisme de r\u00e9glementation n\u2019a v\u00e9rifi\u00e9 si le produit est de grande qualit\u00e9 et respecte les sp\u00e9cifications. Au fil du temps, le FED de faible qualit\u00e9 endommagera le syst\u00e8me de RSC de votre moteur, n\u00e9cessitant un remplacement, ce qui vous co\u00fbtera des milliers de dollars par moteur.<\/p>\n<p class=\"large\">Le FED de MacEwen \u00e9tant certifi\u00e9, vous savez que vous obtenez le FED le plus pure et de la plus haute qualit\u00e9 pour vos pr\u00e9cieux moteurs.<\/p>\n<p class=\"large\">MacEwen est un important fournisseur de FED en vrac au Canada. Nous desservons l\u2019Ontario et le Qu\u00e9bec.&nbsp;<a href=\"\/fr\/contact\/\">Communiquez avec MacEwen<\/a>&nbsp;pour en apprendre davantage au sujet de la norme \u00e9lev\u00e9e de notre fluide d\u2019\u00e9chappement diesel.<\/p>\n<p>[\/et_pb_text][\/et_pb_column][\/et_pb_row][\/et_pb_section][et_pb_section bb_built=\u00a0\u00bb1&Prime; fullwidth=\u00a0\u00bboff\u00a0\u00bb specialty=\u00a0\u00bboff\u00a0\u00bb _builder_version=\u00a0\u00bb3.0.91&Prime; module_class=\u00a0\u00bbgrey\u00a0\u00bb][et_pb_row _builder_version=\u00a0\u00bb3.0.91&Prime;][et_pb_column type=\u00a0\u00bb4_4&Prime;][et_pb_text _builder_version=\u00a0\u00bb3.0.98&Prime; background_layout=\u00a0\u00bblight\u00a0\u00bb text_orientation=\u00a0\u00bbcenter\u00a0\u00bb module_class=\u00a0\u00bbsmall-bottom-padding\u00a0\u00bb]<\/p>\n<h2><span class=\"eyebrow\">Communiquer avec nous<\/span>Cela vous int\u00e9resse? Communiquez avec nous.<\/h2>\n<p class=\"large\">Vous avez une question sur le FED de MacEwen? Vous voulez obtenir des renseignements sur la livraison de grandes quantit\u00e9s de FED, ou en savoir plus sur la tarification?<\/p>\n<p>[\/et_pb_text][et_pb_button admin_label=\u00a0\u00bbContact Us\u00a0\u00bb _builder_version=\u00a0\u00bb3.0.98&Prime; button_text=\u00a0\u00bbCOMMUNIQUER AVEC NOUS\u00a0\u00bb button_url=\u00a0\u00bb\/contact\/?inquiry=DEF#form\u00a0\u00bb url_new_window=\u00a0\u00bboff\u00a0\u00bb button_alignment=\u00a0\u00bbcenter\u00a0\u00bb background_layout=\u00a0\u00bblight\u00a0\u00bb custom_button=\u00a0\u00bboff\u00a0\u00bb button_icon_placement=\u00a0\u00bbright\u00a0\u00bb module_class=\u00a0\u00bbless-margin\u00a0\u00bb \/][\/et_pb_column][\/et_pb_row][\/et_pb_section]<\/p>\n","protected":false},"excerpt":{"rendered":"<p>APER\u00c7UQu\u2019est\u2011ce&#8230;<\/p>\n","protected":false},"author":17,"featured_media":0,"parent":1550,"menu_order":0,"comment_status":"closed","ping_status":"closed","template":"","meta":{"_et_pb_use_builder":"on","_et_pb_old_content":"","_et_gb_content_width":"","footnotes":""},"class_list":["post-1555","page","type-page","status-publish","hentry"],"yoast_head":"<!-- This site is optimized with the Yoast SEO plugin v27.5 - https:\/\/yoast.com\/product\/yoast-seo-wordpress\/ -->\n<title>\u00c0 propos du FED - MacEwen Petroleum Inc<\/title>\n<meta name=\"description\" content=\"D\u00e9couvrez comment MacEwen FED offre des solutions \u00e9nerg\u00e9tiques adapt\u00e9es aux entreprises pour optimiser vos op\u00e9rations.\" \/>\n<meta name=\"robots\" content=\"index, follow, max-snippet:-1, max-image-preview:large, max-video-preview:-1\" \/>\n<link rel=\"canonical\" href=\"https:\/\/macewen.ca\/fr\/commercial\/fed\/propos-du-fed\/\" \/>\n<meta property=\"og:locale\" content=\"fr_FR\" \/>\n<meta property=\"og:type\" content=\"article\" \/>\n<meta property=\"og:title\" content=\"\u00c0 propos du FED - MacEwen Petroleum Inc\" \/>\n<meta property=\"og:description\" content=\"D\u00e9couvrez comment MacEwen FED offre des solutions \u00e9nerg\u00e9tiques adapt\u00e9es aux entreprises pour optimiser vos op\u00e9rations.\" \/>\n<meta property=\"og:url\" content=\"https:\/\/macewen.ca\/fr\/commercial\/fed\/propos-du-fed\/\" \/>\n<meta property=\"og:site_name\" content=\"MacEwen Petroleum Inc\" \/>\n<meta property=\"article:modified_time\" content=\"2024-10-03T19:57:44+00:00\" \/>\n<meta name=\"twitter:card\" content=\"summary_large_image\" \/>\n<meta name=\"twitter:label1\" content=\"Dur\u00e9e de lecture estim\u00e9e\" \/>\n\t<meta name=\"twitter:data1\" content=\"5 minutes\" \/>\n<script type=\"application\/ld+json\" class=\"yoast-schema-graph\">{\"@context\":\"https:\\\/\\\/schema.org\",\"@graph\":[{\"@type\":\"WebPage\",\"@id\":\"https:\\\/\\\/macewen.ca\\\/fr\\\/commercial\\\/fed\\\/propos-du-fed\\\/\",\"url\":\"https:\\\/\\\/macewen.ca\\\/fr\\\/commercial\\\/fed\\\/propos-du-fed\\\/\",\"name\":\"\u00c0 propos du FED - MacEwen Petroleum Inc\",\"isPartOf\":{\"@id\":\"https:\\\/\\\/macewen.ca\\\/fr\\\/#website\"},\"datePublished\":\"2018-02-14T21:07:59+00:00\",\"dateModified\":\"2024-10-03T19:57:44+00:00\",\"description\":\"D\u00e9couvrez comment MacEwen FED offre des solutions \u00e9nerg\u00e9tiques adapt\u00e9es aux entreprises pour optimiser vos op\u00e9rations.\",\"breadcrumb\":{\"@id\":\"https:\\\/\\\/macewen.ca\\\/fr\\\/commercial\\\/fed\\\/propos-du-fed\\\/#breadcrumb\"},\"inLanguage\":\"fr-FR\",\"potentialAction\":[{\"@type\":\"ReadAction\",\"target\":[\"https:\\\/\\\/macewen.ca\\\/fr\\\/commercial\\\/fed\\\/propos-du-fed\\\/\"]}]},{\"@type\":\"BreadcrumbList\",\"@id\":\"https:\\\/\\\/macewen.ca\\\/fr\\\/commercial\\\/fed\\\/propos-du-fed\\\/#breadcrumb\",\"itemListElement\":[{\"@type\":\"ListItem\",\"position\":1,\"name\":\"Home\",\"item\":\"https:\\\/\\\/macewen.ca\\\/fr\\\/\"},{\"@type\":\"ListItem\",\"position\":2,\"name\":\"Commercial\",\"item\":\"https:\\\/\\\/macewen.ca\\\/fr\\\/macewen-commercial\\\/\"},{\"@type\":\"ListItem\",\"position\":3,\"name\":\"FED\",\"item\":\"https:\\\/\\\/macewen.ca\\\/fr\\\/macewen-commercial\\\/def\\\/\"},{\"@type\":\"ListItem\",\"position\":4,\"name\":\"\u00c0 propos du FED\"}]},{\"@type\":\"WebSite\",\"@id\":\"https:\\\/\\\/macewen.ca\\\/fr\\\/#website\",\"url\":\"https:\\\/\\\/macewen.ca\\\/fr\\\/\",\"name\":\"MacEwen Petroleum Inc\",\"description\":\"Providing fuel and convenience to communities across Ontario and Quebec.\",\"publisher\":{\"@id\":\"https:\\\/\\\/macewen.ca\\\/fr\\\/#organization\"},\"potentialAction\":[{\"@type\":\"SearchAction\",\"target\":{\"@type\":\"EntryPoint\",\"urlTemplate\":\"https:\\\/\\\/macewen.ca\\\/fr\\\/?s={search_term_string}\"},\"query-input\":{\"@type\":\"PropertyValueSpecification\",\"valueRequired\":true,\"valueName\":\"search_term_string\"}}],\"inLanguage\":\"fr-FR\"},{\"@type\":\"Organization\",\"@id\":\"https:\\\/\\\/macewen.ca\\\/fr\\\/#organization\",\"name\":\"MacEwen Petroleum Inc\",\"url\":\"https:\\\/\\\/macewen.ca\\\/fr\\\/\",\"logo\":{\"@type\":\"ImageObject\",\"inLanguage\":\"fr-FR\",\"@id\":\"https:\\\/\\\/macewen.ca\\\/fr\\\/#\\\/schema\\\/logo\\\/image\\\/\",\"url\":\"https:\\\/\\\/macewen.ca\\\/wp-content\\\/uploads\\\/2017\\\/12\\\/macewen-logo.svg\",\"contentUrl\":\"https:\\\/\\\/macewen.ca\\\/wp-content\\\/uploads\\\/2017\\\/12\\\/macewen-logo.svg\",\"width\":528.137,\"height\":269.904,\"caption\":\"MacEwen Petroleum Inc\"},\"image\":{\"@id\":\"https:\\\/\\\/macewen.ca\\\/fr\\\/#\\\/schema\\\/logo\\\/image\\\/\"},\"sameAs\":[\"https:\\\/\\\/ca.linkedin.com\\\/company\\\/macewen-petroleum\"]}]}<\/script>\n<!-- \/ Yoast SEO plugin. -->","yoast_head_json":{"title":"\u00c0 propos du FED - MacEwen Petroleum Inc","description":"D\u00e9couvrez comment MacEwen FED offre des solutions \u00e9nerg\u00e9tiques adapt\u00e9es aux entreprises pour optimiser vos op\u00e9rations.","robots":{"index":"index","follow":"follow","max-snippet":"max-snippet:-1","max-image-preview":"max-image-preview:large","max-video-preview":"max-video-preview:-1"},"canonical":"https:\/\/macewen.ca\/fr\/commercial\/fed\/propos-du-fed\/","og_locale":"fr_FR","og_type":"article","og_title":"\u00c0 propos du FED - MacEwen Petroleum Inc","og_description":"D\u00e9couvrez comment MacEwen FED offre des solutions \u00e9nerg\u00e9tiques adapt\u00e9es aux entreprises pour optimiser vos op\u00e9rations.","og_url":"https:\/\/macewen.ca\/fr\/commercial\/fed\/propos-du-fed\/","og_site_name":"MacEwen Petroleum Inc","article_modified_time":"2024-10-03T19:57:44+00:00","twitter_card":"summary_large_image","twitter_misc":{"Dur\u00e9e de lecture estim\u00e9e":"5 minutes"},"schema":{"@context":"https:\/\/schema.org","@graph":[{"@type":"WebPage","@id":"https:\/\/macewen.ca\/fr\/commercial\/fed\/propos-du-fed\/","url":"https:\/\/macewen.ca\/fr\/commercial\/fed\/propos-du-fed\/","name":"\u00c0 propos du FED - MacEwen Petroleum Inc","isPartOf":{"@id":"https:\/\/macewen.ca\/fr\/#website"},"datePublished":"2018-02-14T21:07:59+00:00","dateModified":"2024-10-03T19:57:44+00:00","description":"D\u00e9couvrez comment MacEwen FED offre des solutions \u00e9nerg\u00e9tiques adapt\u00e9es aux entreprises pour optimiser vos op\u00e9rations.","breadcrumb":{"@id":"https:\/\/macewen.ca\/fr\/commercial\/fed\/propos-du-fed\/#breadcrumb"},"inLanguage":"fr-FR","potentialAction":[{"@type":"ReadAction","target":["https:\/\/macewen.ca\/fr\/commercial\/fed\/propos-du-fed\/"]}]},{"@type":"BreadcrumbList","@id":"https:\/\/macewen.ca\/fr\/commercial\/fed\/propos-du-fed\/#breadcrumb","itemListElement":[{"@type":"ListItem","position":1,"name":"Home","item":"https:\/\/macewen.ca\/fr\/"},{"@type":"ListItem","position":2,"name":"Commercial","item":"https:\/\/macewen.ca\/fr\/macewen-commercial\/"},{"@type":"ListItem","position":3,"name":"FED","item":"https:\/\/macewen.ca\/fr\/macewen-commercial\/def\/"},{"@type":"ListItem","position":4,"name":"\u00c0 propos du FED"}]},{"@type":"WebSite","@id":"https:\/\/macewen.ca\/fr\/#website","url":"https:\/\/macewen.ca\/fr\/","name":"MacEwen Petroleum Inc","description":"Providing fuel and convenience to communities across Ontario and Quebec.","publisher":{"@id":"https:\/\/macewen.ca\/fr\/#organization"},"potentialAction":[{"@type":"SearchAction","target":{"@type":"EntryPoint","urlTemplate":"https:\/\/macewen.ca\/fr\/?s={search_term_string}"},"query-input":{"@type":"PropertyValueSpecification","valueRequired":true,"valueName":"search_term_string"}}],"inLanguage":"fr-FR"},{"@type":"Organization","@id":"https:\/\/macewen.ca\/fr\/#organization","name":"MacEwen Petroleum Inc","url":"https:\/\/macewen.ca\/fr\/","logo":{"@type":"ImageObject","inLanguage":"fr-FR","@id":"https:\/\/macewen.ca\/fr\/#\/schema\/logo\/image\/","url":"https:\/\/macewen.ca\/wp-content\/uploads\/2017\/12\/macewen-logo.svg","contentUrl":"https:\/\/macewen.ca\/wp-content\/uploads\/2017\/12\/macewen-logo.svg","width":528.137,"height":269.904,"caption":"MacEwen Petroleum Inc"},"image":{"@id":"https:\/\/macewen.ca\/fr\/#\/schema\/logo\/image\/"},"sameAs":["https:\/\/ca.linkedin.com\/company\/macewen-petroleum"]}]}},"_links":{"self":[{"href":"https:\/\/macewen.ca\/fr\/wp-json\/wp\/v2\/pages\/1555","targetHints":{"allow":["GET"]}}],"collection":[{"href":"https:\/\/macewen.ca\/fr\/wp-json\/wp\/v2\/pages"}],"about":[{"href":"https:\/\/macewen.ca\/fr\/wp-json\/wp\/v2\/types\/page"}],"author":[{"embeddable":true,"href":"https:\/\/macewen.ca\/fr\/wp-json\/wp\/v2\/users\/17"}],"replies":[{"embeddable":true,"href":"https:\/\/macewen.ca\/fr\/wp-json\/wp\/v2\/comments?post=1555"}],"version-history":[{"count":4,"href":"https:\/\/macewen.ca\/fr\/wp-json\/wp\/v2\/pages\/1555\/revisions"}],"predecessor-version":[{"id":1941,"href":"https:\/\/macewen.ca\/fr\/wp-json\/wp\/v2\/pages\/1555\/revisions\/1941"}],"up":[{"embeddable":true,"href":"https:\/\/macewen.ca\/fr\/wp-json\/wp\/v2\/pages\/1550"}],"wp:attachment":[{"href":"https:\/\/macewen.ca\/fr\/wp-json\/wp\/v2\/media?parent=1555"}],"curies":[{"name":"wp","href":"https:\/\/api.w.org\/{rel}","templated":true}]}}