{"id":1547,"date":"2018-02-13T17:26:51","date_gmt":"2018-02-13T22:26:51","guid":{"rendered":"https:\/\/macewen.ca\/?page_id=1547"},"modified":"2022-12-07T09:03:43","modified_gmt":"2022-12-07T14:03:43","slug":"lubrifiants","status":"publish","type":"page","link":"https:\/\/macewen.ca\/fr\/commercial\/lubrifiants\/","title":{"rendered":"Lubrifiants"},"content":{"rendered":"<p>[et_pb_section fb_built=\u00a0\u00bb1&Prime; _builder_version=\u00a0\u00bb3.22&Prime; global_colors_info=\u00a0\u00bb{}\u00a0\u00bb][et_pb_row _builder_version=\u00a0\u00bb3.25&Prime; global_colors_info=\u00a0\u00bb{}\u00a0\u00bb][et_pb_column type=\u00a0\u00bb4_4&Prime; _builder_version=\u00a0\u00bb3.25&Prime; custom_padding=\u00a0\u00bb|||\u00a0\u00bb global_colors_info=\u00a0\u00bb{}\u00a0\u00bb custom_padding__hover=\u00a0\u00bb|||\u00a0\u00bb][et_pb_text admin_label=\u00a0\u00bbOverview\u00a0\u00bb _builder_version=\u00a0\u00bb3.27.4&Prime; text_orientation=\u00a0\u00bbcenter\u00a0\u00bb module_alignment=\u00a0\u00bbcenter\u00a0\u00bb global_colors_info=\u00a0\u00bb{}\u00a0\u00bb]<\/p>\n<h2><span class=\"eyebrow\">APER\u00c7U<\/span>Votre source de lubrifiants Chevron en Ontario<\/h2>\n<p class=\"large\">En tant que distributeur strat\u00e9gique de la marque Chevron, nous sommes plus qu\u2019un fournisseur de lubrifiants. Nous sommes votre alli\u00e9 \u2013 un partenaire qui est pr\u00eat, dispos\u00e9 et apte \u00e0 contribuer \u00e0 la croissance \u00e0 long terme de nos clients.<\/p>\n<p class=\"large\">Composez le <strong><a href=\"tel:1-866-415-9254\">1-866-415-9254<\/a><\/strong> ou <a href=\"\/contact\/\">communiquer avec nous<\/a> pour de plus amples renseignements.<\/p>\n<p>[\/et_pb_text][\/et_pb_column][\/et_pb_row][et_pb_row module_class=\u00a0\u00bbcards\u00a0\u00bb _builder_version=\u00a0\u00bb3.25&Prime; global_colors_info=\u00a0\u00bb{}\u00a0\u00bb column_structure=\u00a0\u00bb1_4,1_4,1_4,1_4&Prime;][et_pb_column type=\u00a0\u00bb1_4&Prime; _builder_version=\u00a0\u00bb3.25&Prime; custom_padding=\u00a0\u00bb|||\u00a0\u00bb global_colors_info=\u00a0\u00bb{}\u00a0\u00bb custom_padding__hover=\u00a0\u00bb|||\u00a0\u00bb][et_pb_text admin_label=\u00a0\u00bbLubrifiants commerciaux pour usages intensifs\u00a0\u00bb _builder_version=\u00a0\u00bb3.27.4&Prime; text_orientation=\u00a0\u00bbcenter\u00a0\u00bb global_colors_info=\u00a0\u00bb{}\u00a0\u00bb]<\/p>\n<h3><span class=\"eyebrow\">Delo<\/span>Lubrifiants commerciaux pour usages intensifs<\/h3>\n<p>[\/et_pb_text][et_pb_image src=\u00a0\u00bbhttps:\/\/macewen.ca\/wp-content\/uploads\/2018\/01\/commercial-heavy-duty-lubricants-copy.jpg\u00a0\u00bb align_tablet=\u00a0\u00bbcenter\u00a0\u00bb align_last_edited=\u00a0\u00bbon|desktop\u00a0\u00bb _builder_version=\u00a0\u00bb3.23&Prime; always_center_on_mobile=\u00a0\u00bbon\u00a0\u00bb global_colors_info=\u00a0\u00bb{}\u00a0\u00bb align_phone=\u00a0\u00bbcenter\u00a0\u00bb][\/et_pb_image][et_pb_text admin_label=\u00a0\u00bbCommercial heavy-duty lubricants\u00a0\u00bb _builder_version=\u00a0\u00bb3.27.4&Prime; global_colors_info=\u00a0\u00bb{}\u00a0\u00bb]<\/p>\n<p>Les lubrifiants haut de gamme de marque Delo\u00ae offrent une protection et une performance de calibre mondial et une fiabilit\u00e9 op\u00e9rationnelle maximale dans un large \u00e9ventail de conditions op\u00e9rationnelles. Nous savons que vous conditions op\u00e9rationnelles peuvent \u00eatre difficiles, et nous avons des lubrifiants Chevron personnalis\u00e9s pour y faire face.<\/p>\n<p><a class=\"etmodules-link\" href=\"http:\/\/canada.deloperformance.com\/\" target=\"_blank\" rel=\"noopener\">EN SAVOIR PLUS<span class=\"etmodules\">5<\/span><\/a><\/p>\n<p>[\/et_pb_text][\/et_pb_column][et_pb_column type=\u00a0\u00bb1_4&Prime; _builder_version=\u00a0\u00bb3.25&Prime; custom_padding=\u00a0\u00bb|||\u00a0\u00bb global_colors_info=\u00a0\u00bb{}\u00a0\u00bb custom_padding__hover=\u00a0\u00bb|||\u00a0\u00bb][et_pb_text admin_label=\u00a0\u00bbPassenger cars &#038; light trucks\u00a0\u00bb _builder_version=\u00a0\u00bb3.27.4&Prime; text_orientation=\u00a0\u00bbcenter\u00a0\u00bb global_colors_info=\u00a0\u00bb{}\u00a0\u00bb]<\/p>\n<h3><span class=\"eyebrow\">Havoline<\/span>Automobiles et camions l\u00e9gers<\/h3>\n<p>[\/et_pb_text][et_pb_image src=\u00a0\u00bbhttps:\/\/macewen.ca\/wp-content\/uploads\/2018\/01\/passenger-car-light-trucks-copy.jpg\u00a0\u00bb align_tablet=\u00a0\u00bbcenter\u00a0\u00bb align_last_edited=\u00a0\u00bbon|desktop\u00a0\u00bb _builder_version=\u00a0\u00bb3.23&Prime; always_center_on_mobile=\u00a0\u00bbon\u00a0\u00bb global_colors_info=\u00a0\u00bb{}\u00a0\u00bb align_phone=\u00a0\u00bbcenter\u00a0\u00bb][\/et_pb_image][et_pb_text admin_label=\u00a0\u00bbPassenger cars &#038; light trucks\u00a0\u00bb _builder_version=\u00a0\u00bb3.27.4&Prime; global_colors_info=\u00a0\u00bb{}\u00a0\u00bb]<\/p>\n<p>Depuis 1904, les huiles pour moteurs Havoline\u00ae\u00a0ont tir\u00e9 parti de l\u2019innovation et de la technologie pour prot\u00e9ger les moteurs contre les d\u00e9p\u00f4ts n\u00e9fastes. La plus r\u00e9cente innovation, la technologie Havoline with Deposit Shield\u00ae, est utilis\u00e9e dans toutes les huiles pour moteurs Havoline. Elle est con\u00e7ue pour contribuer \u00e0 maintenir la performance du moteur et \u00e0 prot\u00e9ger l\u2019investissement que vous avez fait dans votre v\u00e9hicule.<\/p>\n<p><a class=\"etmodules-link\" href=\"http:\/\/canada.havoline.com\/\" target=\"_blank\" rel=\"noopener\">EN SAVOIR PLUS <span class=\"etmodules\">5<\/span><\/a><\/p>\n<p>[\/et_pb_text][\/et_pb_column][et_pb_column type=\u00a0\u00bb1_4&Prime; _builder_version=\u00a0\u00bb3.25&Prime; custom_padding=\u00a0\u00bb|||\u00a0\u00bb global_colors_info=\u00a0\u00bb{}\u00a0\u00bb custom_padding__hover=\u00a0\u00bb|||\u00a0\u00bb][et_pb_text admin_label=\u00a0\u00bbIndustrial lubricants\u00a0\u00bb _builder_version=\u00a0\u00bb3.27.4&Prime; text_orientation=\u00a0\u00bbcenter\u00a0\u00bb global_colors_info=\u00a0\u00bb{}\u00a0\u00bb]<\/p>\n<h3><span class=\"eyebrow\">Chevron<\/span>Lubrifiants industriels<\/h3>\n<p>[\/et_pb_text][et_pb_image src=\u00a0\u00bbhttps:\/\/macewen.ca\/wp-content\/uploads\/2018\/01\/industrial-lubricants-copy.jpg\u00a0\u00bb align_tablet=\u00a0\u00bbcenter\u00a0\u00bb align_last_edited=\u00a0\u00bbon|desktop\u00a0\u00bb _builder_version=\u00a0\u00bb3.23&Prime; always_center_on_mobile=\u00a0\u00bbon\u00a0\u00bb global_colors_info=\u00a0\u00bb{}\u00a0\u00bb align_phone=\u00a0\u00bbcenter\u00a0\u00bb][\/et_pb_image][et_pb_text admin_label=\u00a0\u00bbIndustrial lubricants\u00a0\u00bb _builder_version=\u00a0\u00bb3.27.4&Prime; global_colors_info=\u00a0\u00bb{}\u00a0\u00bb]<\/p>\n<p>Peu importe la difficult\u00e9 de la t\u00e2che, les lubrifiants Chevron peuvent vous aider. Ils sont sp\u00e9cialement formul\u00e9s pour divers types de moteurs industriels et non routiers. Les lubrifiants Chevron sont con\u00e7us pour exceller dans toutes les conditions, assurant une protection maximale et une performance remarquable.<\/p>\n<p><a class=\"etmodules-link\" href=\"http:\/\/canada.chevronlubricants.com\/en_CA\/products\/industrial-and-off-highway-equipment.html\" target=\"_blank\" rel=\"noopener\">EN SAVOIR PLUS <span class=\"etmodules\">5<\/span><\/a><\/p>\n<p>[\/et_pb_text][\/et_pb_column][et_pb_column type=\u00a0\u00bb1_4&Prime; _builder_version=\u00a0\u00bb3.25&Prime; custom_padding=\u00a0\u00bb|||\u00a0\u00bb global_colors_info=\u00a0\u00bb{}\u00a0\u00bb custom_padding__hover=\u00a0\u00bb|||\u00a0\u00bb][et_pb_text admin_label=\u00a0\u00bbMarine Lubricants\u00a0\u00bb _builder_version=\u00a0\u00bb3.27.4&Prime; text_orientation=\u00a0\u00bbcenter\u00a0\u00bb global_colors_info=\u00a0\u00bb{}\u00a0\u00bb]<\/p>\n<h3><span class=\"eyebrow\">Chevron<\/span>Lubrifiants maritimes<\/h3>\n<p>[\/et_pb_text][et_pb_image src=\u00a0\u00bbhttps:\/\/macewen.ca\/wp-content\/uploads\/2018\/01\/marine-lubricants.jpg\u00a0\u00bb align_tablet=\u00a0\u00bbcenter\u00a0\u00bb align_last_edited=\u00a0\u00bbon|desktop\u00a0\u00bb _builder_version=\u00a0\u00bb3.23&Prime; always_center_on_mobile=\u00a0\u00bbon\u00a0\u00bb global_colors_info=\u00a0\u00bb{}\u00a0\u00bb align_phone=\u00a0\u00bbcenter\u00a0\u00bb][\/et_pb_image][et_pb_text admin_label=\u00a0\u00bbMarine Lubricants\u00a0\u00bb _builder_version=\u00a0\u00bb3.27.4&Prime; global_colors_info=\u00a0\u00bb{}\u00a0\u00bb]<\/p>\n<p>Vous avez besoin du bon lubrifiant pour prot\u00e9ger votre investissement co\u00fbteux. Les lubrifiants maritimes de MacEwen sont formul\u00e9s pour divers types de moteurs.<\/p>\n<p><a class=\"etmodules-link\" href=\"http:\/\/www.chevronmarineproducts.com\" target=\"_blank\" rel=\"noopener\">EN SAVOIR PLUS <span class=\"etmodules\">5<\/span><\/a><\/p>\n<p>[\/et_pb_text][\/et_pb_column][\/et_pb_row][et_pb_row _builder_version=\u00a0\u00bb3.25&Prime; background_size=\u00a0\u00bbinitial\u00a0\u00bb background_position=\u00a0\u00bbtop_left\u00a0\u00bb background_repeat=\u00a0\u00bbrepeat\u00a0\u00bb global_colors_info=\u00a0\u00bb{}\u00a0\u00bb][et_pb_column type=\u00a0\u00bb4_4&Prime; _builder_version=\u00a0\u00bb3.25&Prime; custom_padding=\u00a0\u00bb|||\u00a0\u00bb global_colors_info=\u00a0\u00bb{}\u00a0\u00bb custom_padding__hover=\u00a0\u00bb|||\u00a0\u00bb][et_pb_text admin_label=\u00a0\u00bbWho we deliver to\u00a0\u00bb _builder_version=\u00a0\u00bb3.27.4&Prime; text_orientation=\u00a0\u00bbcenter\u00a0\u00bb global_colors_info=\u00a0\u00bb{}\u00a0\u00bb]<\/p>\n<p>A CHEVRON company product. \u00a9 2016 Chevron. All rights reserved. All Trademarks are the property of Chevron Intellectual Property LLC or their respective owners.<\/p>\n<p>[\/et_pb_text][\/et_pb_column][\/et_pb_row][et_pb_row _builder_version=\u00a0\u00bb3.25&Prime; background_size=\u00a0\u00bbinitial\u00a0\u00bb background_position=\u00a0\u00bbtop_left\u00a0\u00bb background_repeat=\u00a0\u00bbrepeat\u00a0\u00bb global_colors_info=\u00a0\u00bb{}\u00a0\u00bb][et_pb_column type=\u00a0\u00bb4_4&Prime; _builder_version=\u00a0\u00bb3.25&Prime; custom_padding=\u00a0\u00bb|||\u00a0\u00bb global_colors_info=\u00a0\u00bb{}\u00a0\u00bb custom_padding__hover=\u00a0\u00bb|||\u00a0\u00bb][et_pb_text admin_label=\u00a0\u00bbWho we deliver to\u00a0\u00bb _builder_version=\u00a0\u00bb4.14.8&Prime; text_orientation=\u00a0\u00bbcenter\u00a0\u00bb hover_enabled=\u00a0\u00bb0&Prime; global_colors_info=\u00a0\u00bb{}\u00a0\u00bb sticky_enabled=\u00a0\u00bb0&Prime;]<\/p>\n<h3>\u00c0 qui nous livrons<\/h3>\n<p>[\/et_pb_text][\/et_pb_column][\/et_pb_row][et_pb_row module_class=\u00a0\u00bbicon-flex-list\u00a0\u00bb _builder_version=\u00a0\u00bb3.25&Prime; global_colors_info=\u00a0\u00bb{}\u00a0\u00bb][et_pb_column type=\u00a0\u00bb4_4&Prime; _builder_version=\u00a0\u00bb3.25&Prime; custom_padding=\u00a0\u00bb|||\u00a0\u00bb global_colors_info=\u00a0\u00bb{}\u00a0\u00bb custom_padding__hover=\u00a0\u00bb|||\u00a0\u00bb][et_pb_text admin_label=\u00a0\u00bbAgricultural\u00a0\u00bb _builder_version=\u00a0\u00bb4.14.8&Prime; text_orientation=\u00a0\u00bbcenter\u00a0\u00bb hover_enabled=\u00a0\u00bb0&Prime; global_colors_info=\u00a0\u00bb{}\u00a0\u00bb sticky_enabled=\u00a0\u00bb0&Prime;]<\/p>\n<p><img decoding=\"async\" src=\"\/wp-content\/uploads\/2017\/12\/agricultural.svg\" alt=\"Agricultural\" width=\"85\" height=\"85\" \/><\/p>\n<p><strong>Agriculture<\/strong><\/p>\n<p>[\/et_pb_text][et_pb_text admin_label=\u00a0\u00bbConstruction\u00a0\u00bb _builder_version=\u00a0\u00bb4.14.8&Prime; text_orientation=\u00a0\u00bbcenter\u00a0\u00bb hover_enabled=\u00a0\u00bb0&Prime; global_colors_info=\u00a0\u00bb{}\u00a0\u00bb sticky_enabled=\u00a0\u00bb0&Prime;]<\/p>\n<p><img decoding=\"async\" src=\"\/wp-content\/uploads\/2017\/12\/construction.svg\" alt=\"Construction\" width=\"87\" height=\"85\" \/><\/p>\n<p><strong>Construction<\/strong><\/p>\n<p>[\/et_pb_text][et_pb_text admin_label=\u00a0\u00bbForestry\u00a0\u00bb _builder_version=\u00a0\u00bb4.14.8&Prime; text_orientation=\u00a0\u00bbcenter\u00a0\u00bb hover_enabled=\u00a0\u00bb0&Prime; global_colors_info=\u00a0\u00bb{}\u00a0\u00bb sticky_enabled=\u00a0\u00bb0&Prime;]<\/p>\n<p><img decoding=\"async\" src=\"\/wp-content\/uploads\/2017\/12\/forestry.svg\" alt=\"Forestry\" width=\"85\" height=\"85\" \/><\/p>\n<p><strong>Foresterie<\/strong><\/p>\n<p>[\/et_pb_text][et_pb_text admin_label=\u00a0\u00bbManufacturing\u00a0\u00bb _builder_version=\u00a0\u00bb4.14.8&Prime; text_orientation=\u00a0\u00bbcenter\u00a0\u00bb hover_enabled=\u00a0\u00bb0&Prime; global_colors_info=\u00a0\u00bb{}\u00a0\u00bb sticky_enabled=\u00a0\u00bb0&Prime;]<\/p>\n<p><img decoding=\"async\" src=\"\/wp-content\/uploads\/2017\/12\/manufacturing.svg\" alt=\"Manufacturing\" width=\"75\" height=\"85\" \/><\/p>\n<p><strong>Fabrication<\/strong><\/p>\n<p>[\/et_pb_text][et_pb_text admin_label=\u00a0\u00bbMarine\u00a0\u00bb _builder_version=\u00a0\u00bb4.14.8&Prime; text_orientation=\u00a0\u00bbcenter\u00a0\u00bb hover_enabled=\u00a0\u00bb0&Prime; global_colors_info=\u00a0\u00bb{}\u00a0\u00bb sticky_enabled=\u00a0\u00bb0&Prime;]<\/p>\n<p><img decoding=\"async\" src=\"\/wp-content\/uploads\/2017\/12\/marine.svg\" alt=\"Marine\" width=\"66\" height=\"85\" \/><\/p>\n<p><strong>Maritime<\/strong><\/p>\n<p>[\/et_pb_text][et_pb_text admin_label=\u00a0\u00bbMining\u00a0\u00bb _builder_version=\u00a0\u00bb4.14.8&Prime; text_orientation=\u00a0\u00bbcenter\u00a0\u00bb hover_enabled=\u00a0\u00bb0&Prime; global_colors_info=\u00a0\u00bb{}\u00a0\u00bb sticky_enabled=\u00a0\u00bb0&Prime;]<\/p>\n<p><img decoding=\"async\" src=\"\/wp-content\/uploads\/2017\/12\/mining.svg\" alt=\"Mining\" width=\"85\" height=\"71\" \/><\/p>\n<p><strong>Minier<\/strong><\/p>\n<p>[\/et_pb_text][et_pb_text admin_label=\u00a0\u00bbTransportation\u00a0\u00bb _builder_version=\u00a0\u00bb4.14.8&Prime; text_orientation=\u00a0\u00bbcenter\u00a0\u00bb hover_enabled=\u00a0\u00bb0&Prime; global_colors_info=\u00a0\u00bb{}\u00a0\u00bb sticky_enabled=\u00a0\u00bb0&Prime;]<\/p>\n<p><img decoding=\"async\" src=\"\/wp-content\/uploads\/2017\/12\/transportation.svg\" alt=\"Transportation\" width=\"75\" height=\"85\" \/><\/p>\n<p><strong>Transports<\/strong><\/p>\n<p>[\/et_pb_text][\/et_pb_column][\/et_pb_row][\/et_pb_section][et_pb_section fb_built=\u00a0\u00bb1&Prime; module_class=\u00a0\u00bbgrey\u00a0\u00bb _builder_version=\u00a0\u00bb3.22&Prime; global_colors_info=\u00a0\u00bb{}\u00a0\u00bb][et_pb_row _builder_version=\u00a0\u00bb3.25&Prime; global_colors_info=\u00a0\u00bb{}\u00a0\u00bb][et_pb_column type=\u00a0\u00bb4_4&Prime; _builder_version=\u00a0\u00bb3.25&Prime; custom_padding=\u00a0\u00bb|||\u00a0\u00bb global_colors_info=\u00a0\u00bb{}\u00a0\u00bb custom_padding__hover=\u00a0\u00bb|||\u00a0\u00bb][et_pb_text admin_label=\u00a0\u00bbVeuillez communiquer avec votre bureau r\u00e9gional le plus pr\u00e8s\u00a0\u00bb _builder_version=\u00a0\u00bb3.27.4&Prime; text_orientation=\u00a0\u00bbcenter\u00a0\u00bb global_colors_info=\u00a0\u00bb{}\u00a0\u00bb]<\/p>\n<h2><span class=\"eyebrow\">Pour nous joindre<\/span> Veuillez communiquer avec votre bureau r\u00e9gional le plus pr\u00e8s<\/h2>\n<p class=\"large\">Veuillez composer le <strong><a href=\"tel:1-800-267-7175\">1-800-267-7175<\/a><\/strong> ou saisir ci-dessous votre municipalit\u00e9 ou le code postal pour trouver l\u2019emplacement le plus pr\u00e8s de vous!<\/p>\n\n<div id=\"vue\">\n\t<find-place\n\t\ttype=\"commercial\"\n\t\tcolours=\"default\"\n\t\tprompt=\"Trouvez un emplacement\"\n\t\tresults-url=\"https:\/\/macewen.ca\/macewen-commercial\/commercial-locations\/\"\n\t\tpreselected=\"\"\n\t><\/find-place>\n<\/div>\n\n<p>[\/et_pb_text][\/et_pb_column][\/et_pb_row][\/et_pb_section]<\/p>\n","protected":false},"excerpt":{"rendered":"<p>APER\u00c7UVotre source&#8230;<\/p>\n","protected":false},"author":17,"featured_media":0,"parent":1537,"menu_order":0,"comment_status":"closed","ping_status":"closed","template":"","meta":{"_et_pb_use_builder":"on","_et_pb_old_content":"","_et_gb_content_width":"","footnotes":""},"class_list":["post-1547","page","type-page","status-publish","hentry"],"yoast_head":"<!-- This site is optimized with the Yoast SEO plugin v27.4 - https:\/\/yoast.com\/product\/yoast-seo-wordpress\/ -->\n<title>Lubrifiants - MacEwen Petroleum Inc<\/title>\n<meta name=\"robots\" content=\"index, follow, max-snippet:-1, max-image-preview:large, max-video-preview:-1\" \/>\n<link rel=\"canonical\" href=\"https:\/\/macewen.ca\/fr\/commercial\/lubrifiants\/\" \/>\n<meta property=\"og:locale\" content=\"fr_FR\" \/>\n<meta property=\"og:type\" content=\"article\" \/>\n<meta property=\"og:title\" content=\"Lubrifiants - MacEwen Petroleum Inc\" \/>\n<meta property=\"og:description\" content=\"APER\u00c7UVotre source...\" \/>\n<meta property=\"og:url\" content=\"https:\/\/macewen.ca\/fr\/commercial\/lubrifiants\/\" \/>\n<meta property=\"og:site_name\" content=\"MacEwen Petroleum Inc\" \/>\n<meta property=\"article:modified_time\" content=\"2022-12-07T14:03:43+00:00\" \/>\n<meta name=\"twitter:card\" content=\"summary_large_image\" \/>\n<meta name=\"twitter:label1\" content=\"Dur\u00e9e de lecture estim\u00e9e\" \/>\n\t<meta name=\"twitter:data1\" content=\"4 minutes\" \/>\n<script type=\"application\/ld+json\" class=\"yoast-schema-graph\">{\"@context\":\"https:\\\/\\\/schema.org\",\"@graph\":[{\"@type\":\"WebPage\",\"@id\":\"https:\\\/\\\/macewen.ca\\\/fr\\\/commercial\\\/lubrifiants\\\/\",\"url\":\"https:\\\/\\\/macewen.ca\\\/fr\\\/commercial\\\/lubrifiants\\\/\",\"name\":\"Lubrifiants - MacEwen Petroleum Inc\",\"isPartOf\":{\"@id\":\"https:\\\/\\\/macewen.ca\\\/fr\\\/#website\"},\"datePublished\":\"2018-02-13T22:26:51+00:00\",\"dateModified\":\"2022-12-07T14:03:43+00:00\",\"breadcrumb\":{\"@id\":\"https:\\\/\\\/macewen.ca\\\/fr\\\/commercial\\\/lubrifiants\\\/#breadcrumb\"},\"inLanguage\":\"fr-FR\",\"potentialAction\":[{\"@type\":\"ReadAction\",\"target\":[\"https:\\\/\\\/macewen.ca\\\/fr\\\/commercial\\\/lubrifiants\\\/\"]}]},{\"@type\":\"BreadcrumbList\",\"@id\":\"https:\\\/\\\/macewen.ca\\\/fr\\\/commercial\\\/lubrifiants\\\/#breadcrumb\",\"itemListElement\":[{\"@type\":\"ListItem\",\"position\":1,\"name\":\"Home\",\"item\":\"https:\\\/\\\/macewen.ca\\\/fr\\\/\"},{\"@type\":\"ListItem\",\"position\":2,\"name\":\"Commercial\",\"item\":\"https:\\\/\\\/macewen.ca\\\/fr\\\/macewen-commercial\\\/\"},{\"@type\":\"ListItem\",\"position\":3,\"name\":\"Lubrifiants\"}]},{\"@type\":\"WebSite\",\"@id\":\"https:\\\/\\\/macewen.ca\\\/fr\\\/#website\",\"url\":\"https:\\\/\\\/macewen.ca\\\/fr\\\/\",\"name\":\"MacEwen Petroleum Inc\",\"description\":\"Providing fuel and convenience to communities across Ontario and Quebec.\",\"publisher\":{\"@id\":\"https:\\\/\\\/macewen.ca\\\/fr\\\/#organization\"},\"potentialAction\":[{\"@type\":\"SearchAction\",\"target\":{\"@type\":\"EntryPoint\",\"urlTemplate\":\"https:\\\/\\\/macewen.ca\\\/fr\\\/?s={search_term_string}\"},\"query-input\":{\"@type\":\"PropertyValueSpecification\",\"valueRequired\":true,\"valueName\":\"search_term_string\"}}],\"inLanguage\":\"fr-FR\"},{\"@type\":\"Organization\",\"@id\":\"https:\\\/\\\/macewen.ca\\\/fr\\\/#organization\",\"name\":\"MacEwen Petroleum Inc\",\"url\":\"https:\\\/\\\/macewen.ca\\\/fr\\\/\",\"logo\":{\"@type\":\"ImageObject\",\"inLanguage\":\"fr-FR\",\"@id\":\"https:\\\/\\\/macewen.ca\\\/fr\\\/#\\\/schema\\\/logo\\\/image\\\/\",\"url\":\"https:\\\/\\\/macewen.ca\\\/wp-content\\\/uploads\\\/2017\\\/12\\\/macewen-logo.svg\",\"contentUrl\":\"https:\\\/\\\/macewen.ca\\\/wp-content\\\/uploads\\\/2017\\\/12\\\/macewen-logo.svg\",\"width\":528.137,\"height\":269.904,\"caption\":\"MacEwen Petroleum Inc\"},\"image\":{\"@id\":\"https:\\\/\\\/macewen.ca\\\/fr\\\/#\\\/schema\\\/logo\\\/image\\\/\"},\"sameAs\":[\"https:\\\/\\\/ca.linkedin.com\\\/company\\\/macewen-petroleum\"]}]}<\/script>\n<!-- \/ Yoast SEO plugin. -->","yoast_head_json":{"title":"Lubrifiants - MacEwen Petroleum Inc","robots":{"index":"index","follow":"follow","max-snippet":"max-snippet:-1","max-image-preview":"max-image-preview:large","max-video-preview":"max-video-preview:-1"},"canonical":"https:\/\/macewen.ca\/fr\/commercial\/lubrifiants\/","og_locale":"fr_FR","og_type":"article","og_title":"Lubrifiants - MacEwen Petroleum Inc","og_description":"APER\u00c7UVotre source...","og_url":"https:\/\/macewen.ca\/fr\/commercial\/lubrifiants\/","og_site_name":"MacEwen Petroleum Inc","article_modified_time":"2022-12-07T14:03:43+00:00","twitter_card":"summary_large_image","twitter_misc":{"Dur\u00e9e de lecture estim\u00e9e":"4 minutes"},"schema":{"@context":"https:\/\/schema.org","@graph":[{"@type":"WebPage","@id":"https:\/\/macewen.ca\/fr\/commercial\/lubrifiants\/","url":"https:\/\/macewen.ca\/fr\/commercial\/lubrifiants\/","name":"Lubrifiants - MacEwen Petroleum Inc","isPartOf":{"@id":"https:\/\/macewen.ca\/fr\/#website"},"datePublished":"2018-02-13T22:26:51+00:00","dateModified":"2022-12-07T14:03:43+00:00","breadcrumb":{"@id":"https:\/\/macewen.ca\/fr\/commercial\/lubrifiants\/#breadcrumb"},"inLanguage":"fr-FR","potentialAction":[{"@type":"ReadAction","target":["https:\/\/macewen.ca\/fr\/commercial\/lubrifiants\/"]}]},{"@type":"BreadcrumbList","@id":"https:\/\/macewen.ca\/fr\/commercial\/lubrifiants\/#breadcrumb","itemListElement":[{"@type":"ListItem","position":1,"name":"Home","item":"https:\/\/macewen.ca\/fr\/"},{"@type":"ListItem","position":2,"name":"Commercial","item":"https:\/\/macewen.ca\/fr\/macewen-commercial\/"},{"@type":"ListItem","position":3,"name":"Lubrifiants"}]},{"@type":"WebSite","@id":"https:\/\/macewen.ca\/fr\/#website","url":"https:\/\/macewen.ca\/fr\/","name":"MacEwen Petroleum Inc","description":"Providing fuel and convenience to communities across Ontario and Quebec.","publisher":{"@id":"https:\/\/macewen.ca\/fr\/#organization"},"potentialAction":[{"@type":"SearchAction","target":{"@type":"EntryPoint","urlTemplate":"https:\/\/macewen.ca\/fr\/?s={search_term_string}"},"query-input":{"@type":"PropertyValueSpecification","valueRequired":true,"valueName":"search_term_string"}}],"inLanguage":"fr-FR"},{"@type":"Organization","@id":"https:\/\/macewen.ca\/fr\/#organization","name":"MacEwen Petroleum Inc","url":"https:\/\/macewen.ca\/fr\/","logo":{"@type":"ImageObject","inLanguage":"fr-FR","@id":"https:\/\/macewen.ca\/fr\/#\/schema\/logo\/image\/","url":"https:\/\/macewen.ca\/wp-content\/uploads\/2017\/12\/macewen-logo.svg","contentUrl":"https:\/\/macewen.ca\/wp-content\/uploads\/2017\/12\/macewen-logo.svg","width":528.137,"height":269.904,"caption":"MacEwen Petroleum Inc"},"image":{"@id":"https:\/\/macewen.ca\/fr\/#\/schema\/logo\/image\/"},"sameAs":["https:\/\/ca.linkedin.com\/company\/macewen-petroleum"]}]}},"_links":{"self":[{"href":"https:\/\/macewen.ca\/fr\/wp-json\/wp\/v2\/pages\/1547","targetHints":{"allow":["GET"]}}],"collection":[{"href":"https:\/\/macewen.ca\/fr\/wp-json\/wp\/v2\/pages"}],"about":[{"href":"https:\/\/macewen.ca\/fr\/wp-json\/wp\/v2\/types\/page"}],"author":[{"embeddable":true,"href":"https:\/\/macewen.ca\/fr\/wp-json\/wp\/v2\/users\/17"}],"replies":[{"embeddable":true,"href":"https:\/\/macewen.ca\/fr\/wp-json\/wp\/v2\/comments?post=1547"}],"version-history":[{"count":5,"href":"https:\/\/macewen.ca\/fr\/wp-json\/wp\/v2\/pages\/1547\/revisions"}],"predecessor-version":[{"id":4694,"href":"https:\/\/macewen.ca\/fr\/wp-json\/wp\/v2\/pages\/1547\/revisions\/4694"}],"up":[{"embeddable":true,"href":"https:\/\/macewen.ca\/fr\/wp-json\/wp\/v2\/pages\/1537"}],"wp:attachment":[{"href":"https:\/\/macewen.ca\/fr\/wp-json\/wp\/v2\/media?parent=1547"}],"curies":[{"name":"wp","href":"https:\/\/api.w.org\/{rel}","templated":true}]}}