{"id":1541,"date":"2018-02-13T16:22:36","date_gmt":"2018-02-13T21:22:36","guid":{"rendered":"https:\/\/macewen.ca\/?page_id=1541"},"modified":"2024-10-03T15:58:43","modified_gmt":"2024-10-03T19:58:43","slug":"livraison-de-carburant","status":"publish","type":"page","link":"https:\/\/macewen.ca\/fr\/commercial\/livraison-de-carburant\/","title":{"rendered":"Livraison de carburant"},"content":{"rendered":"<p>[et_pb_section fb_built=\u00a0\u00bb1&Prime; _builder_version=\u00a0\u00bb3.22&Prime; collapsed=\u00a0\u00bboff\u00a0\u00bb global_colors_info=\u00a0\u00bb{}\u00a0\u00bb][et_pb_row _builder_version=\u00a0\u00bb3.25&Prime; global_colors_info=\u00a0\u00bb{}\u00a0\u00bb][et_pb_column type=\u00a0\u00bb4_4&Prime; _builder_version=\u00a0\u00bb3.25&Prime; custom_padding=\u00a0\u00bb|||\u00a0\u00bb global_colors_info=\u00a0\u00bb{}\u00a0\u00bb custom_padding__hover=\u00a0\u00bb|||\u00a0\u00bb][et_pb_text admin_label=\u00a0\u00bbOverview\u00a0\u00bb _builder_version=\u00a0\u00bb4.14.8&Prime; text_orientation=\u00a0\u00bbcenter\u00a0\u00bb module_alignment=\u00a0\u00bbcenter\u00a0\u00bb global_colors_info=\u00a0\u00bb{}\u00a0\u00bb]<\/p>\n<h2>Services de ravitaillement en carburant pour les flottes et les \u00e9quipements<\/h2>\n<p>Les chauffeurs de MacEwen sont pr\u00eats \u00e0 vous fournir le service de ravitaillement en carburant le plus fiable du secteur. Nous nous adaptons \u00e0 votre calendrier afin que vous puissiez non seulement \u00e9conomiser un temps pr\u00e9cieux et de l\u2019argent, mais aussi maintenir votre \u00e9quipement en \u00e9tat de marche.<\/p>\n<p>[\/et_pb_text][\/et_pb_column][\/et_pb_row][et_pb_row admin_label=\u00a0\u00bbRow\u00a0\u00bb _builder_version=\u00a0\u00bb4.14.8&Prime; _module_preset=\u00a0\u00bbdefault\u00a0\u00bb global_colors_info=\u00a0\u00bb{}\u00a0\u00bb][et_pb_column type=\u00a0\u00bb4_4&Prime; _builder_version=\u00a0\u00bb4.14.8&Prime; _module_preset=\u00a0\u00bbdefault\u00a0\u00bb global_colors_info=\u00a0\u00bb{}\u00a0\u00bb][et_pb_image src=\u00a0\u00bbhttps:\/\/macewen.ca\/wp-content\/uploads\/2022\/12\/MacewanMay2022-Resized-01-scaled.jpg\u00a0\u00bb title_text=\u00a0\u00bbMacewanMay2022-Resized-01&Prime; _builder_version=\u00a0\u00bb4.14.8&Prime; _module_preset=\u00a0\u00bbdefault\u00a0\u00bb hover_enabled=\u00a0\u00bb0&Prime; global_colors_info=\u00a0\u00bb{}\u00a0\u00bb sticky_enabled=\u00a0\u00bb0&Prime;][\/et_pb_image][\/et_pb_column][\/et_pb_row][et_pb_row _builder_version=\u00a0\u00bb3.25&Prime; global_colors_info=\u00a0\u00bb{}\u00a0\u00bb][et_pb_column type=\u00a0\u00bb4_4&Prime; _builder_version=\u00a0\u00bb3.25&Prime; custom_padding=\u00a0\u00bb|||\u00a0\u00bb global_colors_info=\u00a0\u00bb{}\u00a0\u00bb custom_padding__hover=\u00a0\u00bb|||\u00a0\u00bb][et_pb_text admin_label=\u00a0\u00bbOverview\u00a0\u00bb _builder_version=\u00a0\u00bb4.14.8&Prime; text_orientation=\u00a0\u00bbcenter\u00a0\u00bb module_alignment=\u00a0\u00bbcenter\u00a0\u00bb global_colors_info=\u00a0\u00bb{}\u00a0\u00bb]<\/p>\n<h2>Diesel et essence<\/h2>\n<ul>\n<li>MacEwen fera le plein de votre flotte et de vos \u00e9quipements au moment qui vous convient le mieux.<\/li>\n<li>Recevez des bons de livraison d\u00e9taill\u00e9s qui indiquent le volume de carburant d\u00e9livr\u00e9 pour chaque \u00e9quipement rempli.<\/li>\n<li>Optimisez vos contr\u00f4les de gestion du carburant en faisant facilement correspondre les bons de livraison aux factures d\u00e9taill\u00e9es.<\/li>\n<\/ul>\n<p>[\/et_pb_text][\/et_pb_column][\/et_pb_row][et_pb_row _builder_version=\u00a0\u00bb3.25&Prime; background_size=\u00a0\u00bbinitial\u00a0\u00bb background_position=\u00a0\u00bbtop_left\u00a0\u00bb background_repeat=\u00a0\u00bbrepeat\u00a0\u00bb global_colors_info=\u00a0\u00bb{}\u00a0\u00bb][et_pb_column type=\u00a0\u00bb4_4&Prime; _builder_version=\u00a0\u00bb3.25&Prime; custom_padding=\u00a0\u00bb|||\u00a0\u00bb global_colors_info=\u00a0\u00bb{}\u00a0\u00bb custom_padding__hover=\u00a0\u00bb|||\u00a0\u00bb][et_pb_text admin_label=\u00a0\u00bbWho we deliver to\u00a0\u00bb _builder_version=\u00a0\u00bb4.14.8&Prime; text_orientation=\u00a0\u00bbcenter\u00a0\u00bb global_colors_info=\u00a0\u00bb{}\u00a0\u00bb]<\/p>\n<h3>Voici quelques-uns des secteurs que nous desservons\u00a0:<\/h3>\n<p>[\/et_pb_text][\/et_pb_column][\/et_pb_row][et_pb_row module_class=\u00a0\u00bbicon-flex-list\u00a0\u00bb _builder_version=\u00a0\u00bb3.25&Prime; global_colors_info=\u00a0\u00bb{}\u00a0\u00bb][et_pb_column type=\u00a0\u00bb4_4&Prime; _builder_version=\u00a0\u00bb3.25&Prime; custom_padding=\u00a0\u00bb|||\u00a0\u00bb global_colors_info=\u00a0\u00bb{}\u00a0\u00bb custom_padding__hover=\u00a0\u00bb|||\u00a0\u00bb][et_pb_text admin_label=\u00a0\u00bbAgricultural\u00a0\u00bb _builder_version=\u00a0\u00bb4.14.8&Prime; text_orientation=\u00a0\u00bbcenter\u00a0\u00bb global_colors_info=\u00a0\u00bb{}\u00a0\u00bb]<\/p>\n<p><img decoding=\"async\" src=\"\/wp-content\/uploads\/2017\/12\/agricultural.svg\" alt=\"Agricultural\" width=\"85\" height=\"85\" \/><\/p>\n<p><strong>Agriculture<\/strong><\/p>\n<p>[\/et_pb_text][et_pb_text admin_label=\u00a0\u00bbConstruction\u00a0\u00bb _builder_version=\u00a0\u00bb3.27.4&Prime; text_orientation=\u00a0\u00bbcenter\u00a0\u00bb global_colors_info=\u00a0\u00bb{}\u00a0\u00bb]<\/p>\n<p><img decoding=\"async\" src=\"\/wp-content\/uploads\/2017\/12\/construction.svg\" alt=\"Construction\" width=\"87\" height=\"85\" \/><\/p>\n<p><strong>Construction<\/strong><\/p>\n<p>[\/et_pb_text][et_pb_text admin_label=\u00a0\u00bbForestry\u00a0\u00bb _builder_version=\u00a0\u00bb4.14.8&Prime; text_orientation=\u00a0\u00bbcenter\u00a0\u00bb global_colors_info=\u00a0\u00bb{}\u00a0\u00bb]<\/p>\n<p><img decoding=\"async\" src=\"\/wp-content\/uploads\/2017\/12\/forestry.svg\" alt=\"Forestry\" width=\"85\" height=\"85\" \/><\/p>\n<p><strong>Foresterie<\/strong><\/p>\n<p>[\/et_pb_text][et_pb_text admin_label=\u00a0\u00bbManufacturing\u00a0\u00bb _builder_version=\u00a0\u00bb4.14.8&Prime; text_orientation=\u00a0\u00bbcenter\u00a0\u00bb global_colors_info=\u00a0\u00bb{}\u00a0\u00bb]<\/p>\n<p><img decoding=\"async\" src=\"\/wp-content\/uploads\/2017\/12\/manufacturing.svg\" alt=\"Manufacturing\" width=\"75\" height=\"85\" \/><\/p>\n<p><strong>Fabrication<\/strong><\/p>\n<p>[\/et_pb_text][et_pb_text admin_label=\u00a0\u00bbMarine\u00a0\u00bb _builder_version=\u00a0\u00bb4.14.8&Prime; text_orientation=\u00a0\u00bbcenter\u00a0\u00bb global_colors_info=\u00a0\u00bb{}\u00a0\u00bb]<\/p>\n<p><img decoding=\"async\" src=\"\/wp-content\/uploads\/2017\/12\/marine.svg\" alt=\"Marine\" width=\"66\" height=\"85\" \/><\/p>\n<p><strong>Maritime<\/strong><\/p>\n<p>[\/et_pb_text][et_pb_text admin_label=\u00a0\u00bbMining\u00a0\u00bb _builder_version=\u00a0\u00bb4.14.8&Prime; text_orientation=\u00a0\u00bbcenter\u00a0\u00bb global_colors_info=\u00a0\u00bb{}\u00a0\u00bb]<\/p>\n<p><img decoding=\"async\" src=\"\/wp-content\/uploads\/2017\/12\/mining.svg\" alt=\"Mining\" width=\"85\" height=\"71\" \/><\/p>\n<p><strong>Minier<\/strong><\/p>\n<p>[\/et_pb_text][et_pb_text admin_label=\u00a0\u00bbTransportation\u00a0\u00bb _builder_version=\u00a0\u00bb4.14.8&Prime; text_orientation=\u00a0\u00bbcenter\u00a0\u00bb global_colors_info=\u00a0\u00bb{}\u00a0\u00bb]<\/p>\n<p><img decoding=\"async\" src=\"\/wp-content\/uploads\/2017\/12\/transportation.svg\" alt=\"Transportation\" width=\"75\" height=\"85\" \/><\/p>\n<p><strong>Transports<\/strong><\/p>\n<p>[\/et_pb_text][\/et_pb_column][\/et_pb_row][\/et_pb_section][et_pb_section fb_built=\u00a0\u00bb1&Prime; module_class=\u00a0\u00bbgrey\u00a0\u00bb _builder_version=\u00a0\u00bb3.22&Prime; global_colors_info=\u00a0\u00bb{}\u00a0\u00bb][et_pb_row _builder_version=\u00a0\u00bb3.25&Prime; global_colors_info=\u00a0\u00bb{}\u00a0\u00bb][et_pb_column type=\u00a0\u00bb4_4&Prime; _builder_version=\u00a0\u00bb3.25&Prime; custom_padding=\u00a0\u00bb|||\u00a0\u00bb global_colors_info=\u00a0\u00bb{}\u00a0\u00bb custom_padding__hover=\u00a0\u00bb|||\u00a0\u00bb][et_pb_text admin_label=\u00a0\u00bbVeuillez communiquer avec votre bureau r\u00e9gional le plus pr\u00e8s\u00a0\u00bb _builder_version=\u00a0\u00bb3.27.4&Prime; text_orientation=\u00a0\u00bbcenter\u00a0\u00bb global_colors_info=\u00a0\u00bb{}\u00a0\u00bb]<\/p>\n<h2><span class=\"eyebrow\">Pour nous joindre<\/span> Veuillez communiquer avec votre bureau r\u00e9gional le plus pr\u00e8s<\/h2>\n<p class=\"large\">Veuillez composer le <strong><a href=\"tel:1-800-267-7175\">1-800-267-7175<\/a><\/strong> ou saisir ci-dessous votre municipalit\u00e9 ou le code postal pour trouver l\u2019emplacement le plus pr\u00e8s de vous!<\/p>\n\n<div id=\"vue\">\n\t<find-place\n\t\ttype=\"commercial\"\n\t\tcolours=\"default\"\n\t\tprompt=\"Trouvez un emplacement\"\n\t\tresults-url=\"https:\/\/macewen.ca\/macewen-commercial\/commercial-locations\/\"\n\t\tpreselected=\"\"\n\t><\/find-place>\n<\/div>\n\n<p>[\/et_pb_text][\/et_pb_column][\/et_pb_row][\/et_pb_section]<\/p>\n","protected":false},"excerpt":{"rendered":"<p>Services de&#8230;<\/p>\n","protected":false},"author":17,"featured_media":0,"parent":1537,"menu_order":0,"comment_status":"closed","ping_status":"closed","template":"","meta":{"_et_pb_use_builder":"on","_et_pb_old_content":"","_et_gb_content_width":"","footnotes":""},"class_list":["post-1541","page","type-page","status-publish","hentry"],"yoast_head":"<!-- This site is optimized with the Yoast SEO plugin v27.4 - https:\/\/yoast.com\/product\/yoast-seo-wordpress\/ -->\n<title>Livraison de carburant - MacEwen Petroleum Inc<\/title>\n<meta name=\"description\" content=\"Profitez des services de livraison de carburant MacEwen pour vos besoins commerciaux, avec une fiabilit\u00e9 et une efficacit\u00e9 garanties.\" \/>\n<meta name=\"robots\" content=\"index, follow, max-snippet:-1, max-image-preview:large, max-video-preview:-1\" \/>\n<link rel=\"canonical\" href=\"https:\/\/macewen.ca\/fr\/commercial\/livraison-de-carburant\/\" \/>\n<meta property=\"og:locale\" content=\"fr_FR\" \/>\n<meta property=\"og:type\" content=\"article\" \/>\n<meta property=\"og:title\" content=\"Livraison de carburant - MacEwen Petroleum Inc\" \/>\n<meta property=\"og:description\" content=\"Profitez des services de livraison de carburant MacEwen pour vos besoins commerciaux, avec une fiabilit\u00e9 et une efficacit\u00e9 garanties.\" \/>\n<meta property=\"og:url\" content=\"https:\/\/macewen.ca\/fr\/commercial\/livraison-de-carburant\/\" \/>\n<meta property=\"og:site_name\" content=\"MacEwen Petroleum Inc\" \/>\n<meta property=\"article:modified_time\" content=\"2024-10-03T19:58:43+00:00\" \/>\n<meta name=\"twitter:card\" content=\"summary_large_image\" \/>\n<meta name=\"twitter:label1\" content=\"Dur\u00e9e de lecture estim\u00e9e\" \/>\n\t<meta name=\"twitter:data1\" content=\"3 minutes\" \/>\n<script type=\"application\/ld+json\" class=\"yoast-schema-graph\">{\"@context\":\"https:\\\/\\\/schema.org\",\"@graph\":[{\"@type\":\"WebPage\",\"@id\":\"https:\\\/\\\/macewen.ca\\\/fr\\\/commercial\\\/livraison-de-carburant\\\/\",\"url\":\"https:\\\/\\\/macewen.ca\\\/fr\\\/commercial\\\/livraison-de-carburant\\\/\",\"name\":\"Livraison de carburant - MacEwen Petroleum Inc\",\"isPartOf\":{\"@id\":\"https:\\\/\\\/macewen.ca\\\/fr\\\/#website\"},\"datePublished\":\"2018-02-13T21:22:36+00:00\",\"dateModified\":\"2024-10-03T19:58:43+00:00\",\"description\":\"Profitez des services de livraison de carburant MacEwen pour vos besoins commerciaux, avec une fiabilit\u00e9 et une efficacit\u00e9 garanties.\",\"breadcrumb\":{\"@id\":\"https:\\\/\\\/macewen.ca\\\/fr\\\/commercial\\\/livraison-de-carburant\\\/#breadcrumb\"},\"inLanguage\":\"fr-FR\",\"potentialAction\":[{\"@type\":\"ReadAction\",\"target\":[\"https:\\\/\\\/macewen.ca\\\/fr\\\/commercial\\\/livraison-de-carburant\\\/\"]}]},{\"@type\":\"BreadcrumbList\",\"@id\":\"https:\\\/\\\/macewen.ca\\\/fr\\\/commercial\\\/livraison-de-carburant\\\/#breadcrumb\",\"itemListElement\":[{\"@type\":\"ListItem\",\"position\":1,\"name\":\"Home\",\"item\":\"https:\\\/\\\/macewen.ca\\\/fr\\\/\"},{\"@type\":\"ListItem\",\"position\":2,\"name\":\"Commercial\",\"item\":\"https:\\\/\\\/macewen.ca\\\/fr\\\/macewen-commercial\\\/\"},{\"@type\":\"ListItem\",\"position\":3,\"name\":\"Livraison de carburant\"}]},{\"@type\":\"WebSite\",\"@id\":\"https:\\\/\\\/macewen.ca\\\/fr\\\/#website\",\"url\":\"https:\\\/\\\/macewen.ca\\\/fr\\\/\",\"name\":\"MacEwen Petroleum Inc\",\"description\":\"Providing fuel and convenience to communities across Ontario and Quebec.\",\"publisher\":{\"@id\":\"https:\\\/\\\/macewen.ca\\\/fr\\\/#organization\"},\"potentialAction\":[{\"@type\":\"SearchAction\",\"target\":{\"@type\":\"EntryPoint\",\"urlTemplate\":\"https:\\\/\\\/macewen.ca\\\/fr\\\/?s={search_term_string}\"},\"query-input\":{\"@type\":\"PropertyValueSpecification\",\"valueRequired\":true,\"valueName\":\"search_term_string\"}}],\"inLanguage\":\"fr-FR\"},{\"@type\":\"Organization\",\"@id\":\"https:\\\/\\\/macewen.ca\\\/fr\\\/#organization\",\"name\":\"MacEwen Petroleum Inc\",\"url\":\"https:\\\/\\\/macewen.ca\\\/fr\\\/\",\"logo\":{\"@type\":\"ImageObject\",\"inLanguage\":\"fr-FR\",\"@id\":\"https:\\\/\\\/macewen.ca\\\/fr\\\/#\\\/schema\\\/logo\\\/image\\\/\",\"url\":\"https:\\\/\\\/macewen.ca\\\/wp-content\\\/uploads\\\/2017\\\/12\\\/macewen-logo.svg\",\"contentUrl\":\"https:\\\/\\\/macewen.ca\\\/wp-content\\\/uploads\\\/2017\\\/12\\\/macewen-logo.svg\",\"width\":528.137,\"height\":269.904,\"caption\":\"MacEwen Petroleum Inc\"},\"image\":{\"@id\":\"https:\\\/\\\/macewen.ca\\\/fr\\\/#\\\/schema\\\/logo\\\/image\\\/\"},\"sameAs\":[\"https:\\\/\\\/ca.linkedin.com\\\/company\\\/macewen-petroleum\"]}]}<\/script>\n<!-- \/ Yoast SEO plugin. -->","yoast_head_json":{"title":"Livraison de carburant - MacEwen Petroleum Inc","description":"Profitez des services de livraison de carburant MacEwen pour vos besoins commerciaux, avec une fiabilit\u00e9 et une efficacit\u00e9 garanties.","robots":{"index":"index","follow":"follow","max-snippet":"max-snippet:-1","max-image-preview":"max-image-preview:large","max-video-preview":"max-video-preview:-1"},"canonical":"https:\/\/macewen.ca\/fr\/commercial\/livraison-de-carburant\/","og_locale":"fr_FR","og_type":"article","og_title":"Livraison de carburant - MacEwen Petroleum Inc","og_description":"Profitez des services de livraison de carburant MacEwen pour vos besoins commerciaux, avec une fiabilit\u00e9 et une efficacit\u00e9 garanties.","og_url":"https:\/\/macewen.ca\/fr\/commercial\/livraison-de-carburant\/","og_site_name":"MacEwen Petroleum Inc","article_modified_time":"2024-10-03T19:58:43+00:00","twitter_card":"summary_large_image","twitter_misc":{"Dur\u00e9e de lecture estim\u00e9e":"3 minutes"},"schema":{"@context":"https:\/\/schema.org","@graph":[{"@type":"WebPage","@id":"https:\/\/macewen.ca\/fr\/commercial\/livraison-de-carburant\/","url":"https:\/\/macewen.ca\/fr\/commercial\/livraison-de-carburant\/","name":"Livraison de carburant - MacEwen Petroleum Inc","isPartOf":{"@id":"https:\/\/macewen.ca\/fr\/#website"},"datePublished":"2018-02-13T21:22:36+00:00","dateModified":"2024-10-03T19:58:43+00:00","description":"Profitez des services de livraison de carburant MacEwen pour vos besoins commerciaux, avec une fiabilit\u00e9 et une efficacit\u00e9 garanties.","breadcrumb":{"@id":"https:\/\/macewen.ca\/fr\/commercial\/livraison-de-carburant\/#breadcrumb"},"inLanguage":"fr-FR","potentialAction":[{"@type":"ReadAction","target":["https:\/\/macewen.ca\/fr\/commercial\/livraison-de-carburant\/"]}]},{"@type":"BreadcrumbList","@id":"https:\/\/macewen.ca\/fr\/commercial\/livraison-de-carburant\/#breadcrumb","itemListElement":[{"@type":"ListItem","position":1,"name":"Home","item":"https:\/\/macewen.ca\/fr\/"},{"@type":"ListItem","position":2,"name":"Commercial","item":"https:\/\/macewen.ca\/fr\/macewen-commercial\/"},{"@type":"ListItem","position":3,"name":"Livraison de carburant"}]},{"@type":"WebSite","@id":"https:\/\/macewen.ca\/fr\/#website","url":"https:\/\/macewen.ca\/fr\/","name":"MacEwen Petroleum Inc","description":"Providing fuel and convenience to communities across Ontario and Quebec.","publisher":{"@id":"https:\/\/macewen.ca\/fr\/#organization"},"potentialAction":[{"@type":"SearchAction","target":{"@type":"EntryPoint","urlTemplate":"https:\/\/macewen.ca\/fr\/?s={search_term_string}"},"query-input":{"@type":"PropertyValueSpecification","valueRequired":true,"valueName":"search_term_string"}}],"inLanguage":"fr-FR"},{"@type":"Organization","@id":"https:\/\/macewen.ca\/fr\/#organization","name":"MacEwen Petroleum Inc","url":"https:\/\/macewen.ca\/fr\/","logo":{"@type":"ImageObject","inLanguage":"fr-FR","@id":"https:\/\/macewen.ca\/fr\/#\/schema\/logo\/image\/","url":"https:\/\/macewen.ca\/wp-content\/uploads\/2017\/12\/macewen-logo.svg","contentUrl":"https:\/\/macewen.ca\/wp-content\/uploads\/2017\/12\/macewen-logo.svg","width":528.137,"height":269.904,"caption":"MacEwen Petroleum Inc"},"image":{"@id":"https:\/\/macewen.ca\/fr\/#\/schema\/logo\/image\/"},"sameAs":["https:\/\/ca.linkedin.com\/company\/macewen-petroleum"]}]}},"_links":{"self":[{"href":"https:\/\/macewen.ca\/fr\/wp-json\/wp\/v2\/pages\/1541","targetHints":{"allow":["GET"]}}],"collection":[{"href":"https:\/\/macewen.ca\/fr\/wp-json\/wp\/v2\/pages"}],"about":[{"href":"https:\/\/macewen.ca\/fr\/wp-json\/wp\/v2\/types\/page"}],"author":[{"embeddable":true,"href":"https:\/\/macewen.ca\/fr\/wp-json\/wp\/v2\/users\/17"}],"replies":[{"embeddable":true,"href":"https:\/\/macewen.ca\/fr\/wp-json\/wp\/v2\/comments?post=1541"}],"version-history":[{"count":5,"href":"https:\/\/macewen.ca\/fr\/wp-json\/wp\/v2\/pages\/1541\/revisions"}],"predecessor-version":[{"id":4667,"href":"https:\/\/macewen.ca\/fr\/wp-json\/wp\/v2\/pages\/1541\/revisions\/4667"}],"up":[{"embeddable":true,"href":"https:\/\/macewen.ca\/fr\/wp-json\/wp\/v2\/pages\/1537"}],"wp:attachment":[{"href":"https:\/\/macewen.ca\/fr\/wp-json\/wp\/v2\/media?parent=1541"}],"curies":[{"name":"wp","href":"https:\/\/api.w.org\/{rel}","templated":true}]}}