{"id":1534,"date":"2018-02-13T15:04:02","date_gmt":"2018-02-13T20:04:02","guid":{"rendered":"https:\/\/macewen.ca\/?page_id=1534"},"modified":"2024-12-05T09:49:52","modified_gmt":"2024-12-05T14:49:52","slug":"faqs","status":"publish","type":"page","link":"https:\/\/macewen.ca\/fr\/residentiel\/faqs\/","title":{"rendered":"FAQs"},"content":{"rendered":"<p>[et_pb_section fb_built=\u00a0\u00bb1&Prime; _builder_version=\u00a0\u00bb4.16&Prime; global_colors_info=\u00a0\u00bb{}\u00a0\u00bb][et_pb_row _builder_version=\u00a0\u00bb4.16&Prime; background_size=\u00a0\u00bbinitial\u00a0\u00bb background_position=\u00a0\u00bbtop_left\u00a0\u00bb background_repeat=\u00a0\u00bbrepeat\u00a0\u00bb global_colors_info=\u00a0\u00bb{}\u00a0\u00bb][et_pb_column type=\u00a0\u00bb4_4&Prime; _builder_version=\u00a0\u00bb4.16&Prime; custom_padding=\u00a0\u00bb|||\u00a0\u00bb global_colors_info=\u00a0\u00bb{}\u00a0\u00bb custom_padding__hover=\u00a0\u00bb|||\u00a0\u00bb][et_pb_text _builder_version=\u00a0\u00bb4.16&Prime; text_orientation=\u00a0\u00bbcenter\u00a0\u00bb module_alignment=\u00a0\u00bbcenter\u00a0\u00bb global_colors_info=\u00a0\u00bb{}\u00a0\u00bb]<\/p>\n<h2><span class=\"eyebrow\">FOIRE AUX QUESTIONS<\/span>Base de connaissances<\/h2>\n<p class=\"large\">Ci-dessous se trouve une s\u00e9rie des questions fr\u00e9quemment pos\u00e9es sur nos produits et services domiciliaires :<\/p>\n<p><!--more--><\/p>\n<p>[\/et_pb_text][\/et_pb_column][\/et_pb_row][et_pb_row column_structure=\u00a0\u00bb1_4,1_2,1_4&Prime; _builder_version=\u00a0\u00bb4.16&Prime; background_size=\u00a0\u00bbinitial\u00a0\u00bb background_position=\u00a0\u00bbtop_left\u00a0\u00bb background_repeat=\u00a0\u00bbrepeat\u00a0\u00bb global_colors_info=\u00a0\u00bb{}\u00a0\u00bb][et_pb_column type=\u00a0\u00bb1_4&Prime; _builder_version=\u00a0\u00bb4.16&Prime; custom_padding=\u00a0\u00bb|||\u00a0\u00bb global_colors_info=\u00a0\u00bb{}\u00a0\u00bb custom_padding__hover=\u00a0\u00bb|||\u00a0\u00bb][\/et_pb_column][et_pb_column type=\u00a0\u00bb1_2&Prime; _builder_version=\u00a0\u00bb4.16&Prime; custom_padding=\u00a0\u00bb|||\u00a0\u00bb global_colors_info=\u00a0\u00bb{}\u00a0\u00bb custom_padding__hover=\u00a0\u00bb|||\u00a0\u00bb][et_pb_toggle title=\u00a0\u00bbEst\u2011ce que j\u2019\u00e9conomiserai de l\u2019argent si je modernise mon syst\u00e8me de chauffage au mazout?\u00a0\u00bb admin_label=\u00a0\u00bbEst\u2011ce que j\u2019\u00e9conomiserai de l\u2019argent si je modernise mon syst\u00e8me de chauffage au mazout?\u00a0\u00bb _builder_version=\u00a0\u00bb4.27.4&Prime; hover_enabled=\u00a0\u00bb0&Prime; global_colors_info=\u00a0\u00bb{}\u00a0\u00bb title_level=\u00a0\u00bbh3&Prime; sticky_enabled=\u00a0\u00bb0&Prime;]<\/p>\n<p>Les \u00e9tudes montrent que le vieil \u00e9quipement n\u2019est pas aussi efficace que les unit\u00e9s modernes. Le nouvel \u00e9quipement de chauffage au mazout affiche le plus haut taux d\u2019efficacit\u00e9 moyen, soit 96\u00a0%. Prenez rendez\u2011vous\u00a0pour faire \u00e9valuer votre syst\u00e8me de chauffage au mazout par un sp\u00e9cialiste de MacEwen Home Comfort. Apr\u00e8s une inspection minutieuse de l\u2019\u00e9quipement de chauffage au mazout, le technicien de service peut sugg\u00e9rer une modernisation. Un nouveau syst\u00e8me de chauffage au mazout permettra de r\u00e9duire les co\u00fbts d\u2019entretien et de r\u00e9paration, en plus de procurer une plus grande tranquillit\u00e9 d\u2019esprit. Souvent, un nouveau syst\u00e8me de chauffage au mazout moderne, compact et de grande efficacit\u00e9 se paiera de lui\u2011m\u00eame en peu de temps.<\/p>\n<p>[\/et_pb_toggle][et_pb_toggle title=\u00a0\u00bbPourquoi devrais\u2011je prendre r\u00e9guli\u00e8rement des rendez\u2011vous pour l\u2019entretien de mon \u00e9quipement de chauffage au mazout?\u00a0\u00bb admin_label=\u00a0\u00bbPourquoi devrais\u2011je prendre r\u00e9guli\u00e8rement des rendez\u2011vous pour l\u2019entretien de mon \u00e9quipement de chauffage au mazout?\u00a0\u00bb _builder_version=\u00a0\u00bb4.27.4&Prime; hover_enabled=\u00a0\u00bb0&Prime; global_colors_info=\u00a0\u00bb{}\u00a0\u00bb title_level=\u00a0\u00bbh3&Prime; sticky_enabled=\u00a0\u00bb0&Prime;]<\/p>\n<p>D\u2019apr\u00e8s des \u00e9tudes, l\u2019\u00e9quipement de chauffage au mazout qui est entretenu chaque ann\u00e9e utilise 13\u00a0% de moins de carburant que les unit\u00e9s qui ne le sont pas. Toutefois, seulement 55\u00a0% environ des propri\u00e9taires font entretenir leur \u00e9quipement de chauffage au mazout. L\u2019entretien prolonge de 20 \u00e0 30\u00a0% la dur\u00e9e de vie de votre \u00e9quipement de chauffage au mazout, ce qui peut se traduire par 5 \u00e0 10\u202fans d\u2019utilisation suppl\u00e9mentaires dans le cas d\u2019une fournaise ou d\u2019un chauffe\u2011eau au mazout. Environ 75\u00a0% des r\u00e9parations urgentes peuvent \u00eatre \u00e9vit\u00e9es par un entretien r\u00e9gulier.<\/p>\n<p>[\/et_pb_toggle][et_pb_toggle title=\u00a0\u00bbLe mazout ne co\u00fbte\u2011t\u2011il pas plus cher que le gaz naturel?\u00a0\u00bb admin_label=\u00a0\u00bbLe mazout ne co\u00fbte\u2011t\u2011il pas plus cher que le gaz naturel?\u00a0\u00bb _builder_version=\u00a0\u00bb4.27.4&Prime; hover_enabled=\u00a0\u00bb0&Prime; global_colors_info=\u00a0\u00bb{}\u00a0\u00bb title_level=\u00a0\u00bbh3&Prime; sticky_enabled=\u00a0\u00bb0&Prime;]<\/p>\n<p>Une fois que les grandes entreprises de services publics augmentent le prix du gaz naturel, ceux\u2011ci ne redescendent presque jamais. Vos commer\u00e7ants locaux de mazout maintiennent le prix au niveau le plus bas possible en raison de la bonne vieille concurrence et d\u2019une vari\u00e9t\u00e9 d\u2019options de service. De plus, ces entreprises locales plus petites \u2013 comme MacEwen \u2013 comprennent l\u2019importance d\u2019un service \u00e0 la client\u00e8le sup\u00e9rieur. Une entreprise de services publics ne peut tout simplement pas \u00e9galer notre d\u00e9vouement. Finalement, songez aux co\u00fbts \u00e0 long terme. Les fournaises au mazout durent beaucoup plus longtemps que les autres options, soit une moyenne de 30\u202fans comparativement \u00e0 15\u202fans dans le cas d\u2019une fournaise au gaz typique. De plus, un gallon de mazout r\u00e9sidentiel produit plus de chaleur que le gaz naturel. Autrement dit, votre r\u00e9sidence est chauff\u00e9e plus rapidement et reste plus chaude plus longtemps, ce qui vous fait \u00e9conomiser de l\u2019argent.<\/p>\n<p>[\/et_pb_toggle][et_pb_toggle title=\u00a0\u00bbLe propane est\u2011il s\u00e9curitaire?\u00a0\u00bb admin_label=\u00a0\u00bbLe propane est\u2011il s\u00e9curitaire?\u00a0\u00bb _builder_version=\u00a0\u00bb4.27.4&Prime; hover_enabled=\u00a0\u00bb0&Prime; global_colors_info=\u00a0\u00bb{}\u00a0\u00bb title_level=\u00a0\u00bbh3&Prime; sticky_enabled=\u00a0\u00bb0&Prime;]<\/p>\n<p>Le site Web de l\u2019<a href=\"https:\/\/propane.ca\/fr\/\" target=\"_blank\" rel=\"noopener\">Association canadienne du propane<\/a>\u00a0d\u00e9clare ceci\u00a0: Gr\u00e2ce \u00e0 certaines de ses caract\u00e9ristiques, ainsi qu\u2019\u00e0 la r\u00e9glementation qui r\u00e9git l\u2019\u00e9quipement associ\u00e9, la manutention et les formations, le propane est l\u2019une des sources \u00e9nerg\u00e9tiques les plus s\u00e9curitaires \u00e0 notre disposition. Des normes et des r\u00e8glements stricts sont en place pour r\u00e9gir la production, le stockage, le transport et l\u2019utilisation du propane afin d\u2019assurer votre s\u00e9curit\u00e9.<\/p>\n<p>[\/et_pb_toggle][et_pb_toggle title=\u00a0\u00bbQu\u2019est\u2011ce qui entre dans le prix d\u2019un litre d\u2019essence \u00e0 MacEwen?\u00a0\u00bb admin_label=\u00a0\u00bbQu\u2019est\u2011ce qui entre dans le prix d\u2019un litre d\u2019essence \u00e0 MacEwen?\u00a0\u00bb _builder_version=\u00a0\u00bb4.27.4&Prime; hover_enabled=\u00a0\u00bb0&Prime; global_colors_info=\u00a0\u00bb{}\u00a0\u00bb title_level=\u00a0\u00bbh3&Prime; sticky_enabled=\u00a0\u00bb0&Prime;]<\/p>\n<p>Quatre co\u00fbts uniques sont appliqu\u00e9s au prix \u00e0 la pompe de MacEwen\u00a0: le p\u00e9trole brut, les taxes, la marge de d\u00e9tail et la marge de raffinage et de commercialisation.<\/p>\n<p>Le prix de l\u2019essence augmente et diminue au fil du temps et varie d\u2019un endroit \u00e0 l\u2019autre. Les \u00e9l\u00e9ments constitutifs du prix d\u2019un litre d\u2019essence varient donc eux aussi.<\/p>\n<p>[\/et_pb_toggle][et_pb_toggle title=\u00a0\u00bbPourquoi le prix varie\u2011t\u2011il d\u2019une r\u00e9gion \u00e0 l\u2019autre?\u00a0\u00bb admin_label=\u00a0\u00bbPourquoi le prix varie\u2011t\u2011il d\u2019une r\u00e9gion \u00e0 l\u2019autre?\u00a0\u00bb _builder_version=\u00a0\u00bb4.27.4&Prime; hover_enabled=\u00a0\u00bb0&Prime; global_colors_info=\u00a0\u00bb{}\u00a0\u00bb title_level=\u00a0\u00bbh3&Prime; sticky_enabled=\u00a0\u00bb0&Prime;]<\/p>\n<p>Quelques facteurs touchent le co\u00fbt du carburant de r\u00e9gion en r\u00e9gion. Le co\u00fbt de transport et les taxes (provinciales et municipales) varient entre r\u00e9gions. Le volume de carburant qu\u2019une station peut vendre peut \u00e9galement avoir un effet sur le prix. Une station\u2011service MacEwen qui vend plus de carburant et d\u2019autres produits peut \u00eatre ne mesure d\u2019offrir aux clients un prix plus bas qu\u2019une station qui vend moins de carburant. Les d\u00e9taillants des grandes villes ont besoin d\u2019une plus faible marge d\u2019exploitation pour r\u00e9aliser un b\u00e9n\u00e9fice raisonnable, puisqu\u2019ils vendent plus d\u2019essence.<\/p>\n<p>Nous savons que les clients de MacEwen fondent en grande partie leurs d\u00e9cisions d\u2019achat sur le prix. Nous avons acc\u00e8s aux sources les moins ch\u00e8res, ce qui permet \u00e0 nos clients de payer les prix les plus bas.<\/p>\n<p>[\/et_pb_toggle][et_pb_toggle title=\u00a0\u00bbPourquoi les prix de MacEwen semblent\u2011ils \u00e9voluer dans le m\u00eame sens que la concurrence?\u00a0\u00bb admin_label=\u00a0\u00bbPourquoi les prix de MacEwen semblent\u2011ils \u00e9voluer dans le m\u00eame sens que la concurrence?\u00a0\u00bb _builder_version=\u00a0\u00bb4.27.4&Prime; hover_enabled=\u00a0\u00bb0&Prime; global_colors_info=\u00a0\u00bb{}\u00a0\u00bb title_level=\u00a0\u00bbh3&Prime; sticky_enabled=\u00a0\u00bb0&Prime;]<\/p>\n<p>Les clients sont r\u00e9solus \u00e0 acheter l\u2019essence au prix le plus abordable. MacEwen observe les prix affich\u00e9s pour s\u2019assurer que nos prix sont comp\u00e9titifs sur le march\u00e9 et qu\u2019ils peuvent \u00eatre rapidement adapt\u00e9s aux conditions du march\u00e9. Les clients sont pr\u00eats \u00e0 aller \u00e0 l\u2019autre bout de la ville pour aussi peu que deux\u202fdixi\u00e8mes de cent le litre \u2013 une \u00e9conomie de 10\u202fcents seulement pour un plein de 50\u202flitres. Ainsi, les d\u00e9taillants MacEwen doivent maintenir des prix comp\u00e9titifs, sans quoi nos clients iront voir ailleurs.<\/p>\n<p>[\/et_pb_toggle][et_pb_toggle title=\u00a0\u00bbPourquoi le prix de l\u2019essence semble\u2011t\u2011il augmenter avant une longue fin de semaine?\u00a0\u00bb admin_label=\u00a0\u00bbPourquoi le prix de l\u2019essence semble\u2011t\u2011il augmenter avant une longue fin de semaine?\u00a0\u00bb _builder_version=\u00a0\u00bb4.27.4&Prime; hover_enabled=\u00a0\u00bb0&Prime; global_colors_info=\u00a0\u00bb{}\u00a0\u00bb title_level=\u00a0\u00bbh3&Prime; sticky_enabled=\u00a0\u00bb0&Prime;]<\/p>\n<p>Statistiquement, les prix ont tendance \u00e0 augmenter tout au long de l\u2019\u00e9t\u00e9 lorsque la demande augmente en raison des d\u00e9placements estivaux accrus. Les consommateurs ont tendance \u00e0 porter attention au prix de l\u2019essence pendant les longues fins de semaine parce qu\u2019ils conduisent plus \u2013 et qu\u2019ils remplissent le r\u00e9servoir d\u2019essence plus souvent. L\u2019offre et la demande, et une compr\u00e9hension de base du monde des affaires, expliqueraient pourquoi les concurrents tirent parti de l\u2019augmentation du trafic automobile. MacEwen maintient ses prix comp\u00e9titifs.<\/p>\n<p>Les prix n\u2019augmentent pas forc\u00e9ment pendant les longues fins de semaine. Les prix de d\u00e9tail suivent la vente en gros; la vente en gros suit les cours \u00e0 terme mondiaux des march\u00e9s \u00e0 terme du brut, de l\u2019essence et du distillat. Les marges de vente en gros et de d\u00e9tail sont raisonnablement r\u00e9guli\u00e8res d\u2019un jour \u00e0 l\u2019autre, et l\u2019augmentation des prix la fin de semaine d\u00e9coule de cours \u00e0 terme plus \u00e9lev\u00e9s pr\u00e9c\u00e9dant la fin de semaine ou ne sont que perception.<\/p>\n<p>[\/et_pb_toggle][et_pb_toggle title=\u00a0\u00bbO\u00f9 puis\u2011je obtenir plus de renseignements sur les prix du carburant?\u00a0\u00bb admin_label=\u00a0\u00bbO\u00f9 puis\u2011je obtenir plus de renseignements sur les prix du carburant?\u00a0\u00bb _builder_version=\u00a0\u00bb4.27.4&Prime; hover_enabled=\u00a0\u00bb0&Prime; global_colors_info=\u00a0\u00bb{}\u00a0\u00bb title_level=\u00a0\u00bbh3&Prime; sticky_enabled=\u00a0\u00bb0&Prime;]<\/p>\n<p>Le rapport <a href=\"https:\/\/www.rncan.gc.ca\/accueil?_gl=1%2A1ot5ts6%2A_ga%2AMTM5NzU4NzEyMC4xNjY4MTgzODg3%2A_ga_C2N57Y7DX5%2AMTY2ODE4Mzg4Ny4xLjAuMTY2ODE4Mzg4Ny4wLjAuMA..\">Info-Carburant<\/a>\u00a0est un bulletin publi\u00e9 deux\u202ffois par mois. Produit par Ressources naturelles Canada, il analyse les prix, les tendances et les \u00e9v\u00e9nements relatifs aux produits p\u00e9troliers qui influent sur le march\u00e9 canadien \u00e0 un moment donn\u00e9.<\/p>\n<p>L\u2019<a href=\"https:\/\/www.caa.ca\/fr\/\">Association canadienne des automobilistes<\/a>\u00a0a un site Web destin\u00e9 aux automobilistes pr\u00e9occup\u00e9s par le prix \u00e0 la pompe.<\/p>\n<p>Si vous avez d\u2019autres questions \u00e0 propos de l\u2019essence, du mazout ou d\u2019un autre sujet li\u00e9 \u00e0 MacEwen, veuillez <a href=\"https:\/\/macewen.ca\/fr\/contact\/\">communiquer avec nous<\/a>. Si vous aimeriez consulter des statistiques int\u00e9ressantes \u00e0 propos de l\u2019essence, veuillez consulter la page de <a href=\"https:\/\/www.rncan.gc.ca\/nos-ressources-naturelles\/marches-national-et-internationaux\/prix-carburants-transport\/4594?_gl=1*noblc6*_ga*MTM5NzU4NzEyMC4xNjY4MTgzODg3*_ga_C2N57Y7DX5*MTY2ODE4Mzg4Ny4xLjEuMTY2ODE4NDAwOC4wLjAuMA..\">faits concernant le gaz<\/a>.<\/p>\n<p>[\/et_pb_toggle][\/et_pb_column][et_pb_column type=\u00a0\u00bb1_4&Prime; _builder_version=\u00a0\u00bb4.16&Prime; custom_padding=\u00a0\u00bb|||\u00a0\u00bb global_colors_info=\u00a0\u00bb{}\u00a0\u00bb custom_padding__hover=\u00a0\u00bb|||\u00a0\u00bb][\/et_pb_column][\/et_pb_row][\/et_pb_section][et_pb_section fb_built=\u00a0\u00bb1&Prime; module_class=\u00a0\u00bbgrey\u00a0\u00bb _builder_version=\u00a0\u00bb4.16&Prime; global_colors_info=\u00a0\u00bb{}\u00a0\u00bb][et_pb_row _builder_version=\u00a0\u00bb4.16&Prime; global_colors_info=\u00a0\u00bb{}\u00a0\u00bb][et_pb_column type=\u00a0\u00bb4_4&Prime; _builder_version=\u00a0\u00bb4.16&Prime; custom_padding=\u00a0\u00bb|||\u00a0\u00bb global_colors_info=\u00a0\u00bb{}\u00a0\u00bb custom_padding__hover=\u00a0\u00bb|||\u00a0\u00bb][et_pb_text admin_label=\u00a0\u00bbCommuniquez avec votre centre Home Comfort\u00a0\u00bb module_class=\u00a0\u00bbsmall-bottom-padding\u00a0\u00bb _builder_version=\u00a0\u00bb4.16&Prime; text_orientation=\u00a0\u00bbcenter\u00a0\u00bb global_colors_info=\u00a0\u00bb{}\u00a0\u00bb]<\/p>\n<h2><span class=\"eyebrow\">COMMUNIQUER AVEC NOUS<\/span>Communiquez avec votre centre Home Comfort<\/h2>\n<p class=\"large\">Composez le <strong><a href=\"tel:1-800-267-7175\">1-800-267-7175<\/a><\/strong> ou inscrivez votre ville ou code postal ci\u2011dessous pour trouver le centre Home Comfort MacEwen le plus pr\u00e8s!<\/p>\n\n<div id=\"vue\">\n\t<find-place\n\t\ttype=\"home-comfort-centre\"\n\t\tcolours=\"default\"\n\t\tprompt=\"Trouver home comfort centre\"\n\t\tresults-url=\"https:\/\/macewen.ca\/residential\/residential-locations\/\"\n\t\tpreselected=\"\"\n\t><\/find-place>\n<\/div>\n\n<p>[\/et_pb_text][\/et_pb_column][\/et_pb_row][\/et_pb_section]<\/p>\n","protected":false},"excerpt":{"rendered":"<p>FOIRE AUX&#8230;<\/p>\n","protected":false},"author":17,"featured_media":0,"parent":1450,"menu_order":0,"comment_status":"closed","ping_status":"closed","template":"","meta":{"_et_pb_use_builder":"on","_et_pb_old_content":"","_et_gb_content_width":"","footnotes":""},"class_list":["post-1534","page","type-page","status-publish","hentry"],"yoast_head":"<!-- This site is optimized with the Yoast SEO plugin v27.4 - https:\/\/yoast.com\/product\/yoast-seo-wordpress\/ -->\n<title>FAQs - MacEwen Petroleum Inc<\/title>\n<meta name=\"robots\" content=\"index, follow, max-snippet:-1, max-image-preview:large, max-video-preview:-1\" \/>\n<link rel=\"canonical\" href=\"https:\/\/macewen.ca\/fr\/residentiel\/faqs\/\" \/>\n<meta property=\"og:locale\" content=\"fr_FR\" \/>\n<meta property=\"og:type\" content=\"article\" \/>\n<meta property=\"og:title\" content=\"FAQs - MacEwen Petroleum Inc\" \/>\n<meta property=\"og:description\" content=\"FOIRE AUX...\" \/>\n<meta property=\"og:url\" content=\"https:\/\/macewen.ca\/fr\/residentiel\/faqs\/\" \/>\n<meta property=\"og:site_name\" content=\"MacEwen Petroleum Inc\" \/>\n<meta property=\"article:modified_time\" content=\"2024-12-05T14:49:52+00:00\" \/>\n<meta name=\"twitter:card\" content=\"summary_large_image\" \/>\n<meta name=\"twitter:label1\" content=\"Dur\u00e9e de lecture estim\u00e9e\" \/>\n\t<meta name=\"twitter:data1\" content=\"6 minutes\" \/>\n<script type=\"application\/ld+json\" class=\"yoast-schema-graph\">{\"@context\":\"https:\\\/\\\/schema.org\",\"@graph\":[{\"@type\":\"WebPage\",\"@id\":\"https:\\\/\\\/macewen.ca\\\/fr\\\/residentiel\\\/faqs\\\/\",\"url\":\"https:\\\/\\\/macewen.ca\\\/fr\\\/residentiel\\\/faqs\\\/\",\"name\":\"FAQs - MacEwen Petroleum Inc\",\"isPartOf\":{\"@id\":\"https:\\\/\\\/macewen.ca\\\/fr\\\/#website\"},\"datePublished\":\"2018-02-13T20:04:02+00:00\",\"dateModified\":\"2024-12-05T14:49:52+00:00\",\"breadcrumb\":{\"@id\":\"https:\\\/\\\/macewen.ca\\\/fr\\\/residentiel\\\/faqs\\\/#breadcrumb\"},\"inLanguage\":\"fr-FR\",\"potentialAction\":[{\"@type\":\"ReadAction\",\"target\":[\"https:\\\/\\\/macewen.ca\\\/fr\\\/residentiel\\\/faqs\\\/\"]}]},{\"@type\":\"BreadcrumbList\",\"@id\":\"https:\\\/\\\/macewen.ca\\\/fr\\\/residentiel\\\/faqs\\\/#breadcrumb\",\"itemListElement\":[{\"@type\":\"ListItem\",\"position\":1,\"name\":\"Home\",\"item\":\"https:\\\/\\\/macewen.ca\\\/fr\\\/\"},{\"@type\":\"ListItem\",\"position\":2,\"name\":\"R\u00e9sidentiel\",\"item\":\"https:\\\/\\\/macewen.ca\\\/fr\\\/residential\\\/\"},{\"@type\":\"ListItem\",\"position\":3,\"name\":\"FAQs\"}]},{\"@type\":\"WebSite\",\"@id\":\"https:\\\/\\\/macewen.ca\\\/fr\\\/#website\",\"url\":\"https:\\\/\\\/macewen.ca\\\/fr\\\/\",\"name\":\"MacEwen Petroleum Inc\",\"description\":\"Providing fuel and convenience to communities across Ontario and Quebec.\",\"publisher\":{\"@id\":\"https:\\\/\\\/macewen.ca\\\/fr\\\/#organization\"},\"potentialAction\":[{\"@type\":\"SearchAction\",\"target\":{\"@type\":\"EntryPoint\",\"urlTemplate\":\"https:\\\/\\\/macewen.ca\\\/fr\\\/?s={search_term_string}\"},\"query-input\":{\"@type\":\"PropertyValueSpecification\",\"valueRequired\":true,\"valueName\":\"search_term_string\"}}],\"inLanguage\":\"fr-FR\"},{\"@type\":\"Organization\",\"@id\":\"https:\\\/\\\/macewen.ca\\\/fr\\\/#organization\",\"name\":\"MacEwen Petroleum Inc\",\"url\":\"https:\\\/\\\/macewen.ca\\\/fr\\\/\",\"logo\":{\"@type\":\"ImageObject\",\"inLanguage\":\"fr-FR\",\"@id\":\"https:\\\/\\\/macewen.ca\\\/fr\\\/#\\\/schema\\\/logo\\\/image\\\/\",\"url\":\"https:\\\/\\\/macewen.ca\\\/wp-content\\\/uploads\\\/2017\\\/12\\\/macewen-logo.svg\",\"contentUrl\":\"https:\\\/\\\/macewen.ca\\\/wp-content\\\/uploads\\\/2017\\\/12\\\/macewen-logo.svg\",\"width\":528.137,\"height\":269.904,\"caption\":\"MacEwen Petroleum Inc\"},\"image\":{\"@id\":\"https:\\\/\\\/macewen.ca\\\/fr\\\/#\\\/schema\\\/logo\\\/image\\\/\"},\"sameAs\":[\"https:\\\/\\\/ca.linkedin.com\\\/company\\\/macewen-petroleum\"]}]}<\/script>\n<!-- \/ Yoast SEO plugin. -->","yoast_head_json":{"title":"FAQs - MacEwen Petroleum Inc","robots":{"index":"index","follow":"follow","max-snippet":"max-snippet:-1","max-image-preview":"max-image-preview:large","max-video-preview":"max-video-preview:-1"},"canonical":"https:\/\/macewen.ca\/fr\/residentiel\/faqs\/","og_locale":"fr_FR","og_type":"article","og_title":"FAQs - MacEwen Petroleum Inc","og_description":"FOIRE AUX...","og_url":"https:\/\/macewen.ca\/fr\/residentiel\/faqs\/","og_site_name":"MacEwen Petroleum Inc","article_modified_time":"2024-12-05T14:49:52+00:00","twitter_card":"summary_large_image","twitter_misc":{"Dur\u00e9e de lecture estim\u00e9e":"6 minutes"},"schema":{"@context":"https:\/\/schema.org","@graph":[{"@type":"WebPage","@id":"https:\/\/macewen.ca\/fr\/residentiel\/faqs\/","url":"https:\/\/macewen.ca\/fr\/residentiel\/faqs\/","name":"FAQs - MacEwen Petroleum Inc","isPartOf":{"@id":"https:\/\/macewen.ca\/fr\/#website"},"datePublished":"2018-02-13T20:04:02+00:00","dateModified":"2024-12-05T14:49:52+00:00","breadcrumb":{"@id":"https:\/\/macewen.ca\/fr\/residentiel\/faqs\/#breadcrumb"},"inLanguage":"fr-FR","potentialAction":[{"@type":"ReadAction","target":["https:\/\/macewen.ca\/fr\/residentiel\/faqs\/"]}]},{"@type":"BreadcrumbList","@id":"https:\/\/macewen.ca\/fr\/residentiel\/faqs\/#breadcrumb","itemListElement":[{"@type":"ListItem","position":1,"name":"Home","item":"https:\/\/macewen.ca\/fr\/"},{"@type":"ListItem","position":2,"name":"R\u00e9sidentiel","item":"https:\/\/macewen.ca\/fr\/residential\/"},{"@type":"ListItem","position":3,"name":"FAQs"}]},{"@type":"WebSite","@id":"https:\/\/macewen.ca\/fr\/#website","url":"https:\/\/macewen.ca\/fr\/","name":"MacEwen Petroleum Inc","description":"Providing fuel and convenience to communities across Ontario and Quebec.","publisher":{"@id":"https:\/\/macewen.ca\/fr\/#organization"},"potentialAction":[{"@type":"SearchAction","target":{"@type":"EntryPoint","urlTemplate":"https:\/\/macewen.ca\/fr\/?s={search_term_string}"},"query-input":{"@type":"PropertyValueSpecification","valueRequired":true,"valueName":"search_term_string"}}],"inLanguage":"fr-FR"},{"@type":"Organization","@id":"https:\/\/macewen.ca\/fr\/#organization","name":"MacEwen Petroleum Inc","url":"https:\/\/macewen.ca\/fr\/","logo":{"@type":"ImageObject","inLanguage":"fr-FR","@id":"https:\/\/macewen.ca\/fr\/#\/schema\/logo\/image\/","url":"https:\/\/macewen.ca\/wp-content\/uploads\/2017\/12\/macewen-logo.svg","contentUrl":"https:\/\/macewen.ca\/wp-content\/uploads\/2017\/12\/macewen-logo.svg","width":528.137,"height":269.904,"caption":"MacEwen Petroleum Inc"},"image":{"@id":"https:\/\/macewen.ca\/fr\/#\/schema\/logo\/image\/"},"sameAs":["https:\/\/ca.linkedin.com\/company\/macewen-petroleum"]}]}},"_links":{"self":[{"href":"https:\/\/macewen.ca\/fr\/wp-json\/wp\/v2\/pages\/1534","targetHints":{"allow":["GET"]}}],"collection":[{"href":"https:\/\/macewen.ca\/fr\/wp-json\/wp\/v2\/pages"}],"about":[{"href":"https:\/\/macewen.ca\/fr\/wp-json\/wp\/v2\/types\/page"}],"author":[{"embeddable":true,"href":"https:\/\/macewen.ca\/fr\/wp-json\/wp\/v2\/users\/17"}],"replies":[{"embeddable":true,"href":"https:\/\/macewen.ca\/fr\/wp-json\/wp\/v2\/comments?post=1534"}],"version-history":[{"count":5,"href":"https:\/\/macewen.ca\/fr\/wp-json\/wp\/v2\/pages\/1534\/revisions"}],"predecessor-version":[{"id":6013,"href":"https:\/\/macewen.ca\/fr\/wp-json\/wp\/v2\/pages\/1534\/revisions\/6013"}],"up":[{"embeddable":true,"href":"https:\/\/macewen.ca\/fr\/wp-json\/wp\/v2\/pages\/1450"}],"wp:attachment":[{"href":"https:\/\/macewen.ca\/fr\/wp-json\/wp\/v2\/media?parent=1534"}],"curies":[{"name":"wp","href":"https:\/\/api.w.org\/{rel}","templated":true}]}}