{"id":1523,"date":"2018-02-02T15:52:14","date_gmt":"2018-02-02T20:52:14","guid":{"rendered":"https:\/\/macewen.ca\/?page_id=1523"},"modified":"2024-12-05T09:56:59","modified_gmt":"2024-12-05T14:56:59","slug":"services","status":"publish","type":"page","link":"https:\/\/macewen.ca\/fr\/residentiel\/services\/","title":{"rendered":"Services"},"content":{"rendered":"<p>[et_pb_section fb_built=\u00a0\u00bb1&Prime; _builder_version=\u00a0\u00bb4.16&Prime; global_colors_info=\u00a0\u00bb{}\u00a0\u00bb][et_pb_row _builder_version=\u00a0\u00bb4.16&Prime; background_size=\u00a0\u00bbinitial\u00a0\u00bb background_position=\u00a0\u00bbtop_left\u00a0\u00bb background_repeat=\u00a0\u00bbrepeat\u00a0\u00bb global_colors_info=\u00a0\u00bb{}\u00a0\u00bb][et_pb_column type=\u00a0\u00bb4_4&Prime; _builder_version=\u00a0\u00bb4.16&Prime; custom_padding=\u00a0\u00bb|||\u00a0\u00bb global_colors_info=\u00a0\u00bb{}\u00a0\u00bb custom_padding__hover=\u00a0\u00bb|||\u00a0\u00bb][et_pb_text admin_label=\u00a0\u00bbAPER\u00c7U\u00a0\u00bb _builder_version=\u00a0\u00bb4.16&Prime; text_orientation=\u00a0\u00bbcenter\u00a0\u00bb module_alignment=\u00a0\u00bbcenter\u00a0\u00bb global_colors_info=\u00a0\u00bb{}\u00a0\u00bb]<\/p>\n<h2><span class=\"eyebrow\">APER\u00c7U<\/span>Le service avec un sourire<\/h2>\n<p class=\"large\">MacEwen est votre expert en confort r\u00e9sidentiel pour ce qui est du chauffage au mazout et au propane. Nous offrons la livraison automatique de mazout et de propane. Nos services s\u2019accompagnent de divers modes de paiement qui peuvent \u00eatre adapt\u00e9s \u00e0 vos besoins pr\u00e9cis en chauffage et \u00e0 vos besoins g\u00e9n\u00e9raux en mati\u00e8re de confort r\u00e9sidentiel.<\/p>\n<p>[\/et_pb_text][\/et_pb_column][\/et_pb_row][et_pb_row column_structure=\u00a0\u00bb1_2,1_2&Prime; _builder_version=\u00a0\u00bb4.16&Prime; custom_css_main_element=\u00a0\u00bbp { padding-bottom: 0 !important; }\u00a0\u00bb global_colors_info=\u00a0\u00bb{}\u00a0\u00bb][et_pb_column type=\u00a0\u00bb1_2&Prime; _builder_version=\u00a0\u00bb4.16&Prime; custom_padding=\u00a0\u00bb|||\u00a0\u00bb global_colors_info=\u00a0\u00bb{}\u00a0\u00bb custom_padding__hover=\u00a0\u00bb|||\u00a0\u00bb][et_pb_text admin_label=\u00a0\u00bbMode de paiements \u00e9gaux\u00a0\u00bb _builder_version=\u00a0\u00bb4.27.4&Prime; hover_enabled=\u00a0\u00bb0&Prime; global_colors_info=\u00a0\u00bb{}\u00a0\u00bb sticky_enabled=\u00a0\u00bb0&Prime;]<\/p>\n\n<div class=\"image-left-text\">\n\t<img decoding=\"async\" src=\"\/wp-content\/uploads\/2017\/12\/financing.jpg\" class=\"rounded-img\">\n\t<div class=\"text\">\n\t\t<h3>Mode de paiements \u00e9gaux<\/h3>\n\t\t<p><\/p>\n<p>[\/et_pb_text][\/et_pb_column][et_pb_column type=\u00a0\u00bb1_2&Prime; _builder_version=\u00a0\u00bb4.16&Prime; custom_padding=\u00a0\u00bb|||\u00a0\u00bb global_colors_info=\u00a0\u00bb{}\u00a0\u00bb custom_padding__hover=\u00a0\u00bb|||\u00a0\u00bb][et_pb_text admin_label=\u00a0\u00bbLivraison automatique\u00a0\u00bb _builder_version=\u00a0\u00bb4.27.4&Prime; hover_enabled=\u00a0\u00bb0&Prime; custom_css_main_element=\u00a0\u00bbp { padding-bottom: 0 !important; }\u00a0\u00bb global_colors_info=\u00a0\u00bb{}\u00a0\u00bb sticky_enabled=\u00a0\u00bb0&Prime;]<\/p>\n<p>[image-text-block img=\"\/wp-content\/uploads\/2018\/01\/T8A8767a_resized_square.jpg\" heading=\"Livraison automatique\" heading_tag=\"h3\"] Propane? Mazout? Nous nous en occuperons pour vous. Peu importe la fa\u00e7on dont vous chauffez votre r\u00e9sidence, MacEwen offre la livraison automatique; vous n\u2019aurez donc plus \u00e0 v\u00e9rifier la jauge du r\u00e9servoir. Si vous aimeriez v\u00e9rifier la jauge, nous offrons un indicateur de r\u00e9servoir qui vous permet de faire un suivi en temps r\u00e9el.<\/p>\n\t\t\t<\/div>\n<\/div>\n<p>[\/et_pb_text][\/et_pb_column][\/et_pb_row][et_pb_row column_structure=\u00a0\u00bb1_2,1_2&Prime; module_class=\u00a0\u00bbno-mobile-padding-row\u00a0\u00bb _builder_version=\u00a0\u00bb4.16&Prime; global_colors_info=\u00a0\u00bb{}\u00a0\u00bb][et_pb_column type=\u00a0\u00bb1_2&Prime; _builder_version=\u00a0\u00bb4.16&Prime; custom_padding=\u00a0\u00bb|||\u00a0\u00bb global_colors_info=\u00a0\u00bb{}\u00a0\u00bb custom_padding__hover=\u00a0\u00bb|||\u00a0\u00bb][et_pb_text admin_label=\u00a0\u00bbFacturation \u00e9lectronique\u00a0\u00bb _builder_version=\u00a0\u00bb4.27.4&Prime; hover_enabled=\u00a0\u00bb0&Prime; custom_css_main_element=\u00a0\u00bbp { padding-bottom: 0 !important; }\u00a0\u00bb global_colors_info=\u00a0\u00bb{}\u00a0\u00bb sticky_enabled=\u00a0\u00bb0&Prime;]<\/p>\n\n<div class=\"image-left-text\">\n\t<img decoding=\"async\" src=\"\/wp-content\/uploads\/2017\/12\/e-billing.jpg\" class=\"rounded-img\">\n\t<div class=\"text\">\n\t\t<h3>Facturation \u00e9lectronique<\/h3>\n\t\t<p>Passez\u2011vous de papier gr\u00e2ce au syst\u00e8me de facturation \u00e9lectronique de MacEwen : il est respectueux de l\u2019environnement, simple d\u2019utilisation et s\u00e9curis\u00e9. En choisissant l\u2019option \u00e9lectronique, vous avez acc\u00e8s en ligne \u00e0 vos renseignements de facturation actuels et pass\u00e9s. Nous vous enverrons un courriel lorsque votre facture sera exigible.<\/p>\n\t\t\t<\/div>\n<\/div>\n<p>[\/et_pb_text][\/et_pb_column][et_pb_column type=\u00a0\u00bb1_2&Prime; _builder_version=\u00a0\u00bb4.16&Prime; custom_padding=\u00a0\u00bb|||\u00a0\u00bb global_colors_info=\u00a0\u00bb{}\u00a0\u00bb custom_padding__hover=\u00a0\u00bb|||\u00a0\u00bb][et_pb_text admin_label=\u00a0\u00bbService de 24\u202fheures\u00a0\u00bb _builder_version=\u00a0\u00bb4.27.4&Prime; hover_enabled=\u00a0\u00bb0&Prime; global_colors_info=\u00a0\u00bb{}\u00a0\u00bb sticky_enabled=\u00a0\u00bb0&Prime;]<\/p>\n\n<div class=\"image-left-text\">\n\t<img decoding=\"async\" src=\"\/wp-content\/uploads\/2018\/01\/T8A8784_resized_square.jpg\" class=\"rounded-img\">\n\t<div class=\"text\">\n\t\t<h3>Service de 24\u202fheures<\/h3>\n\t\t<p>Soyez sans crainte avec MacEwen. Le service d\u2019urgence de 24\u202fheures est \u00e0 la base de notre engagement \u00e0 votre endroit. Lorsque vous appelez notre ligne d\u2019aide, notre r\u00e9partiteur collabore avec vous afin d\u2019offrir le soutien particulier dont vous avez besoin.<\/p>\n\t\t\t<\/div>\n<\/div>\n<p>[\/et_pb_text][\/et_pb_column][\/et_pb_row][\/et_pb_section][et_pb_section fb_built=\u00a0\u00bb1&Prime; module_class=\u00a0\u00bbgrey\u00a0\u00bb _builder_version=\u00a0\u00bb4.16&Prime; global_colors_info=\u00a0\u00bb{}\u00a0\u00bb][et_pb_row _builder_version=\u00a0\u00bb4.16&Prime; global_colors_info=\u00a0\u00bb{}\u00a0\u00bb][et_pb_column type=\u00a0\u00bb4_4&Prime; _builder_version=\u00a0\u00bb4.16&Prime; custom_padding=\u00a0\u00bb|||\u00a0\u00bb global_colors_info=\u00a0\u00bb{}\u00a0\u00bb custom_padding__hover=\u00a0\u00bb|||\u00a0\u00bb][et_pb_text admin_label=\u00a0\u00bbCommuniquez avec votre centre Home Comfort\u00a0\u00bb module_class=\u00a0\u00bbsmall-bottom-padding\u00a0\u00bb _builder_version=\u00a0\u00bb4.16&Prime; text_orientation=\u00a0\u00bbcenter\u00a0\u00bb global_colors_info=\u00a0\u00bb{}\u00a0\u00bb]<\/p>\n<h2><span class=\"eyebrow\">COMMUNIQUER AVEC NOUS<\/span>Communiquez avec votre centre Home Comfort<\/h2>\n<p class=\"large\">Composez le <strong><a href=\"tel:1-800-267-7175\">1-800-267-7175<\/a><\/strong> ou inscrivez votre ville ou code postal ci\u2011dessous pour trouver le centre Home Comfort MacEwen le plus pr\u00e8s!<\/p>\n\n<div id=\"vue\">\n\t<find-place\n\t\ttype=\"home-comfort-centre\"\n\t\tcolours=\"default\"\n\t\tprompt=\"Trouver home comfort centre\"\n\t\tresults-url=\"https:\/\/macewen.ca\/residential\/residential-locations\/\"\n\t\tpreselected=\"\"\n\t><\/find-place>\n<\/div>\n\n<p>[\/et_pb_text][\/et_pb_column][\/et_pb_row][\/et_pb_section]<\/p>\n","protected":false},"excerpt":{"rendered":"<p>APER\u00c7ULe service&#8230;<\/p>\n","protected":false},"author":17,"featured_media":0,"parent":1450,"menu_order":0,"comment_status":"closed","ping_status":"closed","template":"","meta":{"_et_pb_use_builder":"on","_et_pb_old_content":"","_et_gb_content_width":"","footnotes":""},"class_list":["post-1523","page","type-page","status-publish","hentry"],"yoast_head":"<!-- This site is optimized with the Yoast SEO plugin v27.5 - https:\/\/yoast.com\/product\/yoast-seo-wordpress\/ -->\n<title>Services - MacEwen Petroleum Inc<\/title>\n<meta name=\"description\" content=\"D\u00e9couvrez les services r\u00e9sidentiels MacEwen, con\u00e7us pour r\u00e9pondre \u00e0 vos besoins \u00e9nerg\u00e9tiques \u00e0 domicile.\" \/>\n<meta name=\"robots\" content=\"index, follow, max-snippet:-1, max-image-preview:large, max-video-preview:-1\" \/>\n<link rel=\"canonical\" href=\"https:\/\/macewen.ca\/fr\/residentiel\/services\/\" \/>\n<meta property=\"og:locale\" content=\"fr_FR\" \/>\n<meta property=\"og:type\" content=\"article\" \/>\n<meta property=\"og:title\" content=\"Services - MacEwen Petroleum Inc\" \/>\n<meta property=\"og:description\" content=\"D\u00e9couvrez les services r\u00e9sidentiels MacEwen, con\u00e7us pour r\u00e9pondre \u00e0 vos besoins \u00e9nerg\u00e9tiques \u00e0 domicile.\" \/>\n<meta property=\"og:url\" content=\"https:\/\/macewen.ca\/fr\/residentiel\/services\/\" \/>\n<meta property=\"og:site_name\" content=\"MacEwen Petroleum Inc\" \/>\n<meta property=\"article:modified_time\" content=\"2024-12-05T14:56:59+00:00\" \/>\n<meta name=\"twitter:card\" content=\"summary_large_image\" \/>\n<meta name=\"twitter:label1\" content=\"Dur\u00e9e de lecture estim\u00e9e\" \/>\n\t<meta name=\"twitter:data1\" content=\"3 minutes\" \/>\n<script type=\"application\/ld+json\" class=\"yoast-schema-graph\">{\"@context\":\"https:\\\/\\\/schema.org\",\"@graph\":[{\"@type\":\"WebPage\",\"@id\":\"https:\\\/\\\/macewen.ca\\\/fr\\\/residentiel\\\/services\\\/\",\"url\":\"https:\\\/\\\/macewen.ca\\\/fr\\\/residentiel\\\/services\\\/\",\"name\":\"Services - MacEwen Petroleum Inc\",\"isPartOf\":{\"@id\":\"https:\\\/\\\/macewen.ca\\\/fr\\\/#website\"},\"datePublished\":\"2018-02-02T20:52:14+00:00\",\"dateModified\":\"2024-12-05T14:56:59+00:00\",\"description\":\"D\u00e9couvrez les services r\u00e9sidentiels MacEwen, con\u00e7us pour r\u00e9pondre \u00e0 vos besoins \u00e9nerg\u00e9tiques \u00e0 domicile.\",\"breadcrumb\":{\"@id\":\"https:\\\/\\\/macewen.ca\\\/fr\\\/residentiel\\\/services\\\/#breadcrumb\"},\"inLanguage\":\"fr-FR\",\"potentialAction\":[{\"@type\":\"ReadAction\",\"target\":[\"https:\\\/\\\/macewen.ca\\\/fr\\\/residentiel\\\/services\\\/\"]}]},{\"@type\":\"BreadcrumbList\",\"@id\":\"https:\\\/\\\/macewen.ca\\\/fr\\\/residentiel\\\/services\\\/#breadcrumb\",\"itemListElement\":[{\"@type\":\"ListItem\",\"position\":1,\"name\":\"Home\",\"item\":\"https:\\\/\\\/macewen.ca\\\/fr\\\/\"},{\"@type\":\"ListItem\",\"position\":2,\"name\":\"R\u00e9sidentiel\",\"item\":\"https:\\\/\\\/macewen.ca\\\/fr\\\/residential\\\/\"},{\"@type\":\"ListItem\",\"position\":3,\"name\":\"Services\"}]},{\"@type\":\"WebSite\",\"@id\":\"https:\\\/\\\/macewen.ca\\\/fr\\\/#website\",\"url\":\"https:\\\/\\\/macewen.ca\\\/fr\\\/\",\"name\":\"MacEwen Petroleum Inc\",\"description\":\"Providing fuel and convenience to communities across Ontario and Quebec.\",\"publisher\":{\"@id\":\"https:\\\/\\\/macewen.ca\\\/fr\\\/#organization\"},\"potentialAction\":[{\"@type\":\"SearchAction\",\"target\":{\"@type\":\"EntryPoint\",\"urlTemplate\":\"https:\\\/\\\/macewen.ca\\\/fr\\\/?s={search_term_string}\"},\"query-input\":{\"@type\":\"PropertyValueSpecification\",\"valueRequired\":true,\"valueName\":\"search_term_string\"}}],\"inLanguage\":\"fr-FR\"},{\"@type\":\"Organization\",\"@id\":\"https:\\\/\\\/macewen.ca\\\/fr\\\/#organization\",\"name\":\"MacEwen Petroleum Inc\",\"url\":\"https:\\\/\\\/macewen.ca\\\/fr\\\/\",\"logo\":{\"@type\":\"ImageObject\",\"inLanguage\":\"fr-FR\",\"@id\":\"https:\\\/\\\/macewen.ca\\\/fr\\\/#\\\/schema\\\/logo\\\/image\\\/\",\"url\":\"https:\\\/\\\/macewen.ca\\\/wp-content\\\/uploads\\\/2017\\\/12\\\/macewen-logo.svg\",\"contentUrl\":\"https:\\\/\\\/macewen.ca\\\/wp-content\\\/uploads\\\/2017\\\/12\\\/macewen-logo.svg\",\"width\":528.137,\"height\":269.904,\"caption\":\"MacEwen Petroleum Inc\"},\"image\":{\"@id\":\"https:\\\/\\\/macewen.ca\\\/fr\\\/#\\\/schema\\\/logo\\\/image\\\/\"},\"sameAs\":[\"https:\\\/\\\/ca.linkedin.com\\\/company\\\/macewen-petroleum\"]}]}<\/script>\n<!-- \/ Yoast SEO plugin. -->","yoast_head_json":{"title":"Services - MacEwen Petroleum Inc","description":"D\u00e9couvrez les services r\u00e9sidentiels MacEwen, con\u00e7us pour r\u00e9pondre \u00e0 vos besoins \u00e9nerg\u00e9tiques \u00e0 domicile.","robots":{"index":"index","follow":"follow","max-snippet":"max-snippet:-1","max-image-preview":"max-image-preview:large","max-video-preview":"max-video-preview:-1"},"canonical":"https:\/\/macewen.ca\/fr\/residentiel\/services\/","og_locale":"fr_FR","og_type":"article","og_title":"Services - MacEwen Petroleum Inc","og_description":"D\u00e9couvrez les services r\u00e9sidentiels MacEwen, con\u00e7us pour r\u00e9pondre \u00e0 vos besoins \u00e9nerg\u00e9tiques \u00e0 domicile.","og_url":"https:\/\/macewen.ca\/fr\/residentiel\/services\/","og_site_name":"MacEwen Petroleum Inc","article_modified_time":"2024-12-05T14:56:59+00:00","twitter_card":"summary_large_image","twitter_misc":{"Dur\u00e9e de lecture estim\u00e9e":"3 minutes"},"schema":{"@context":"https:\/\/schema.org","@graph":[{"@type":"WebPage","@id":"https:\/\/macewen.ca\/fr\/residentiel\/services\/","url":"https:\/\/macewen.ca\/fr\/residentiel\/services\/","name":"Services - MacEwen Petroleum Inc","isPartOf":{"@id":"https:\/\/macewen.ca\/fr\/#website"},"datePublished":"2018-02-02T20:52:14+00:00","dateModified":"2024-12-05T14:56:59+00:00","description":"D\u00e9couvrez les services r\u00e9sidentiels MacEwen, con\u00e7us pour r\u00e9pondre \u00e0 vos besoins \u00e9nerg\u00e9tiques \u00e0 domicile.","breadcrumb":{"@id":"https:\/\/macewen.ca\/fr\/residentiel\/services\/#breadcrumb"},"inLanguage":"fr-FR","potentialAction":[{"@type":"ReadAction","target":["https:\/\/macewen.ca\/fr\/residentiel\/services\/"]}]},{"@type":"BreadcrumbList","@id":"https:\/\/macewen.ca\/fr\/residentiel\/services\/#breadcrumb","itemListElement":[{"@type":"ListItem","position":1,"name":"Home","item":"https:\/\/macewen.ca\/fr\/"},{"@type":"ListItem","position":2,"name":"R\u00e9sidentiel","item":"https:\/\/macewen.ca\/fr\/residential\/"},{"@type":"ListItem","position":3,"name":"Services"}]},{"@type":"WebSite","@id":"https:\/\/macewen.ca\/fr\/#website","url":"https:\/\/macewen.ca\/fr\/","name":"MacEwen Petroleum Inc","description":"Providing fuel and convenience to communities across Ontario and Quebec.","publisher":{"@id":"https:\/\/macewen.ca\/fr\/#organization"},"potentialAction":[{"@type":"SearchAction","target":{"@type":"EntryPoint","urlTemplate":"https:\/\/macewen.ca\/fr\/?s={search_term_string}"},"query-input":{"@type":"PropertyValueSpecification","valueRequired":true,"valueName":"search_term_string"}}],"inLanguage":"fr-FR"},{"@type":"Organization","@id":"https:\/\/macewen.ca\/fr\/#organization","name":"MacEwen Petroleum Inc","url":"https:\/\/macewen.ca\/fr\/","logo":{"@type":"ImageObject","inLanguage":"fr-FR","@id":"https:\/\/macewen.ca\/fr\/#\/schema\/logo\/image\/","url":"https:\/\/macewen.ca\/wp-content\/uploads\/2017\/12\/macewen-logo.svg","contentUrl":"https:\/\/macewen.ca\/wp-content\/uploads\/2017\/12\/macewen-logo.svg","width":528.137,"height":269.904,"caption":"MacEwen Petroleum Inc"},"image":{"@id":"https:\/\/macewen.ca\/fr\/#\/schema\/logo\/image\/"},"sameAs":["https:\/\/ca.linkedin.com\/company\/macewen-petroleum"]}]}},"_links":{"self":[{"href":"https:\/\/macewen.ca\/fr\/wp-json\/wp\/v2\/pages\/1523","targetHints":{"allow":["GET"]}}],"collection":[{"href":"https:\/\/macewen.ca\/fr\/wp-json\/wp\/v2\/pages"}],"about":[{"href":"https:\/\/macewen.ca\/fr\/wp-json\/wp\/v2\/types\/page"}],"author":[{"embeddable":true,"href":"https:\/\/macewen.ca\/fr\/wp-json\/wp\/v2\/users\/17"}],"replies":[{"embeddable":true,"href":"https:\/\/macewen.ca\/fr\/wp-json\/wp\/v2\/comments?post=1523"}],"version-history":[{"count":5,"href":"https:\/\/macewen.ca\/fr\/wp-json\/wp\/v2\/pages\/1523\/revisions"}],"predecessor-version":[{"id":6016,"href":"https:\/\/macewen.ca\/fr\/wp-json\/wp\/v2\/pages\/1523\/revisions\/6016"}],"up":[{"embeddable":true,"href":"https:\/\/macewen.ca\/fr\/wp-json\/wp\/v2\/pages\/1450"}],"wp:attachment":[{"href":"https:\/\/macewen.ca\/fr\/wp-json\/wp\/v2\/media?parent=1523"}],"curies":[{"name":"wp","href":"https:\/\/api.w.org\/{rel}","templated":true}]}}