{"id":1421,"date":"2017-11-27T19:14:10","date_gmt":"2017-11-27T19:14:10","guid":{"rendered":"https:\/\/macewen.staging.baytek.ca\/retail\/carwash\/"},"modified":"2024-12-05T09:20:51","modified_gmt":"2024-12-05T14:20:51","slug":"lave-auto","status":"publish","type":"page","link":"https:\/\/macewen.ca\/fr\/detail\/lave-auto\/","title":{"rendered":"Lave-auto"},"content":{"rendered":"<p>[et_pb_section fb_built=\u00a0\u00bb1&Prime; fullwidth=\u00a0\u00bbon\u00a0\u00bb _builder_version=\u00a0\u00bb4.16&Prime; _module_preset=\u00a0\u00bbdefault\u00a0\u00bb global_colors_info=\u00a0\u00bb{}\u00a0\u00bb][et_pb_fullwidth_image src=\u00a0\u00bbhttps:\/\/macewen.ca\/wp-content\/uploads\/2022\/11\/Car-wash-picture-2-scaled.jpg\u00a0\u00bb title_text=\u00a0\u00bbCar wash picture\u00a0\u00bb _builder_version=\u00a0\u00bb4.16&Prime; _module_preset=\u00a0\u00bbdefault\u00a0\u00bb global_colors_info=\u00a0\u00bb{}\u00a0\u00bb][\/et_pb_fullwidth_image][\/et_pb_section][et_pb_section fb_built=\u00a0\u00bb1&Prime; _builder_version=\u00a0\u00bb4.16&Prime; global_colors_info=\u00a0\u00bb{}\u00a0\u00bb][et_pb_row _builder_version=\u00a0\u00bb4.16&Prime; background_size=\u00a0\u00bbinitial\u00a0\u00bb background_position=\u00a0\u00bbtop_left\u00a0\u00bb background_repeat=\u00a0\u00bbrepeat\u00a0\u00bb global_colors_info=\u00a0\u00bb{}\u00a0\u00bb][et_pb_column type=\u00a0\u00bb4_4&Prime; _builder_version=\u00a0\u00bb4.16&Prime; custom_padding=\u00a0\u00bb|||\u00a0\u00bb global_colors_info=\u00a0\u00bb{}\u00a0\u00bb custom_padding__hover=\u00a0\u00bb|||\u00a0\u00bb][et_pb_text admin_label=\u00a0\u00bbOverview\u00a0\u00bb _builder_version=\u00a0\u00bb4.16&Prime; text_orientation=\u00a0\u00bbcenter\u00a0\u00bb module_alignment=\u00a0\u00bbcenter\u00a0\u00bb global_colors_info=\u00a0\u00bb{}\u00a0\u00bb]<\/p>\n<h2><span class=\"eyebrow\">APER\u00c7U<\/span>Nous croyons en la propret\u00e9<\/h2>\n<p class=\"large\">Notre \u00e9quipement \u00e0 jour et bien entretenu garantit un lavage quasiment parfait \u00e0 tous les coups. Nous promettons de ne jamais l\u00e9siner sur le savon ou la dur\u00e9e du s\u00e9chage dans un lave\u2011auto sans contact MacEwen.<\/p>\n<p>[\/et_pb_text][\/et_pb_column][\/et_pb_row][\/et_pb_section][et_pb_section fb_built=\u00a0\u00bb1&Prime; module_class=\u00a0\u00bbgrey\u00a0\u00bb _builder_version=\u00a0\u00bb4.16&Prime; global_colors_info=\u00a0\u00bb{}\u00a0\u00bb][et_pb_row _builder_version=\u00a0\u00bb4.16&Prime; background_size=\u00a0\u00bbinitial\u00a0\u00bb background_position=\u00a0\u00bbtop_left\u00a0\u00bb background_repeat=\u00a0\u00bbrepeat\u00a0\u00bb global_colors_info=\u00a0\u00bb{}\u00a0\u00bb][et_pb_column type=\u00a0\u00bb4_4&Prime; _builder_version=\u00a0\u00bb4.16&Prime; custom_padding=\u00a0\u00bb|||\u00a0\u00bb global_colors_info=\u00a0\u00bb{}\u00a0\u00bb custom_padding__hover=\u00a0\u00bb|||\u00a0\u00bb][et_pb_text admin_label=\u00a0\u00bbTouchless Carwash\u00a0\u00bb _builder_version=\u00a0\u00bb4.16&Prime; text_orientation=\u00a0\u00bbcenter\u00a0\u00bb module_alignment=\u00a0\u00bbcenter\u00a0\u00bb global_colors_info=\u00a0\u00bb{}\u00a0\u00bb]<\/p>\n<h2><span class=\"eyebrow\">LAVE\u2011AUTO SANS CONTACT<\/span>Choisissez le lavage dont vous avez besoin<\/h2>\n<p class=\"large\">Qu\u2019il s\u2019agisse d\u2019un lavage rapide ou \u00e0 fond, MacEwen donne toujours des r\u00e9sultats incroyables<\/p>\n<p>[\/et_pb_text][et_pb_code admin_label=\u00a0\u00bbCarwash Table\u00a0\u00bb _builder_version=\u00a0\u00bb4.27.4&Prime; hover_enabled=\u00a0\u00bb0&Prime; global_colors_info=\u00a0\u00bb{}\u00a0\u00bb sticky_enabled=\u00a0\u00bb0&Prime;]<\/p>\n<table class=\"carwash-table\"><!-- [et_pb_line_break_holder] --><\/p>\n<thead><!-- [et_pb_line_break_holder] --><\/p>\n<tr><!-- [et_pb_line_break_holder] --><\/p>\n<th><\/th>\n<p><!-- [et_pb_line_break_holder] --><\/p>\n<th>De base<\/th>\n<p><!-- [et_pb_line_break_holder] --><\/p>\n<th>Plus<\/th>\n<p><!-- [et_pb_line_break_holder] --><\/p>\n<th>Premium Rain-X<\/th>\n<p><!-- [et_pb_line_break_holder] --><\/tr>\n<p><!-- [et_pb_line_break_holder] --><\/thead>\n<p><!-- [et_pb_line_break_holder] --><\/p>\n<tbody><!-- [et_pb_line_break_holder] --><\/p>\n<tr><!-- [et_pb_line_break_holder] --><\/p>\n<td>2 X plus de savon<\/td>\n<p><!-- [et_pb_line_break_holder] --><\/p>\n<td><em class=\"fa fa-check-circle\" aria-hidden=\"true\"><\/em><\/td>\n<p><!-- [et_pb_line_break_holder] --><\/p>\n<td><em class=\"fa fa-check-circle\" aria-hidden=\"true\"><\/em><\/td>\n<p><!-- [et_pb_line_break_holder] --><\/p>\n<td><em class=\"fa fa-check-circle\" aria-hidden=\"true\"><\/em><\/td>\n<p><!-- [et_pb_line_break_holder] --><\/tr>\n<p><!-- [et_pb_line_break_holder] --><\/p>\n<tr><!-- [et_pb_line_break_holder] --><\/p>\n<td>Rin\u00e7age \u00e0 haute pression<\/td>\n<p><!-- [et_pb_line_break_holder] --><\/p>\n<td><em class=\"fa fa-check-circle\" aria-hidden=\"true\"><\/em><\/td>\n<p><!-- [et_pb_line_break_holder] --><\/p>\n<td><em class=\"fa fa-check-circle\" aria-hidden=\"true\"><\/em><\/td>\n<p><!-- [et_pb_line_break_holder] --><\/p>\n<td><em class=\"fa fa-check-circle\" aria-hidden=\"true\"><\/em><\/td>\n<p><!-- [et_pb_line_break_holder] --><\/tr>\n<p><!-- [et_pb_line_break_holder] --><\/p>\n<tr><!-- [et_pb_line_break_holder] --><\/p>\n<td>S\u00e9chage rapide<\/td>\n<p><!-- [et_pb_line_break_holder] --><\/p>\n<td><em class=\"fa fa-check-circle\" aria-hidden=\"true\"><\/em><\/td>\n<p><!-- [et_pb_line_break_holder] --><\/p>\n<td><em class=\"fa fa-check-circle\" aria-hidden=\"true\"><\/em><\/td>\n<p><!-- [et_pb_line_break_holder] --><\/p>\n<td><em class=\"fa fa-check-circle\" aria-hidden=\"true\"><\/em><\/td>\n<p><!-- [et_pb_line_break_holder] --><\/tr>\n<p><!-- [et_pb_line_break_holder] --><\/p>\n<tr><!-- [et_pb_line_break_holder] --><\/p>\n<td>Nettoyeur \u00e0 haute pression<\/td>\n<p><!-- [et_pb_line_break_holder] --><\/p>\n<td><\/td>\n<p><!-- [et_pb_line_break_holder] --><\/p>\n<td><em class=\"fa fa-check-circle\" aria-hidden=\"true\"><\/em><\/td>\n<p><!-- [et_pb_line_break_holder] --><\/p>\n<td><em class=\"fa fa-check-circle\" aria-hidden=\"true\"><\/em><\/td>\n<p><!-- [et_pb_line_break_holder] --><\/tr>\n<p><!-- [et_pb_line_break_holder] --><\/p>\n<tr><!-- [et_pb_line_break_holder] --><\/p>\n<td>Trimousse de luxe<\/td>\n<p><!-- [et_pb_line_break_holder] --><\/p>\n<td><\/td>\n<p><!-- [et_pb_line_break_holder] --><\/p>\n<td><em class=\"fa fa-check-circle\" aria-hidden=\"true\"><\/em><\/td>\n<p><!-- [et_pb_line_break_holder] --><\/p>\n<td><em class=\"fa fa-check-circle\" aria-hidden=\"true\"><\/em><\/td>\n<p><!-- [et_pb_line_break_holder] --><\/tr>\n<p><!-- [et_pb_line_break_holder] --><\/p>\n<tr><!-- [et_pb_line_break_holder] --><\/p>\n<td>Inhibiteur de rouille<\/td>\n<p><!-- [et_pb_line_break_holder] --><\/p>\n<td><\/td>\n<p><!-- [et_pb_line_break_holder] --><\/p>\n<td><em class=\"fa fa-check-circle\" aria-hidden=\"true\"><\/em><\/td>\n<p><!-- [et_pb_line_break_holder] --><\/p>\n<td><em class=\"fa fa-check-circle\" aria-hidden=\"true\"><\/em><\/td>\n<p><!-- [et_pb_line_break_holder] --><\/tr>\n<p><!-- [et_pb_line_break_holder] --><\/p>\n<tr><!-- [et_pb_line_break_holder] --><\/p>\n<td>Traitement Rain-X<\/td>\n<p><!-- [et_pb_line_break_holder] --><\/p>\n<td><\/td>\n<p><!-- [et_pb_line_break_holder] --><\/p>\n<td><\/td>\n<p><!-- [et_pb_line_break_holder] --><\/p>\n<td><em class=\"fa fa-check-circle\" aria-hidden=\"true\"><\/em><\/td>\n<p><!-- [et_pb_line_break_holder] --><\/tr>\n<p><!-- [et_pb_line_break_holder] --><\/tbody>\n<p><!-- [et_pb_line_break_holder] --><\/table>\n<p>[\/et_pb_code][\/et_pb_column][\/et_pb_row][\/et_pb_section][et_pb_section fb_built=\u00a0\u00bb1&Prime; _builder_version=\u00a0\u00bb4.16&Prime; global_colors_info=\u00a0\u00bb{}\u00a0\u00bb][et_pb_row _builder_version=\u00a0\u00bb4.16&Prime; background_size=\u00a0\u00bbinitial\u00a0\u00bb background_position=\u00a0\u00bbtop_left\u00a0\u00bb background_repeat=\u00a0\u00bbrepeat\u00a0\u00bb global_colors_info=\u00a0\u00bb{}\u00a0\u00bb][et_pb_column type=\u00a0\u00bb4_4&Prime; _builder_version=\u00a0\u00bb4.16&Prime; custom_padding=\u00a0\u00bb|||\u00a0\u00bb global_colors_info=\u00a0\u00bb{}\u00a0\u00bb custom_padding__hover=\u00a0\u00bb|||\u00a0\u00bb][et_pb_text admin_label=\u00a0\u00bbPre-Paid Carwashes\u00a0\u00bb _builder_version=\u00a0\u00bb4.16&Prime; text_orientation=\u00a0\u00bbcenter\u00a0\u00bb module_alignment=\u00a0\u00bbcenter\u00a0\u00bb global_colors_info=\u00a0\u00bb{}\u00a0\u00bb]<\/p>\n<h2><span class=\"eyebrow\">LAVE\u2011AUTO PR\u00c9PAY\u00c9<\/span>Pr\u00e9payez et \u00e9conomisez!<\/h2>\n<p class=\"large\">Lorsque vous pr\u00e9payez, vous d\u00e9pensez moins. Rendez\u2011vous en magasin pour des d\u00e9tails concernant nos cartes de lave\u2011auto pr\u00e9pay\u00e9es.<\/p>\n<p>[\/et_pb_text][et_pb_text admin_label=\u00a0\u00bbCarwash Price Table\u00a0\u00bb _builder_version=\u00a0\u00bb4.16&Prime; global_colors_info=\u00a0\u00bb{}\u00a0\u00bb]<\/p>\n<table class=\"carwash-table\" style=\"max-width: 850px; margin: 0 auto;\">\n<thead>\n<tr>\n<th><\/th>\n<th>Plus<\/th>\n<th><strong>Premium Ice Instant Shine<\/strong><\/th>\n<\/tr>\n<\/thead>\n<tbody>\n<tr>\n<td style=\"width: 153.078px;\"><strong>Forfait en 5\u00a0points<\/strong><\/td>\n<td style=\"width: 55.4688px;\">$44.99 *<\/td>\n<td style=\"width: 211.453px;\">$52.99 *<\/td>\n<\/tr>\n<tr>\n<td style=\"width: 153.078px;\"><strong>Forfait en 10\u00a0points<\/strong><\/td>\n<td style=\"width: 55.4688px;\">$74.99 *<\/td>\n<td style=\"width: 211.453px;\">$88.99 *<\/td>\n<\/tr>\n<\/tbody>\n<\/table>\n<p>[\/et_pb_text][et_pb_text admin_label=\u00a0\u00bb* Plus applicable taxes MISSING SOME FRENCH TExt\u00a0\u00bb _builder_version=\u00a0\u00bb4.16&Prime; global_colors_info=\u00a0\u00bb{}\u00a0\u00bb]<\/p>\n<p style=\"text-align: center;\">* Plus les taxes applicables<br \/>\n(les prix peuvent varier d\u2019un emplacement \u00e0 un autre)<\/p>\n<p>[\/et_pb_text][\/et_pb_column][\/et_pb_row][\/et_pb_section][et_pb_section fb_built=\u00a0\u00bb1&Prime; module_class=\u00a0\u00bbwhite-overlay right\u00a0\u00bb _builder_version=\u00a0\u00bb4.16&Prime; background_image=\u00a0\u00bbhttps:\/\/macewen.ca\/wp-content\/uploads\/2017\/12\/iStock-495989942_resized-1.jpg\u00a0\u00bb global_colors_info=\u00a0\u00bb{}\u00a0\u00bb][et_pb_row column_structure=\u00a0\u00bb1_2,1_2&Prime; _builder_version=\u00a0\u00bb4.16&Prime; global_colors_info=\u00a0\u00bb{}\u00a0\u00bb][et_pb_column type=\u00a0\u00bb1_2&Prime; _builder_version=\u00a0\u00bb4.16&Prime; custom_padding=\u00a0\u00bb|||\u00a0\u00bb global_colors_info=\u00a0\u00bb{}\u00a0\u00bb custom_padding__hover=\u00a0\u00bb|||\u00a0\u00bb][\/et_pb_column][et_pb_column type=\u00a0\u00bb1_2&Prime; _builder_version=\u00a0\u00bb4.16&Prime; custom_padding=\u00a0\u00bb|||\u00a0\u00bb global_colors_info=\u00a0\u00bb{}\u00a0\u00bb custom_padding__hover=\u00a0\u00bb|||\u00a0\u00bb][et_pb_text admin_label=\u00a0\u00bbMobile App\u00a0\u00bb _builder_version=\u00a0\u00bb4.16&Prime; text_orientation=\u00a0\u00bbcenter\u00a0\u00bb module_alignment=\u00a0\u00bbcenter\u00a0\u00bb global_colors_info=\u00a0\u00bb{}\u00a0\u00bb]<\/p>\n<h2><span class=\"eyebrow\">APPLI MOBILE<\/span>V\u00e9rifiez votre solde sur le pouce<\/h2>\n<p class=\"large\">T\u00e9l\u00e9chargez notre appli de lave\u2011auto pour trouver le lave\u2011auto MacEwen le plus pr\u00e8s ou pour g\u00e9rer votre solde. Il suffit de glisser et d\u2019y aller!<\/p>\n<p>[\/et_pb_text][et_pb_text _builder_version=\u00a0\u00bb4.16&Prime; text_orientation=\u00a0\u00bbcenter\u00a0\u00bb global_colors_info=\u00a0\u00bb{}\u00a0\u00bb]<\/p>\n<div class=\"two-buttons\">\n<p><a href=\"https:\/\/itunes.apple.com\/ca\/app\/macewen\/id1299130120?mt=8\" target=\"_blank\" rel=\"noopener\"><img decoding=\"async\" src=\"\/wp-content\/uploads\/2017\/12\/ios-store.svg\" alt=\"Download on the App Store\" width=\"170px\" height=\"50px\" \/><\/a><\/p>\n<p><a href=\"https:\/\/play.google.com\/store\/apps\/details?id=com.kessel.macewenapp\" target=\"_blank\" rel=\"noopener\"><img decoding=\"async\" src=\"\/wp-content\/uploads\/2017\/12\/google-play-store.svg\" alt=\"Get it on Google Play\" width=\"170px\" height=\"50px\" \/><\/a><\/p>\n<\/div>\n<p>[\/et_pb_text][\/et_pb_column][\/et_pb_row][\/et_pb_section][et_pb_section fb_built=\u00a0\u00bb1&Prime; _builder_version=\u00a0\u00bb4.16&Prime; global_colors_info=\u00a0\u00bb{}\u00a0\u00bb][et_pb_row _builder_version=\u00a0\u00bb4.16&Prime; global_colors_info=\u00a0\u00bb{}\u00a0\u00bb][et_pb_column type=\u00a0\u00bb4_4&Prime; _builder_version=\u00a0\u00bb4.16&Prime; custom_padding=\u00a0\u00bb|||\u00a0\u00bb global_colors_info=\u00a0\u00bb{}\u00a0\u00bb custom_padding__hover=\u00a0\u00bb|||\u00a0\u00bb][et_pb_text admin_label=\u00a0\u00bbFind A Carwash\u00a0\u00bb module_class=\u00a0\u00bbsmall-bottom-padding\u00a0\u00bb _builder_version=\u00a0\u00bb4.16&Prime; text_orientation=\u00a0\u00bbcenter\u00a0\u00bb global_colors_info=\u00a0\u00bb{}\u00a0\u00bb]<\/p>\n<h2><span class=\"eyebrow\">TROUVER UN LAVE\u2011AUTO<\/span>Besoin de lustre?<\/h2>\n<p class=\"large\">Inscrivez votre ville ou code postal ci\u2011dessous pour trouver le lave\u2011auto MacEwen le plus pr\u00e8s<\/p>\n\n<div id=\"vue\">\n\t<find-place\n\t\ttype=\"station\"\n\t\tcolours=\"default\"\n\t\tprompt=\"Trouver un MacEwen\"\n\t\tresults-url=\"https:\/\/macewen.ca\/retail\/find-a-macewen\/\"\n\t\tpreselected=\"carwash\"\n\t><\/find-place>\n<\/div>\n\n<p>[\/et_pb_text][\/et_pb_column][\/et_pb_row][\/et_pb_section]<\/p>\n","protected":false},"excerpt":{"rendered":"<p>APER\u00c7UNous croyons&#8230;<\/p>\n","protected":false},"author":17,"featured_media":0,"parent":1404,"menu_order":0,"comment_status":"closed","ping_status":"closed","template":"","meta":{"_et_pb_use_builder":"on","_et_pb_old_content":"","_et_gb_content_width":"","footnotes":""},"class_list":["post-1421","page","type-page","status-publish","hentry"],"yoast_head":"<!-- This site is optimized with the Yoast SEO plugin v27.4 - https:\/\/yoast.com\/product\/yoast-seo-wordpress\/ -->\n<title>Lave-auto - MacEwen Petroleum Inc<\/title>\n<meta name=\"description\" content=\"Profitez des services de lavage auto MacEwen pour une voiture toujours propre, avec des options adapt\u00e9es \u00e0 vos besoins.\" \/>\n<meta name=\"robots\" content=\"index, follow, max-snippet:-1, max-image-preview:large, max-video-preview:-1\" \/>\n<link rel=\"canonical\" href=\"https:\/\/macewen.ca\/fr\/detail\/lave-auto\/\" \/>\n<meta property=\"og:locale\" content=\"fr_FR\" \/>\n<meta property=\"og:type\" content=\"article\" \/>\n<meta property=\"og:title\" content=\"Lave-auto - MacEwen Petroleum Inc\" \/>\n<meta property=\"og:description\" content=\"Profitez des services de lavage auto MacEwen pour une voiture toujours propre, avec des options adapt\u00e9es \u00e0 vos besoins.\" \/>\n<meta property=\"og:url\" content=\"https:\/\/macewen.ca\/fr\/detail\/lave-auto\/\" \/>\n<meta property=\"og:site_name\" content=\"MacEwen Petroleum Inc\" \/>\n<meta property=\"article:modified_time\" content=\"2024-12-05T14:20:51+00:00\" \/>\n<meta name=\"twitter:card\" content=\"summary_large_image\" \/>\n<meta name=\"twitter:label1\" content=\"Dur\u00e9e de lecture estim\u00e9e\" \/>\n\t<meta name=\"twitter:data1\" content=\"2 minutes\" \/>\n<script type=\"application\/ld+json\" class=\"yoast-schema-graph\">{\"@context\":\"https:\\\/\\\/schema.org\",\"@graph\":[{\"@type\":\"WebPage\",\"@id\":\"https:\\\/\\\/macewen.ca\\\/fr\\\/detail\\\/lave-auto\\\/\",\"url\":\"https:\\\/\\\/macewen.ca\\\/fr\\\/detail\\\/lave-auto\\\/\",\"name\":\"Lave-auto - MacEwen Petroleum Inc\",\"isPartOf\":{\"@id\":\"https:\\\/\\\/macewen.ca\\\/fr\\\/#website\"},\"datePublished\":\"2017-11-27T19:14:10+00:00\",\"dateModified\":\"2024-12-05T14:20:51+00:00\",\"description\":\"Profitez des services de lavage auto MacEwen pour une voiture toujours propre, avec des options adapt\u00e9es \u00e0 vos besoins.\",\"breadcrumb\":{\"@id\":\"https:\\\/\\\/macewen.ca\\\/fr\\\/detail\\\/lave-auto\\\/#breadcrumb\"},\"inLanguage\":\"fr-FR\",\"potentialAction\":[{\"@type\":\"ReadAction\",\"target\":[\"https:\\\/\\\/macewen.ca\\\/fr\\\/detail\\\/lave-auto\\\/\"]}]},{\"@type\":\"BreadcrumbList\",\"@id\":\"https:\\\/\\\/macewen.ca\\\/fr\\\/detail\\\/lave-auto\\\/#breadcrumb\",\"itemListElement\":[{\"@type\":\"ListItem\",\"position\":1,\"name\":\"Home\",\"item\":\"https:\\\/\\\/macewen.ca\\\/fr\\\/\"},{\"@type\":\"ListItem\",\"position\":2,\"name\":\"D\u00e9tail\",\"item\":\"https:\\\/\\\/macewen.ca\\\/fr\\\/retail\\\/\"},{\"@type\":\"ListItem\",\"position\":3,\"name\":\"Lave-auto\"}]},{\"@type\":\"WebSite\",\"@id\":\"https:\\\/\\\/macewen.ca\\\/fr\\\/#website\",\"url\":\"https:\\\/\\\/macewen.ca\\\/fr\\\/\",\"name\":\"MacEwen Petroleum Inc\",\"description\":\"Providing fuel and convenience to communities across Ontario and Quebec.\",\"publisher\":{\"@id\":\"https:\\\/\\\/macewen.ca\\\/fr\\\/#organization\"},\"potentialAction\":[{\"@type\":\"SearchAction\",\"target\":{\"@type\":\"EntryPoint\",\"urlTemplate\":\"https:\\\/\\\/macewen.ca\\\/fr\\\/?s={search_term_string}\"},\"query-input\":{\"@type\":\"PropertyValueSpecification\",\"valueRequired\":true,\"valueName\":\"search_term_string\"}}],\"inLanguage\":\"fr-FR\"},{\"@type\":\"Organization\",\"@id\":\"https:\\\/\\\/macewen.ca\\\/fr\\\/#organization\",\"name\":\"MacEwen Petroleum Inc\",\"url\":\"https:\\\/\\\/macewen.ca\\\/fr\\\/\",\"logo\":{\"@type\":\"ImageObject\",\"inLanguage\":\"fr-FR\",\"@id\":\"https:\\\/\\\/macewen.ca\\\/fr\\\/#\\\/schema\\\/logo\\\/image\\\/\",\"url\":\"https:\\\/\\\/macewen.ca\\\/wp-content\\\/uploads\\\/2017\\\/12\\\/macewen-logo.svg\",\"contentUrl\":\"https:\\\/\\\/macewen.ca\\\/wp-content\\\/uploads\\\/2017\\\/12\\\/macewen-logo.svg\",\"width\":528.137,\"height\":269.904,\"caption\":\"MacEwen Petroleum Inc\"},\"image\":{\"@id\":\"https:\\\/\\\/macewen.ca\\\/fr\\\/#\\\/schema\\\/logo\\\/image\\\/\"},\"sameAs\":[\"https:\\\/\\\/ca.linkedin.com\\\/company\\\/macewen-petroleum\"]}]}<\/script>\n<!-- \/ Yoast SEO plugin. -->","yoast_head_json":{"title":"Lave-auto - MacEwen Petroleum Inc","description":"Profitez des services de lavage auto MacEwen pour une voiture toujours propre, avec des options adapt\u00e9es \u00e0 vos besoins.","robots":{"index":"index","follow":"follow","max-snippet":"max-snippet:-1","max-image-preview":"max-image-preview:large","max-video-preview":"max-video-preview:-1"},"canonical":"https:\/\/macewen.ca\/fr\/detail\/lave-auto\/","og_locale":"fr_FR","og_type":"article","og_title":"Lave-auto - MacEwen Petroleum Inc","og_description":"Profitez des services de lavage auto MacEwen pour une voiture toujours propre, avec des options adapt\u00e9es \u00e0 vos besoins.","og_url":"https:\/\/macewen.ca\/fr\/detail\/lave-auto\/","og_site_name":"MacEwen Petroleum Inc","article_modified_time":"2024-12-05T14:20:51+00:00","twitter_card":"summary_large_image","twitter_misc":{"Dur\u00e9e de lecture estim\u00e9e":"2 minutes"},"schema":{"@context":"https:\/\/schema.org","@graph":[{"@type":"WebPage","@id":"https:\/\/macewen.ca\/fr\/detail\/lave-auto\/","url":"https:\/\/macewen.ca\/fr\/detail\/lave-auto\/","name":"Lave-auto - MacEwen Petroleum Inc","isPartOf":{"@id":"https:\/\/macewen.ca\/fr\/#website"},"datePublished":"2017-11-27T19:14:10+00:00","dateModified":"2024-12-05T14:20:51+00:00","description":"Profitez des services de lavage auto MacEwen pour une voiture toujours propre, avec des options adapt\u00e9es \u00e0 vos besoins.","breadcrumb":{"@id":"https:\/\/macewen.ca\/fr\/detail\/lave-auto\/#breadcrumb"},"inLanguage":"fr-FR","potentialAction":[{"@type":"ReadAction","target":["https:\/\/macewen.ca\/fr\/detail\/lave-auto\/"]}]},{"@type":"BreadcrumbList","@id":"https:\/\/macewen.ca\/fr\/detail\/lave-auto\/#breadcrumb","itemListElement":[{"@type":"ListItem","position":1,"name":"Home","item":"https:\/\/macewen.ca\/fr\/"},{"@type":"ListItem","position":2,"name":"D\u00e9tail","item":"https:\/\/macewen.ca\/fr\/retail\/"},{"@type":"ListItem","position":3,"name":"Lave-auto"}]},{"@type":"WebSite","@id":"https:\/\/macewen.ca\/fr\/#website","url":"https:\/\/macewen.ca\/fr\/","name":"MacEwen Petroleum Inc","description":"Providing fuel and convenience to communities across Ontario and Quebec.","publisher":{"@id":"https:\/\/macewen.ca\/fr\/#organization"},"potentialAction":[{"@type":"SearchAction","target":{"@type":"EntryPoint","urlTemplate":"https:\/\/macewen.ca\/fr\/?s={search_term_string}"},"query-input":{"@type":"PropertyValueSpecification","valueRequired":true,"valueName":"search_term_string"}}],"inLanguage":"fr-FR"},{"@type":"Organization","@id":"https:\/\/macewen.ca\/fr\/#organization","name":"MacEwen Petroleum Inc","url":"https:\/\/macewen.ca\/fr\/","logo":{"@type":"ImageObject","inLanguage":"fr-FR","@id":"https:\/\/macewen.ca\/fr\/#\/schema\/logo\/image\/","url":"https:\/\/macewen.ca\/wp-content\/uploads\/2017\/12\/macewen-logo.svg","contentUrl":"https:\/\/macewen.ca\/wp-content\/uploads\/2017\/12\/macewen-logo.svg","width":528.137,"height":269.904,"caption":"MacEwen Petroleum Inc"},"image":{"@id":"https:\/\/macewen.ca\/fr\/#\/schema\/logo\/image\/"},"sameAs":["https:\/\/ca.linkedin.com\/company\/macewen-petroleum"]}]}},"_links":{"self":[{"href":"https:\/\/macewen.ca\/fr\/wp-json\/wp\/v2\/pages\/1421","targetHints":{"allow":["GET"]}}],"collection":[{"href":"https:\/\/macewen.ca\/fr\/wp-json\/wp\/v2\/pages"}],"about":[{"href":"https:\/\/macewen.ca\/fr\/wp-json\/wp\/v2\/types\/page"}],"author":[{"embeddable":true,"href":"https:\/\/macewen.ca\/fr\/wp-json\/wp\/v2\/users\/17"}],"replies":[{"embeddable":true,"href":"https:\/\/macewen.ca\/fr\/wp-json\/wp\/v2\/comments?post=1421"}],"version-history":[{"count":5,"href":"https:\/\/macewen.ca\/fr\/wp-json\/wp\/v2\/pages\/1421\/revisions"}],"predecessor-version":[{"id":6005,"href":"https:\/\/macewen.ca\/fr\/wp-json\/wp\/v2\/pages\/1421\/revisions\/6005"}],"up":[{"embeddable":true,"href":"https:\/\/macewen.ca\/fr\/wp-json\/wp\/v2\/pages\/1404"}],"wp:attachment":[{"href":"https:\/\/macewen.ca\/fr\/wp-json\/wp\/v2\/media?parent=1421"}],"curies":[{"name":"wp","href":"https:\/\/api.w.org\/{rel}","templated":true}]}}