{"id":1414,"date":"2018-01-23T16:58:21","date_gmt":"2018-01-23T21:58:21","guid":{"rendered":"https:\/\/macewen.staging.baytek.ca\/?page_id=1414"},"modified":"2024-11-22T06:49:56","modified_gmt":"2024-11-22T11:49:56","slug":"quickie-stores","status":"publish","type":"page","link":"https:\/\/macewen.ca\/fr\/detail\/quickie-stores\/","title":{"rendered":"Nos marques de depanneurs"},"content":{"rendered":"<p>[et_pb_section fb_built=\u00a0\u00bb1&Prime; _builder_version=\u00a0\u00bb4.25.0&Prime; _module_preset=\u00a0\u00bbdefault\u00a0\u00bb background_image=\u00a0\u00bbhttps:\/\/macewen.ca\/wp-content\/uploads\/2024\/04\/quickie-banner.jpg\u00a0\u00bb global_colors_info=\u00a0\u00bb{}\u00a0\u00bb][et_pb_row _builder_version=\u00a0\u00bb4.25.0&Prime; _module_preset=\u00a0\u00bbdefault\u00a0\u00bb global_colors_info=\u00a0\u00bb{}\u00a0\u00bb][et_pb_column type=\u00a0\u00bb4_4&Prime; _builder_version=\u00a0\u00bb4.25.0&Prime; _module_preset=\u00a0\u00bbdefault\u00a0\u00bb global_colors_info=\u00a0\u00bb{}\u00a0\u00bb][\/et_pb_column][\/et_pb_row][\/et_pb_section][et_pb_section fb_built=\u00a0\u00bb1&Prime; _builder_version=\u00a0\u00bb4.16&Prime; global_colors_info=\u00a0\u00bb{}\u00a0\u00bb][et_pb_row _builder_version=\u00a0\u00bb4.16&Prime; background_size=\u00a0\u00bbinitial\u00a0\u00bb background_position=\u00a0\u00bbtop_left\u00a0\u00bb background_repeat=\u00a0\u00bbrepeat\u00a0\u00bb global_colors_info=\u00a0\u00bb{}\u00a0\u00bb][et_pb_column type=\u00a0\u00bb4_4&Prime; _builder_version=\u00a0\u00bb4.16&Prime; custom_padding=\u00a0\u00bb|||\u00a0\u00bb global_colors_info=\u00a0\u00bb{}\u00a0\u00bb custom_padding__hover=\u00a0\u00bb|||\u00a0\u00bb][et_pb_text admin_label=\u00a0\u00bb\u00c0 PROPOS\u00a0\u00bb _builder_version=\u00a0\u00bb4.27.3&Prime; text_orientation=\u00a0\u00bbcenter\u00a0\u00bb module_alignment=\u00a0\u00bbcenter\u00a0\u00bb global_colors_info=\u00a0\u00bb{}\u00a0\u00bb]<\/p>\n<h2><span class=\"eyebrow\">\u00c0 PROPOS<\/span>Tout ce dont vous avez besoin en cinq minutes ou moins<\/h2>\n<p class=\"large\">Des produits que vous aimez, et un service dont vous vous souviendrez dans plus de 100 \u00e9tablissements en Ontario et au Qu\u00e9bec.<\/p>\n<p>[\/et_pb_text][\/et_pb_column][\/et_pb_row][et_pb_row column_structure=\u00a0\u00bb2_3,1_3&Prime; _builder_version=\u00a0\u00bb4.16&Prime; background_size=\u00a0\u00bbinitial\u00a0\u00bb background_position=\u00a0\u00bbtop_left\u00a0\u00bb background_repeat=\u00a0\u00bbrepeat\u00a0\u00bb global_colors_info=\u00a0\u00bb{}\u00a0\u00bb][et_pb_column type=\u00a0\u00bb2_3&Prime; _builder_version=\u00a0\u00bb4.16&Prime; custom_padding=\u00a0\u00bb|||\u00a0\u00bb global_colors_info=\u00a0\u00bb{}\u00a0\u00bb custom_padding__hover=\u00a0\u00bb|||\u00a0\u00bb][et_pb_image src=\u00a0\u00bbhttps:\/\/macewen.ca\/wp-content\/uploads\/2024\/05\/quickie-counter.jpg\u00a0\u00bb title_text=\u00a0\u00bbquickie-counter\u00a0\u00bb align_tablet=\u00a0\u00bbcenter\u00a0\u00bb align_phone=\u00a0\u00bbcenter\u00a0\u00bb align_last_edited=\u00a0\u00bbon|desktop\u00a0\u00bb _builder_version=\u00a0\u00bb4.25.0&Prime; always_center_on_mobile=\u00a0\u00bbon\u00a0\u00bb global_colors_info=\u00a0\u00bb{}\u00a0\u00bb][\/et_pb_image][\/et_pb_column][et_pb_column type=\u00a0\u00bb1_3&Prime; _builder_version=\u00a0\u00bb4.16&Prime; custom_padding=\u00a0\u00bb|||\u00a0\u00bb global_colors_info=\u00a0\u00bb{}\u00a0\u00bb custom_padding__hover=\u00a0\u00bb|||\u00a0\u00bb][et_pb_text admin_label=\u00a0\u00bbTexte\u00a0\u00bb _builder_version=\u00a0\u00bb4.27.3&Prime; hover_enabled=\u00a0\u00bb0&Prime; global_colors_info=\u00a0\u00bb{}\u00a0\u00bb sticky_enabled=\u00a0\u00bb0&Prime;]<\/p>\n<p class=\"large\">Quickie, un incontournable dans le secteur des d\u00e9panneurs au Canada qui incarne un service rapide, pratique et amical, ne se limite plus aux collations. <\/p>\n<p class=\"large\">Nous avons d\u00e9pass\u00e9 le mod\u00e8le typique du d\u00e9panneur en int\u00e9grant des stations-service, des guichets automatiques, des services postaux et une d\u00e9licieuse vari\u00e9t\u00e9 de caf\u00e9s, de produits de boulangerie et de produits alimentaires savoureux, tous servis avec le sourire.<\/p>\n<p>[\/et_pb_text][et_pb_button button_url=\u00a0\u00bb\/fr\/detail\/quickie-stores\/a-propos\/\u00a0\u00bb button_text=\u00a0\u00bbEn Savoir Plus\u00a0\u00bb disabled_on=\u00a0\u00bbon|on|\u00a0\u00bb admin_label=\u00a0\u00bbEn Savoir Plus\u00a0\u00bb _builder_version=\u00a0\u00bb4.25.0&Prime; global_colors_info=\u00a0\u00bb{}\u00a0\u00bb button_text_size__hover_enabled=\u00a0\u00bboff\u00a0\u00bb button_one_text_size__hover_enabled=\u00a0\u00bboff\u00a0\u00bb button_two_text_size__hover_enabled=\u00a0\u00bboff\u00a0\u00bb button_text_color__hover_enabled=\u00a0\u00bboff\u00a0\u00bb button_one_text_color__hover_enabled=\u00a0\u00bboff\u00a0\u00bb button_two_text_color__hover_enabled=\u00a0\u00bboff\u00a0\u00bb button_border_width__hover_enabled=\u00a0\u00bboff\u00a0\u00bb button_one_border_width__hover_enabled=\u00a0\u00bboff\u00a0\u00bb button_two_border_width__hover_enabled=\u00a0\u00bboff\u00a0\u00bb button_border_color__hover_enabled=\u00a0\u00bboff\u00a0\u00bb button_one_border_color__hover_enabled=\u00a0\u00bboff\u00a0\u00bb button_two_border_color__hover_enabled=\u00a0\u00bboff\u00a0\u00bb button_border_radius__hover_enabled=\u00a0\u00bboff\u00a0\u00bb button_one_border_radius__hover_enabled=\u00a0\u00bboff\u00a0\u00bb button_two_border_radius__hover_enabled=\u00a0\u00bboff\u00a0\u00bb button_letter_spacing__hover_enabled=\u00a0\u00bboff\u00a0\u00bb button_one_letter_spacing__hover_enabled=\u00a0\u00bboff\u00a0\u00bb button_two_letter_spacing__hover_enabled=\u00a0\u00bboff\u00a0\u00bb button_bg_color__hover_enabled=\u00a0\u00bboff\u00a0\u00bb button_one_bg_color__hover_enabled=\u00a0\u00bboff\u00a0\u00bb button_two_bg_color__hover_enabled=\u00a0\u00bboff\u00a0\u00bb][\/et_pb_button][\/et_pb_column][\/et_pb_row][\/et_pb_section][et_pb_section fb_built=\u00a0\u00bb1&Prime; module_class=\u00a0\u00bbgrey\u00a0\u00bb _builder_version=\u00a0\u00bb4.16&Prime; global_colors_info=\u00a0\u00bb{}\u00a0\u00bb][et_pb_row _builder_version=\u00a0\u00bb4.16&Prime; global_colors_info=\u00a0\u00bb{}\u00a0\u00bb][et_pb_column type=\u00a0\u00bb4_4&Prime; _builder_version=\u00a0\u00bb4.16&Prime; custom_padding=\u00a0\u00bb|||\u00a0\u00bb global_colors_info=\u00a0\u00bb{}\u00a0\u00bb custom_padding__hover=\u00a0\u00bb|||\u00a0\u00bb][et_pb_text admin_label=\u00a0\u00bbPromotions\u00a0\u00bb _builder_version=\u00a0\u00bb4.16&Prime; text_orientation=\u00a0\u00bbcenter\u00a0\u00bb module_alignment=\u00a0\u00bbcenter\u00a0\u00bb global_colors_info=\u00a0\u00bb{}\u00a0\u00bb]<\/p>\n<h2><span class=\"eyebrow\">PROMOTIONS<\/span>C\u2019est l\u2019heure des grandes \u00e9conomies<\/h2>\n<p class=\"large\">Nous sommes d\u00e9termin\u00e9s \u00e0 vous en donner beaucoup pour votre argent et \u00e0 vous offrir un excellent service. Commencez d\u00e8s aujourd\u2019hui \u00e0 faire des \u00e9conomies!<\/p>\n\n<p>[\/et_pb_text][\/et_pb_column][\/et_pb_row][et_pb_row _builder_version=\u00a0\u00bb4.16&Prime; background_size=\u00a0\u00bbinitial\u00a0\u00bb background_position=\u00a0\u00bbtop_left\u00a0\u00bb background_repeat=\u00a0\u00bbrepeat\u00a0\u00bb global_colors_info=\u00a0\u00bb{}\u00a0\u00bb][et_pb_column type=\u00a0\u00bb4_4&Prime; _builder_version=\u00a0\u00bb4.16&Prime; custom_padding=\u00a0\u00bb|||\u00a0\u00bb global_colors_info=\u00a0\u00bb{}\u00a0\u00bb custom_padding__hover=\u00a0\u00bb|||\u00a0\u00bb][et_pb_button button_url=\u00a0\u00bbhttps:\/\/quickiestores.com\/fr\/\u00a0\u00bb url_new_window=\u00a0\u00bbon\u00a0\u00bb button_text=\u00a0\u00bbVOIR TOUTES LES PROMOTIONS\u00a0\u00bb button_alignment=\u00a0\u00bbcenter\u00a0\u00bb admin_label=\u00a0\u00bbVOIR TOUTES LES PROMOTIONS\u00a0\u00bb _builder_version=\u00a0\u00bb4.25.0&Prime; global_colors_info=\u00a0\u00bb{}\u00a0\u00bb button_text_size__hover_enabled=\u00a0\u00bboff\u00a0\u00bb button_one_text_size__hover_enabled=\u00a0\u00bboff\u00a0\u00bb button_two_text_size__hover_enabled=\u00a0\u00bboff\u00a0\u00bb button_text_color__hover_enabled=\u00a0\u00bboff\u00a0\u00bb button_one_text_color__hover_enabled=\u00a0\u00bboff\u00a0\u00bb button_two_text_color__hover_enabled=\u00a0\u00bboff\u00a0\u00bb button_border_width__hover_enabled=\u00a0\u00bboff\u00a0\u00bb button_one_border_width__hover_enabled=\u00a0\u00bboff\u00a0\u00bb button_two_border_width__hover_enabled=\u00a0\u00bboff\u00a0\u00bb button_border_color__hover_enabled=\u00a0\u00bboff\u00a0\u00bb button_one_border_color__hover_enabled=\u00a0\u00bboff\u00a0\u00bb button_two_border_color__hover_enabled=\u00a0\u00bboff\u00a0\u00bb button_border_radius__hover_enabled=\u00a0\u00bboff\u00a0\u00bb button_one_border_radius__hover_enabled=\u00a0\u00bboff\u00a0\u00bb button_two_border_radius__hover_enabled=\u00a0\u00bboff\u00a0\u00bb button_letter_spacing__hover_enabled=\u00a0\u00bboff\u00a0\u00bb button_one_letter_spacing__hover_enabled=\u00a0\u00bboff\u00a0\u00bb button_two_letter_spacing__hover_enabled=\u00a0\u00bboff\u00a0\u00bb button_bg_color__hover_enabled=\u00a0\u00bboff\u00a0\u00bb button_one_bg_color__hover_enabled=\u00a0\u00bboff\u00a0\u00bb button_two_bg_color__hover_enabled=\u00a0\u00bboff\u00a0\u00bb][\/et_pb_button][\/et_pb_column][\/et_pb_row][\/et_pb_section][et_pb_section fb_built=\u00a0\u00bb1&Prime; _builder_version=\u00a0\u00bb4.16&Prime; global_colors_info=\u00a0\u00bb{}\u00a0\u00bb][et_pb_row _builder_version=\u00a0\u00bb4.16&Prime; global_colors_info=\u00a0\u00bb{}\u00a0\u00bb][et_pb_column type=\u00a0\u00bb4_4&Prime; _builder_version=\u00a0\u00bb4.16&Prime; custom_padding=\u00a0\u00bb|||\u00a0\u00bb global_colors_info=\u00a0\u00bb{}\u00a0\u00bb custom_padding__hover=\u00a0\u00bb|||\u00a0\u00bb][et_pb_text admin_label=\u00a0\u00bbTROUVER UN MAGASIN COUNTY LINE\u00a0\u00bb _builder_version=\u00a0\u00bb4.25.0&Prime; text_orientation=\u00a0\u00bbcenter\u00a0\u00bb global_colors_info=\u00a0\u00bb{}\u00a0\u00bb]<\/p>\n<h2><span class=\"eyebrow\">TROUVER UN MAGASIN QUICKIE<\/span>Frais, rapide et amical<\/h2>\n<p>[\/et_pb_text][et_pb_button button_url=\u00a0\u00bbhttps:\/\/quickiestores.com\/fr\/trouvez-votre-magasin\/\u00a0\u00bb url_new_window=\u00a0\u00bbon\u00a0\u00bb button_text=\u00a0\u00bbTrouver un magasin\u00a0\u00bb button_alignment=\u00a0\u00bbcenter\u00a0\u00bb _builder_version=\u00a0\u00bb4.25.0&Prime; _module_preset=\u00a0\u00bbdefault\u00a0\u00bb global_colors_info=\u00a0\u00bb{}\u00a0\u00bb][\/et_pb_button][\/et_pb_column][\/et_pb_row][\/et_pb_section]<\/p>\n","protected":false},"excerpt":{"rendered":"<p>\u00c0 PROPOSTout ce&#8230;<\/p>\n","protected":false},"author":17,"featured_media":5294,"parent":1404,"menu_order":0,"comment_status":"closed","ping_status":"closed","template":"","meta":{"_et_pb_use_builder":"on","_et_pb_old_content":"","_et_gb_content_width":"","footnotes":""},"class_list":["post-1414","page","type-page","status-publish","has-post-thumbnail","hentry"],"yoast_head":"<!-- This site is optimized with the Yoast SEO plugin v27.4 - https:\/\/yoast.com\/product\/yoast-seo-wordpress\/ -->\n<title>Nos marques de depanneurs - MacEwen Petroleum Inc<\/title>\n<meta name=\"robots\" content=\"index, follow, max-snippet:-1, max-image-preview:large, max-video-preview:-1\" \/>\n<link rel=\"canonical\" href=\"https:\/\/macewen.ca\/fr\/detail\/quickie-stores\/\" \/>\n<meta property=\"og:locale\" content=\"fr_FR\" \/>\n<meta property=\"og:type\" content=\"article\" \/>\n<meta property=\"og:title\" content=\"Nos marques de depanneurs - MacEwen Petroleum Inc\" \/>\n<meta property=\"og:description\" content=\"\u00c0 PROPOSTout ce...\" \/>\n<meta property=\"og:url\" content=\"https:\/\/macewen.ca\/fr\/detail\/quickie-stores\/\" \/>\n<meta property=\"og:site_name\" content=\"MacEwen Petroleum Inc\" \/>\n<meta property=\"article:modified_time\" content=\"2024-11-22T11:49:56+00:00\" \/>\n<meta property=\"og:image\" content=\"https:\/\/macewen.ca\/wp-content\/uploads\/2024\/05\/quickie-logo-white.png\" \/>\n\t<meta property=\"og:image:width\" content=\"500\" \/>\n\t<meta property=\"og:image:height\" content=\"183\" \/>\n\t<meta property=\"og:image:type\" content=\"image\/png\" \/>\n<meta name=\"twitter:card\" content=\"summary_large_image\" \/>\n<meta name=\"twitter:label1\" content=\"Dur\u00e9e de lecture estim\u00e9e\" \/>\n\t<meta name=\"twitter:data1\" content=\"2 minutes\" \/>\n<script type=\"application\/ld+json\" class=\"yoast-schema-graph\">{\"@context\":\"https:\\\/\\\/schema.org\",\"@graph\":[{\"@type\":\"WebPage\",\"@id\":\"https:\\\/\\\/macewen.ca\\\/fr\\\/detail\\\/quickie-stores\\\/\",\"url\":\"https:\\\/\\\/macewen.ca\\\/fr\\\/detail\\\/quickie-stores\\\/\",\"name\":\"Nos marques de depanneurs - MacEwen Petroleum Inc\",\"isPartOf\":{\"@id\":\"https:\\\/\\\/macewen.ca\\\/fr\\\/#website\"},\"primaryImageOfPage\":{\"@id\":\"https:\\\/\\\/macewen.ca\\\/fr\\\/detail\\\/quickie-stores\\\/#primaryimage\"},\"image\":{\"@id\":\"https:\\\/\\\/macewen.ca\\\/fr\\\/detail\\\/quickie-stores\\\/#primaryimage\"},\"thumbnailUrl\":\"https:\\\/\\\/macewen.ca\\\/wp-content\\\/uploads\\\/2024\\\/05\\\/quickie-logo-white.png\",\"datePublished\":\"2018-01-23T21:58:21+00:00\",\"dateModified\":\"2024-11-22T11:49:56+00:00\",\"breadcrumb\":{\"@id\":\"https:\\\/\\\/macewen.ca\\\/fr\\\/detail\\\/quickie-stores\\\/#breadcrumb\"},\"inLanguage\":\"fr-FR\",\"potentialAction\":[{\"@type\":\"ReadAction\",\"target\":[\"https:\\\/\\\/macewen.ca\\\/fr\\\/detail\\\/quickie-stores\\\/\"]}]},{\"@type\":\"ImageObject\",\"inLanguage\":\"fr-FR\",\"@id\":\"https:\\\/\\\/macewen.ca\\\/fr\\\/detail\\\/quickie-stores\\\/#primaryimage\",\"url\":\"https:\\\/\\\/macewen.ca\\\/wp-content\\\/uploads\\\/2024\\\/05\\\/quickie-logo-white.png\",\"contentUrl\":\"https:\\\/\\\/macewen.ca\\\/wp-content\\\/uploads\\\/2024\\\/05\\\/quickie-logo-white.png\",\"width\":500,\"height\":183},{\"@type\":\"BreadcrumbList\",\"@id\":\"https:\\\/\\\/macewen.ca\\\/fr\\\/detail\\\/quickie-stores\\\/#breadcrumb\",\"itemListElement\":[{\"@type\":\"ListItem\",\"position\":1,\"name\":\"Home\",\"item\":\"https:\\\/\\\/macewen.ca\\\/fr\\\/\"},{\"@type\":\"ListItem\",\"position\":2,\"name\":\"D\u00e9tail\",\"item\":\"https:\\\/\\\/macewen.ca\\\/fr\\\/retail\\\/\"},{\"@type\":\"ListItem\",\"position\":3,\"name\":\"Nos marques de depanneurs\"}]},{\"@type\":\"WebSite\",\"@id\":\"https:\\\/\\\/macewen.ca\\\/fr\\\/#website\",\"url\":\"https:\\\/\\\/macewen.ca\\\/fr\\\/\",\"name\":\"MacEwen Petroleum Inc\",\"description\":\"Providing fuel and convenience to communities across Ontario and Quebec.\",\"publisher\":{\"@id\":\"https:\\\/\\\/macewen.ca\\\/fr\\\/#organization\"},\"potentialAction\":[{\"@type\":\"SearchAction\",\"target\":{\"@type\":\"EntryPoint\",\"urlTemplate\":\"https:\\\/\\\/macewen.ca\\\/fr\\\/?s={search_term_string}\"},\"query-input\":{\"@type\":\"PropertyValueSpecification\",\"valueRequired\":true,\"valueName\":\"search_term_string\"}}],\"inLanguage\":\"fr-FR\"},{\"@type\":\"Organization\",\"@id\":\"https:\\\/\\\/macewen.ca\\\/fr\\\/#organization\",\"name\":\"MacEwen Petroleum Inc\",\"url\":\"https:\\\/\\\/macewen.ca\\\/fr\\\/\",\"logo\":{\"@type\":\"ImageObject\",\"inLanguage\":\"fr-FR\",\"@id\":\"https:\\\/\\\/macewen.ca\\\/fr\\\/#\\\/schema\\\/logo\\\/image\\\/\",\"url\":\"https:\\\/\\\/macewen.ca\\\/wp-content\\\/uploads\\\/2017\\\/12\\\/macewen-logo.svg\",\"contentUrl\":\"https:\\\/\\\/macewen.ca\\\/wp-content\\\/uploads\\\/2017\\\/12\\\/macewen-logo.svg\",\"width\":528.137,\"height\":269.904,\"caption\":\"MacEwen Petroleum Inc\"},\"image\":{\"@id\":\"https:\\\/\\\/macewen.ca\\\/fr\\\/#\\\/schema\\\/logo\\\/image\\\/\"},\"sameAs\":[\"https:\\\/\\\/ca.linkedin.com\\\/company\\\/macewen-petroleum\"]}]}<\/script>\n<!-- \/ Yoast SEO plugin. -->","yoast_head_json":{"title":"Nos marques de depanneurs - MacEwen Petroleum Inc","robots":{"index":"index","follow":"follow","max-snippet":"max-snippet:-1","max-image-preview":"max-image-preview:large","max-video-preview":"max-video-preview:-1"},"canonical":"https:\/\/macewen.ca\/fr\/detail\/quickie-stores\/","og_locale":"fr_FR","og_type":"article","og_title":"Nos marques de depanneurs - MacEwen Petroleum Inc","og_description":"\u00c0 PROPOSTout ce...","og_url":"https:\/\/macewen.ca\/fr\/detail\/quickie-stores\/","og_site_name":"MacEwen Petroleum Inc","article_modified_time":"2024-11-22T11:49:56+00:00","og_image":[{"width":500,"height":183,"url":"https:\/\/macewen.ca\/wp-content\/uploads\/2024\/05\/quickie-logo-white.png","type":"image\/png"}],"twitter_card":"summary_large_image","twitter_misc":{"Dur\u00e9e de lecture estim\u00e9e":"2 minutes"},"schema":{"@context":"https:\/\/schema.org","@graph":[{"@type":"WebPage","@id":"https:\/\/macewen.ca\/fr\/detail\/quickie-stores\/","url":"https:\/\/macewen.ca\/fr\/detail\/quickie-stores\/","name":"Nos marques de depanneurs - MacEwen Petroleum Inc","isPartOf":{"@id":"https:\/\/macewen.ca\/fr\/#website"},"primaryImageOfPage":{"@id":"https:\/\/macewen.ca\/fr\/detail\/quickie-stores\/#primaryimage"},"image":{"@id":"https:\/\/macewen.ca\/fr\/detail\/quickie-stores\/#primaryimage"},"thumbnailUrl":"https:\/\/macewen.ca\/wp-content\/uploads\/2024\/05\/quickie-logo-white.png","datePublished":"2018-01-23T21:58:21+00:00","dateModified":"2024-11-22T11:49:56+00:00","breadcrumb":{"@id":"https:\/\/macewen.ca\/fr\/detail\/quickie-stores\/#breadcrumb"},"inLanguage":"fr-FR","potentialAction":[{"@type":"ReadAction","target":["https:\/\/macewen.ca\/fr\/detail\/quickie-stores\/"]}]},{"@type":"ImageObject","inLanguage":"fr-FR","@id":"https:\/\/macewen.ca\/fr\/detail\/quickie-stores\/#primaryimage","url":"https:\/\/macewen.ca\/wp-content\/uploads\/2024\/05\/quickie-logo-white.png","contentUrl":"https:\/\/macewen.ca\/wp-content\/uploads\/2024\/05\/quickie-logo-white.png","width":500,"height":183},{"@type":"BreadcrumbList","@id":"https:\/\/macewen.ca\/fr\/detail\/quickie-stores\/#breadcrumb","itemListElement":[{"@type":"ListItem","position":1,"name":"Home","item":"https:\/\/macewen.ca\/fr\/"},{"@type":"ListItem","position":2,"name":"D\u00e9tail","item":"https:\/\/macewen.ca\/fr\/retail\/"},{"@type":"ListItem","position":3,"name":"Nos marques de depanneurs"}]},{"@type":"WebSite","@id":"https:\/\/macewen.ca\/fr\/#website","url":"https:\/\/macewen.ca\/fr\/","name":"MacEwen Petroleum Inc","description":"Providing fuel and convenience to communities across Ontario and Quebec.","publisher":{"@id":"https:\/\/macewen.ca\/fr\/#organization"},"potentialAction":[{"@type":"SearchAction","target":{"@type":"EntryPoint","urlTemplate":"https:\/\/macewen.ca\/fr\/?s={search_term_string}"},"query-input":{"@type":"PropertyValueSpecification","valueRequired":true,"valueName":"search_term_string"}}],"inLanguage":"fr-FR"},{"@type":"Organization","@id":"https:\/\/macewen.ca\/fr\/#organization","name":"MacEwen Petroleum Inc","url":"https:\/\/macewen.ca\/fr\/","logo":{"@type":"ImageObject","inLanguage":"fr-FR","@id":"https:\/\/macewen.ca\/fr\/#\/schema\/logo\/image\/","url":"https:\/\/macewen.ca\/wp-content\/uploads\/2017\/12\/macewen-logo.svg","contentUrl":"https:\/\/macewen.ca\/wp-content\/uploads\/2017\/12\/macewen-logo.svg","width":528.137,"height":269.904,"caption":"MacEwen Petroleum Inc"},"image":{"@id":"https:\/\/macewen.ca\/fr\/#\/schema\/logo\/image\/"},"sameAs":["https:\/\/ca.linkedin.com\/company\/macewen-petroleum"]}]}},"_links":{"self":[{"href":"https:\/\/macewen.ca\/fr\/wp-json\/wp\/v2\/pages\/1414","targetHints":{"allow":["GET"]}}],"collection":[{"href":"https:\/\/macewen.ca\/fr\/wp-json\/wp\/v2\/pages"}],"about":[{"href":"https:\/\/macewen.ca\/fr\/wp-json\/wp\/v2\/types\/page"}],"author":[{"embeddable":true,"href":"https:\/\/macewen.ca\/fr\/wp-json\/wp\/v2\/users\/17"}],"replies":[{"embeddable":true,"href":"https:\/\/macewen.ca\/fr\/wp-json\/wp\/v2\/comments?post=1414"}],"version-history":[{"count":5,"href":"https:\/\/macewen.ca\/fr\/wp-json\/wp\/v2\/pages\/1414\/revisions"}],"predecessor-version":[{"id":5853,"href":"https:\/\/macewen.ca\/fr\/wp-json\/wp\/v2\/pages\/1414\/revisions\/5853"}],"up":[{"embeddable":true,"href":"https:\/\/macewen.ca\/fr\/wp-json\/wp\/v2\/pages\/1404"}],"wp:featuredmedia":[{"embeddable":true,"href":"https:\/\/macewen.ca\/fr\/wp-json\/wp\/v2\/media\/5294"}],"wp:attachment":[{"href":"https:\/\/macewen.ca\/fr\/wp-json\/wp\/v2\/media?parent=1414"}],"curies":[{"name":"wp","href":"https:\/\/api.w.org\/{rel}","templated":true}]}}