{"id":1404,"date":"2017-11-27T18:55:16","date_gmt":"2017-11-27T18:55:16","guid":{"rendered":"https:\/\/macewen.staging.baytek.ca\/retail\/"},"modified":"2024-11-22T10:00:13","modified_gmt":"2024-11-22T15:00:13","slug":"detail","status":"publish","type":"page","link":"https:\/\/macewen.ca\/fr\/detail\/","title":{"rendered":"D\u00e9tail"},"content":{"rendered":"<p>[et_pb_section fb_built=\u00a0\u00bb1&Prime; module_class=\u00a0\u00bbpromotions-slider\u00a0\u00bb _builder_version=\u00a0\u00bb4.16&Prime; global_colors_info=\u00a0\u00bb{}\u00a0\u00bb][et_pb_row _builder_version=\u00a0\u00bb4.16&Prime; background_size=\u00a0\u00bbinitial\u00a0\u00bb background_position=\u00a0\u00bbtop_left\u00a0\u00bb background_repeat=\u00a0\u00bbrepeat\u00a0\u00bb global_colors_info=\u00a0\u00bb{}\u00a0\u00bb][et_pb_column type=\u00a0\u00bb4_4&Prime; _builder_version=\u00a0\u00bb4.16&Prime; custom_padding=\u00a0\u00bb|||\u00a0\u00bb global_colors_info=\u00a0\u00bb{}\u00a0\u00bb custom_padding__hover=\u00a0\u00bb|||\u00a0\u00bb][et_pb_text _builder_version=\u00a0\u00bb4.16&Prime; global_colors_info=\u00a0\u00bb{}\u00a0\u00bb]<\/p>\n\n<p>[\/et_pb_text][\/et_pb_column][\/et_pb_row][\/et_pb_section][et_pb_section fb_built=\u00a0\u00bb1&Prime; _builder_version=\u00a0\u00bb4.16&Prime; global_colors_info=\u00a0\u00bb{}\u00a0\u00bb][et_pb_row _builder_version=\u00a0\u00bb4.16&Prime; global_colors_info=\u00a0\u00bb{}\u00a0\u00bb][et_pb_column type=\u00a0\u00bb4_4&Prime; _builder_version=\u00a0\u00bb4.16&Prime; custom_padding=\u00a0\u00bb|||\u00a0\u00bb global_colors_info=\u00a0\u00bb{}\u00a0\u00bb custom_padding__hover=\u00a0\u00bb|||\u00a0\u00bb][et_pb_text admin_label=\u00a0\u00bbFind A MacEwen\u00a0\u00bb _builder_version=\u00a0\u00bb4.16&Prime; text_orientation=\u00a0\u00bbcenter\u00a0\u00bb global_colors_info=\u00a0\u00bb{}\u00a0\u00bb]<\/p>\n<h2><span class=\"eyebrow\">TROUVER UNE STATION MACEWEN<\/span>Besoin de faire le plein?<\/h2>\n<p class=\"large\">Inscrivez votre ville ou votre code postal et trouvez la station\u2011service et le magasin les plus pr\u00e8s de vous.<\/p>\n\n<div id=\"vue\">\n\t<find-place\n\t\ttype=\"station\"\n\t\tcolours=\"default\"\n\t\tprompt=\"Trouver un macewen\"\n\t\tresults-url=\"https:\/\/macewen.ca\/retail\/find-a-macewen\/\"\n\t\tpreselected=\"\"\n\t><\/find-place>\n<\/div>\n\n<p>[\/et_pb_text][\/et_pb_column][\/et_pb_row][\/et_pb_section][et_pb_section fb_built=\u00a0\u00bb1&Prime; module_class=\u00a0\u00bbwhite-overlay left\u00a0\u00bb _builder_version=\u00a0\u00bb4.16&Prime; background_image=\u00a0\u00bbhttps:\/\/macewen.ca\/wp-content\/uploads\/2023\/09\/StoreFront.jpg\u00a0\u00bb global_colors_info=\u00a0\u00bb{}\u00a0\u00bb][et_pb_row column_structure=\u00a0\u00bb1_2,1_2&Prime; _builder_version=\u00a0\u00bb4.16&Prime; background_size=\u00a0\u00bbinitial\u00a0\u00bb background_position=\u00a0\u00bbtop_left\u00a0\u00bb background_repeat=\u00a0\u00bbrepeat\u00a0\u00bb global_colors_info=\u00a0\u00bb{}\u00a0\u00bb][et_pb_column type=\u00a0\u00bb1_2&Prime; _builder_version=\u00a0\u00bb4.16&Prime; custom_padding=\u00a0\u00bb|||\u00a0\u00bb global_colors_info=\u00a0\u00bb{}\u00a0\u00bb custom_padding__hover=\u00a0\u00bb|||\u00a0\u00bb][et_pb_text admin_label=\u00a0\u00bbCarwash\u00a0\u00bb _builder_version=\u00a0\u00bb4.27.3&Prime; text_orientation=\u00a0\u00bbcenter\u00a0\u00bb module_alignment=\u00a0\u00bbcenter\u00a0\u00bb hover_enabled=\u00a0\u00bb0&Prime; global_colors_info=\u00a0\u00bb{}\u00a0\u00bb sticky_enabled=\u00a0\u00bb0&Prime;]<\/p>\n<h2><span class=\"eyebrow\">QUICKIE<\/span>\u00ab\u00a0Quickie\u00a0\u00bb<\/h2>\n<p class=\"large\">Avec une ambiance amicale et un ton l\u00e9ger, le nouveau Quickie vous accueille et vous offre plus que ce que vous attendez d\u2019un d\u00e9panneur.\u00a0 Il a toujours un sentiment de familiarit\u00e9 et de confort\u00a0\u2013 entrez\u2026 laissez-nous vous faire visiter.<\/p>\n<p>[\/et_pb_text][et_pb_button button_url=\u00a0\u00bbhttps:\/\/quickiestores.com\/fr\/\u00a0\u00bb button_text=\u00a0\u00bbEn Savoir Plus\u00a0\u00bb button_alignment=\u00a0\u00bbcenter\u00a0\u00bb admin_label=\u00a0\u00bbEn Savoir Plus\u00a0\u00bb _builder_version=\u00a0\u00bb4.16&Prime; global_colors_info=\u00a0\u00bb{}\u00a0\u00bb button_text_size__hover_enabled=\u00a0\u00bboff\u00a0\u00bb button_one_text_size__hover_enabled=\u00a0\u00bboff\u00a0\u00bb button_two_text_size__hover_enabled=\u00a0\u00bboff\u00a0\u00bb button_text_color__hover_enabled=\u00a0\u00bboff\u00a0\u00bb button_one_text_color__hover_enabled=\u00a0\u00bboff\u00a0\u00bb button_two_text_color__hover_enabled=\u00a0\u00bboff\u00a0\u00bb button_border_width__hover_enabled=\u00a0\u00bboff\u00a0\u00bb button_one_border_width__hover_enabled=\u00a0\u00bboff\u00a0\u00bb button_two_border_width__hover_enabled=\u00a0\u00bboff\u00a0\u00bb button_border_color__hover_enabled=\u00a0\u00bboff\u00a0\u00bb button_one_border_color__hover_enabled=\u00a0\u00bboff\u00a0\u00bb button_two_border_color__hover_enabled=\u00a0\u00bboff\u00a0\u00bb button_border_radius__hover_enabled=\u00a0\u00bboff\u00a0\u00bb button_one_border_radius__hover_enabled=\u00a0\u00bboff\u00a0\u00bb button_two_border_radius__hover_enabled=\u00a0\u00bboff\u00a0\u00bb button_letter_spacing__hover_enabled=\u00a0\u00bboff\u00a0\u00bb button_one_letter_spacing__hover_enabled=\u00a0\u00bboff\u00a0\u00bb button_two_letter_spacing__hover_enabled=\u00a0\u00bboff\u00a0\u00bb button_bg_color__hover_enabled=\u00a0\u00bboff\u00a0\u00bb button_one_bg_color__hover_enabled=\u00a0\u00bboff\u00a0\u00bb button_two_bg_color__hover_enabled=\u00a0\u00bboff\u00a0\u00bb][\/et_pb_button][\/et_pb_column][et_pb_column type=\u00a0\u00bb1_2&Prime; _builder_version=\u00a0\u00bb4.16&Prime; custom_padding=\u00a0\u00bb|||\u00a0\u00bb global_colors_info=\u00a0\u00bb{}\u00a0\u00bb custom_padding__hover=\u00a0\u00bb|||\u00a0\u00bb][\/et_pb_column][\/et_pb_row][\/et_pb_section][et_pb_section fb_built=\u00a0\u00bb1&Prime; module_class=\u00a0\u00bbwhite-overlay left\u00a0\u00bb _builder_version=\u00a0\u00bb4.16&Prime; background_image=\u00a0\u00bbhttps:\/\/macewen.ca\/wp-content\/uploads\/2018\/01\/carwash.jpg\u00a0\u00bb global_colors_info=\u00a0\u00bb{}\u00a0\u00bb][et_pb_row column_structure=\u00a0\u00bb1_2,1_2&Prime; _builder_version=\u00a0\u00bb4.16&Prime; background_size=\u00a0\u00bbinitial\u00a0\u00bb background_position=\u00a0\u00bbtop_left\u00a0\u00bb background_repeat=\u00a0\u00bbrepeat\u00a0\u00bb global_colors_info=\u00a0\u00bb{}\u00a0\u00bb][et_pb_column type=\u00a0\u00bb1_2&Prime; _builder_version=\u00a0\u00bb4.16&Prime; custom_padding=\u00a0\u00bb|||\u00a0\u00bb global_colors_info=\u00a0\u00bb{}\u00a0\u00bb custom_padding__hover=\u00a0\u00bb|||\u00a0\u00bb][et_pb_text admin_label=\u00a0\u00bbCarwash\u00a0\u00bb _builder_version=\u00a0\u00bb4.16&Prime; text_orientation=\u00a0\u00bbcenter\u00a0\u00bb module_alignment=\u00a0\u00bbcenter\u00a0\u00bb global_colors_info=\u00a0\u00bb{}\u00a0\u00bb]<\/p>\n<h2><span class=\"eyebrow\">LAVE\u2011AUTO<\/span>C\u2019est le temps d\u2019un lavage?<\/h2>\n<p class=\"large\">\u00c0 MacEwen, nous sommes fiers d\u2019avoir les magasins et les stations d\u2019essence les plus propres au Canada, une qualit\u00e9 \u00e0 laquelle nos clients en sont venus \u00e0 s\u2019attendre. Nos lave-autos efficaces respectent la m\u00eame norme impeccable.<\/p>\n<p>[\/et_pb_text][et_pb_button button_url=\u00a0\u00bb\/fr\/detail\/lave-auto\/\u00a0\u00bb button_text=\u00a0\u00bbEn Savoir Plus\u00a0\u00bb button_alignment=\u00a0\u00bbcenter\u00a0\u00bb admin_label=\u00a0\u00bbEn Savoir Plus\u00a0\u00bb _builder_version=\u00a0\u00bb4.16&Prime; global_colors_info=\u00a0\u00bb{}\u00a0\u00bb button_text_size__hover_enabled=\u00a0\u00bboff\u00a0\u00bb button_one_text_size__hover_enabled=\u00a0\u00bboff\u00a0\u00bb button_two_text_size__hover_enabled=\u00a0\u00bboff\u00a0\u00bb button_text_color__hover_enabled=\u00a0\u00bboff\u00a0\u00bb button_one_text_color__hover_enabled=\u00a0\u00bboff\u00a0\u00bb button_two_text_color__hover_enabled=\u00a0\u00bboff\u00a0\u00bb button_border_width__hover_enabled=\u00a0\u00bboff\u00a0\u00bb button_one_border_width__hover_enabled=\u00a0\u00bboff\u00a0\u00bb button_two_border_width__hover_enabled=\u00a0\u00bboff\u00a0\u00bb button_border_color__hover_enabled=\u00a0\u00bboff\u00a0\u00bb button_one_border_color__hover_enabled=\u00a0\u00bboff\u00a0\u00bb button_two_border_color__hover_enabled=\u00a0\u00bboff\u00a0\u00bb button_border_radius__hover_enabled=\u00a0\u00bboff\u00a0\u00bb button_one_border_radius__hover_enabled=\u00a0\u00bboff\u00a0\u00bb button_two_border_radius__hover_enabled=\u00a0\u00bboff\u00a0\u00bb button_letter_spacing__hover_enabled=\u00a0\u00bboff\u00a0\u00bb button_one_letter_spacing__hover_enabled=\u00a0\u00bboff\u00a0\u00bb button_two_letter_spacing__hover_enabled=\u00a0\u00bboff\u00a0\u00bb button_bg_color__hover_enabled=\u00a0\u00bboff\u00a0\u00bb button_one_bg_color__hover_enabled=\u00a0\u00bboff\u00a0\u00bb button_two_bg_color__hover_enabled=\u00a0\u00bboff\u00a0\u00bb][\/et_pb_button][\/et_pb_column][et_pb_column type=\u00a0\u00bb1_2&Prime; _builder_version=\u00a0\u00bb4.16&Prime; custom_padding=\u00a0\u00bb|||\u00a0\u00bb global_colors_info=\u00a0\u00bb{}\u00a0\u00bb custom_padding__hover=\u00a0\u00bb|||\u00a0\u00bb][\/et_pb_column][\/et_pb_row][\/et_pb_section][et_pb_section fb_built=\u00a0\u00bb1&Prime; _builder_version=\u00a0\u00bb4.16&Prime; global_colors_info=\u00a0\u00bb{}\u00a0\u00bb][et_pb_row column_structure=\u00a0\u00bb1_2,1_2&Prime; module_class=\u00a0\u00bbmedium-centered\u00a0\u00bb _builder_version=\u00a0\u00bb4.16&Prime; global_colors_info=\u00a0\u00bb{}\u00a0\u00bb][et_pb_column type=\u00a0\u00bb1_2&Prime; _builder_version=\u00a0\u00bb4.16&Prime; custom_padding=\u00a0\u00bb|||\u00a0\u00bb global_colors_info=\u00a0\u00bb{}\u00a0\u00bb custom_padding__hover=\u00a0\u00bb|||\u00a0\u00bb][et_pb_image src=\u00a0\u00bbhttps:\/\/macewen.ca\/wp-content\/uploads\/2024\/04\/gift-card.jpg\u00a0\u00bb title_text=\u00a0\u00bbgift-card\u00a0\u00bb align=\u00a0\u00bbcenter\u00a0\u00bb align_tablet=\u00a0\u00bbcenter\u00a0\u00bb align_phone=\u00a0\u00bbcenter\u00a0\u00bb align_last_edited=\u00a0\u00bbon|desktop\u00a0\u00bb admin_label=\u00a0\u00bbImage\u00a0\u00bb _builder_version=\u00a0\u00bb4.16&Prime; border_radii=\u00a0\u00bbon|10px|10px|10px|10px\u00a0\u00bb box_shadow_style=\u00a0\u00bbpreset1&Prime; always_center_on_mobile=\u00a0\u00bbon\u00a0\u00bb global_colors_info=\u00a0\u00bb{}\u00a0\u00bb][\/et_pb_image][\/et_pb_column][et_pb_column type=\u00a0\u00bb1_2&Prime; _builder_version=\u00a0\u00bb4.16&Prime; custom_padding=\u00a0\u00bb|||\u00a0\u00bb global_colors_info=\u00a0\u00bb{}\u00a0\u00bb custom_padding__hover=\u00a0\u00bb|||\u00a0\u00bb][et_pb_text admin_label=\u00a0\u00bbCARTES\u2011CADEAUX\u00a0\u00bb _builder_version=\u00a0\u00bb4.16&Prime; text_orientation=\u00a0\u00bbcenter\u00a0\u00bb module_alignment=\u00a0\u00bbcenter\u00a0\u00bb global_colors_info=\u00a0\u00bb{}\u00a0\u00bb]<\/p>\n<h2><span class=\"eyebrow\">CARTES\u2011CADEAUXOffrez-lui plus de commodit\u00e9 \u200b<\/span><\/h2>\n<p class=\"large\">Offrez-lui un cadeau qui lui servira <em>forc\u00e9ment<\/em>! Les cartes-cadeaux MacEwen peuvent \u00eatre utilis\u00e9es pour l\u2019achat de carburant, de collations ou pour un lavage de voiture dans n\u2019importe quel MacEwen ou <a href=\"https:\/\/quickiestores.com\/fr\/\" target=\"_blank\" rel=\"noopener\">Quickie<\/a>.<\/p>\n<p>[\/et_pb_text][et_pb_button button_url=\u00a0\u00bb\/fr\/detail\/cartes\u2011cadeaux\/\u00a0\u00bb button_text=\u00a0\u00bbEn Savoir Plus\u00a0\u00bb button_alignment=\u00a0\u00bbcenter\u00a0\u00bb admin_label=\u00a0\u00bbEn Savoir Plus\u00a0\u00bb _builder_version=\u00a0\u00bb4.16&Prime; global_colors_info=\u00a0\u00bb{}\u00a0\u00bb button_text_size__hover_enabled=\u00a0\u00bboff\u00a0\u00bb button_one_text_size__hover_enabled=\u00a0\u00bboff\u00a0\u00bb button_two_text_size__hover_enabled=\u00a0\u00bboff\u00a0\u00bb button_text_color__hover_enabled=\u00a0\u00bboff\u00a0\u00bb button_one_text_color__hover_enabled=\u00a0\u00bboff\u00a0\u00bb button_two_text_color__hover_enabled=\u00a0\u00bboff\u00a0\u00bb button_border_width__hover_enabled=\u00a0\u00bboff\u00a0\u00bb button_one_border_width__hover_enabled=\u00a0\u00bboff\u00a0\u00bb button_two_border_width__hover_enabled=\u00a0\u00bboff\u00a0\u00bb button_border_color__hover_enabled=\u00a0\u00bboff\u00a0\u00bb button_one_border_color__hover_enabled=\u00a0\u00bboff\u00a0\u00bb button_two_border_color__hover_enabled=\u00a0\u00bboff\u00a0\u00bb button_border_radius__hover_enabled=\u00a0\u00bboff\u00a0\u00bb button_one_border_radius__hover_enabled=\u00a0\u00bboff\u00a0\u00bb button_two_border_radius__hover_enabled=\u00a0\u00bboff\u00a0\u00bb button_letter_spacing__hover_enabled=\u00a0\u00bboff\u00a0\u00bb button_one_letter_spacing__hover_enabled=\u00a0\u00bboff\u00a0\u00bb button_two_letter_spacing__hover_enabled=\u00a0\u00bboff\u00a0\u00bb button_bg_color__hover_enabled=\u00a0\u00bboff\u00a0\u00bb button_one_bg_color__hover_enabled=\u00a0\u00bboff\u00a0\u00bb button_two_bg_color__hover_enabled=\u00a0\u00bboff\u00a0\u00bb][\/et_pb_button][\/et_pb_column][\/et_pb_row][\/et_pb_section]<\/p>\n","protected":false},"excerpt":{"rendered":"<p>TROUVER UNE&#8230;<\/p>\n","protected":false},"author":17,"featured_media":0,"parent":0,"menu_order":0,"comment_status":"closed","ping_status":"closed","template":"tpl-no-hero.php","meta":{"_et_pb_use_builder":"on","_et_pb_old_content":"","_et_gb_content_width":"","footnotes":""},"class_list":["post-1404","page","type-page","status-publish","hentry"],"yoast_head":"<!-- This site is optimized with the Yoast SEO plugin v27.4 - https:\/\/yoast.com\/product\/yoast-seo-wordpress\/ -->\n<title>D\u00e9tail - MacEwen Petroleum Inc<\/title>\n<meta name=\"description\" content=\"D\u00e9couvrez les solutions de vente au d\u00e9tail MacEwen, y compris des carburants de qualit\u00e9 et des services de proximit\u00e9 dans nos stations-service.\" \/>\n<meta name=\"robots\" content=\"index, follow, max-snippet:-1, max-image-preview:large, max-video-preview:-1\" \/>\n<link rel=\"canonical\" href=\"https:\/\/macewen.ca\/fr\/detail\/\" \/>\n<meta property=\"og:locale\" content=\"fr_FR\" \/>\n<meta property=\"og:type\" content=\"article\" \/>\n<meta property=\"og:title\" content=\"D\u00e9tail - MacEwen Petroleum Inc\" \/>\n<meta property=\"og:description\" content=\"D\u00e9couvrez les solutions de vente au d\u00e9tail MacEwen, y compris des carburants de qualit\u00e9 et des services de proximit\u00e9 dans nos stations-service.\" \/>\n<meta property=\"og:url\" content=\"https:\/\/macewen.ca\/fr\/detail\/\" \/>\n<meta property=\"og:site_name\" content=\"MacEwen Petroleum Inc\" \/>\n<meta property=\"article:modified_time\" content=\"2024-11-22T15:00:13+00:00\" \/>\n<meta name=\"twitter:card\" content=\"summary_large_image\" \/>\n<meta name=\"twitter:label1\" content=\"Dur\u00e9e de lecture estim\u00e9e\" \/>\n\t<meta name=\"twitter:data1\" content=\"2 minutes\" \/>\n<script type=\"application\/ld+json\" class=\"yoast-schema-graph\">{\"@context\":\"https:\\\/\\\/schema.org\",\"@graph\":[{\"@type\":\"WebPage\",\"@id\":\"https:\\\/\\\/macewen.ca\\\/fr\\\/detail\\\/\",\"url\":\"https:\\\/\\\/macewen.ca\\\/fr\\\/detail\\\/\",\"name\":\"D\u00e9tail - MacEwen Petroleum Inc\",\"isPartOf\":{\"@id\":\"https:\\\/\\\/macewen.ca\\\/fr\\\/#website\"},\"datePublished\":\"2017-11-27T18:55:16+00:00\",\"dateModified\":\"2024-11-22T15:00:13+00:00\",\"description\":\"D\u00e9couvrez les solutions de vente au d\u00e9tail MacEwen, y compris des carburants de qualit\u00e9 et des services de proximit\u00e9 dans nos stations-service.\",\"breadcrumb\":{\"@id\":\"https:\\\/\\\/macewen.ca\\\/fr\\\/detail\\\/#breadcrumb\"},\"inLanguage\":\"fr-FR\",\"potentialAction\":[{\"@type\":\"ReadAction\",\"target\":[\"https:\\\/\\\/macewen.ca\\\/fr\\\/detail\\\/\"]}]},{\"@type\":\"BreadcrumbList\",\"@id\":\"https:\\\/\\\/macewen.ca\\\/fr\\\/detail\\\/#breadcrumb\",\"itemListElement\":[{\"@type\":\"ListItem\",\"position\":1,\"name\":\"Home\",\"item\":\"https:\\\/\\\/macewen.ca\\\/fr\\\/\"},{\"@type\":\"ListItem\",\"position\":2,\"name\":\"D\u00e9tail\"}]},{\"@type\":\"WebSite\",\"@id\":\"https:\\\/\\\/macewen.ca\\\/fr\\\/#website\",\"url\":\"https:\\\/\\\/macewen.ca\\\/fr\\\/\",\"name\":\"MacEwen Petroleum Inc\",\"description\":\"Providing fuel and convenience to communities across Ontario and Quebec.\",\"publisher\":{\"@id\":\"https:\\\/\\\/macewen.ca\\\/fr\\\/#organization\"},\"potentialAction\":[{\"@type\":\"SearchAction\",\"target\":{\"@type\":\"EntryPoint\",\"urlTemplate\":\"https:\\\/\\\/macewen.ca\\\/fr\\\/?s={search_term_string}\"},\"query-input\":{\"@type\":\"PropertyValueSpecification\",\"valueRequired\":true,\"valueName\":\"search_term_string\"}}],\"inLanguage\":\"fr-FR\"},{\"@type\":\"Organization\",\"@id\":\"https:\\\/\\\/macewen.ca\\\/fr\\\/#organization\",\"name\":\"MacEwen Petroleum Inc\",\"url\":\"https:\\\/\\\/macewen.ca\\\/fr\\\/\",\"logo\":{\"@type\":\"ImageObject\",\"inLanguage\":\"fr-FR\",\"@id\":\"https:\\\/\\\/macewen.ca\\\/fr\\\/#\\\/schema\\\/logo\\\/image\\\/\",\"url\":\"https:\\\/\\\/macewen.ca\\\/wp-content\\\/uploads\\\/2017\\\/12\\\/macewen-logo.svg\",\"contentUrl\":\"https:\\\/\\\/macewen.ca\\\/wp-content\\\/uploads\\\/2017\\\/12\\\/macewen-logo.svg\",\"width\":528.137,\"height\":269.904,\"caption\":\"MacEwen Petroleum Inc\"},\"image\":{\"@id\":\"https:\\\/\\\/macewen.ca\\\/fr\\\/#\\\/schema\\\/logo\\\/image\\\/\"},\"sameAs\":[\"https:\\\/\\\/ca.linkedin.com\\\/company\\\/macewen-petroleum\"]}]}<\/script>\n<!-- \/ Yoast SEO plugin. -->","yoast_head_json":{"title":"D\u00e9tail - MacEwen Petroleum Inc","description":"D\u00e9couvrez les solutions de vente au d\u00e9tail MacEwen, y compris des carburants de qualit\u00e9 et des services de proximit\u00e9 dans nos stations-service.","robots":{"index":"index","follow":"follow","max-snippet":"max-snippet:-1","max-image-preview":"max-image-preview:large","max-video-preview":"max-video-preview:-1"},"canonical":"https:\/\/macewen.ca\/fr\/detail\/","og_locale":"fr_FR","og_type":"article","og_title":"D\u00e9tail - MacEwen Petroleum Inc","og_description":"D\u00e9couvrez les solutions de vente au d\u00e9tail MacEwen, y compris des carburants de qualit\u00e9 et des services de proximit\u00e9 dans nos stations-service.","og_url":"https:\/\/macewen.ca\/fr\/detail\/","og_site_name":"MacEwen Petroleum Inc","article_modified_time":"2024-11-22T15:00:13+00:00","twitter_card":"summary_large_image","twitter_misc":{"Dur\u00e9e de lecture estim\u00e9e":"2 minutes"},"schema":{"@context":"https:\/\/schema.org","@graph":[{"@type":"WebPage","@id":"https:\/\/macewen.ca\/fr\/detail\/","url":"https:\/\/macewen.ca\/fr\/detail\/","name":"D\u00e9tail - MacEwen Petroleum Inc","isPartOf":{"@id":"https:\/\/macewen.ca\/fr\/#website"},"datePublished":"2017-11-27T18:55:16+00:00","dateModified":"2024-11-22T15:00:13+00:00","description":"D\u00e9couvrez les solutions de vente au d\u00e9tail MacEwen, y compris des carburants de qualit\u00e9 et des services de proximit\u00e9 dans nos stations-service.","breadcrumb":{"@id":"https:\/\/macewen.ca\/fr\/detail\/#breadcrumb"},"inLanguage":"fr-FR","potentialAction":[{"@type":"ReadAction","target":["https:\/\/macewen.ca\/fr\/detail\/"]}]},{"@type":"BreadcrumbList","@id":"https:\/\/macewen.ca\/fr\/detail\/#breadcrumb","itemListElement":[{"@type":"ListItem","position":1,"name":"Home","item":"https:\/\/macewen.ca\/fr\/"},{"@type":"ListItem","position":2,"name":"D\u00e9tail"}]},{"@type":"WebSite","@id":"https:\/\/macewen.ca\/fr\/#website","url":"https:\/\/macewen.ca\/fr\/","name":"MacEwen Petroleum Inc","description":"Providing fuel and convenience to communities across Ontario and Quebec.","publisher":{"@id":"https:\/\/macewen.ca\/fr\/#organization"},"potentialAction":[{"@type":"SearchAction","target":{"@type":"EntryPoint","urlTemplate":"https:\/\/macewen.ca\/fr\/?s={search_term_string}"},"query-input":{"@type":"PropertyValueSpecification","valueRequired":true,"valueName":"search_term_string"}}],"inLanguage":"fr-FR"},{"@type":"Organization","@id":"https:\/\/macewen.ca\/fr\/#organization","name":"MacEwen Petroleum Inc","url":"https:\/\/macewen.ca\/fr\/","logo":{"@type":"ImageObject","inLanguage":"fr-FR","@id":"https:\/\/macewen.ca\/fr\/#\/schema\/logo\/image\/","url":"https:\/\/macewen.ca\/wp-content\/uploads\/2017\/12\/macewen-logo.svg","contentUrl":"https:\/\/macewen.ca\/wp-content\/uploads\/2017\/12\/macewen-logo.svg","width":528.137,"height":269.904,"caption":"MacEwen Petroleum Inc"},"image":{"@id":"https:\/\/macewen.ca\/fr\/#\/schema\/logo\/image\/"},"sameAs":["https:\/\/ca.linkedin.com\/company\/macewen-petroleum"]}]}},"_links":{"self":[{"href":"https:\/\/macewen.ca\/fr\/wp-json\/wp\/v2\/pages\/1404","targetHints":{"allow":["GET"]}}],"collection":[{"href":"https:\/\/macewen.ca\/fr\/wp-json\/wp\/v2\/pages"}],"about":[{"href":"https:\/\/macewen.ca\/fr\/wp-json\/wp\/v2\/types\/page"}],"author":[{"embeddable":true,"href":"https:\/\/macewen.ca\/fr\/wp-json\/wp\/v2\/users\/17"}],"replies":[{"embeddable":true,"href":"https:\/\/macewen.ca\/fr\/wp-json\/wp\/v2\/comments?post=1404"}],"version-history":[{"count":5,"href":"https:\/\/macewen.ca\/fr\/wp-json\/wp\/v2\/pages\/1404\/revisions"}],"predecessor-version":[{"id":5919,"href":"https:\/\/macewen.ca\/fr\/wp-json\/wp\/v2\/pages\/1404\/revisions\/5919"}],"wp:attachment":[{"href":"https:\/\/macewen.ca\/fr\/wp-json\/wp\/v2\/media?parent=1404"}],"curies":[{"name":"wp","href":"https:\/\/api.w.org\/{rel}","templated":true}]}}